{"id":3331,"date":"2023-06-05T16:26:22","date_gmt":"2023-06-05T15:26:22","guid":{"rendered":"https:\/\/www.essai.heurtevent.fr\/?page_id=3331"},"modified":"2024-01-04T15:49:02","modified_gmt":"2024-01-04T14:49:02","slug":"mobil-home-seychelles","status":"publish","type":"page","link":"https:\/\/www.essai.heurtevent.fr\/es\/alojamientos\/mobil-home-seychelles\/","title":{"rendered":"Mobil home SEYCHELLE"},"content":{"rendered":"<div class=\"wpb-content-wrapper\"><p>[vc_row][vc_column][vc_empty_space][vc_column_text]<\/p>\n<h1>Mobil home SEYCHELLE<\/h1>\n<p>[\/vc_column_text][\/vc_column][\/vc_row][vc_row][vc_column offset=\u00bbvc_col-lg-8 vc_col-md-8 vc_col-xs-12&#8243;][vc_empty_space][vc_column_text]<\/p>\n<h3>Su alquiler de mobil-home en Normand\u00eda para 4 personas<\/h3>\n<p>(los ni\u00f1os y los beb\u00e9s se consideran personas de pleno derecho).<\/p>\n<p>NUEVO: Su mobil-home de 2 dormitorios para 4 personas con una terraza cubierta de 15 m2 y todas las comodidades modernas.<\/p>\n<p>La casa m\u00f3vil Seychelle es la garant\u00eda de un alojamiento acogedor y funcional con una vista de 180\u00b0 sobre el Sena.<\/p>\n<p>casa m\u00f3vil con televisi\u00f3n.<\/p>\n<p>DESTACAR: + moderno, + espacioso, + luminoso.[\/vc_column_text][vc_empty_space][vc_column_text]<a href=\"https:\/\/www.essai.heurtevent.fr\/wp-content\/uploads\/2015\/11\/Camping-normandie.png\" data-dt-img-description=\"\"><img loading=\"lazy\" decoding=\"async\" class=\"aligncenter wp-image-563\" src=\"https:\/\/www.essai.heurtevent.fr\/wp-content\/uploads\/2015\/11\/Camping-normandie.png\" alt=\"Camping normandie\" width=\"101\" height=\"58\" \/><\/a>[\/vc_column_text][vc_column_text]<\/p>\n<h3 class=\"aze\">Mobil home Normandie TARIFAS<\/h3>\n<p>[\/vc_column_text][vc_empty_space][vc_raw_html]JTNDY3R2LXByb2R1Y3QlMjBkYXRhLXByb2R1Y3QtaWQlM0QlMjcxMTYzMjUlMjclMjBkYXRhLWZ1bGwlM0QlMjd0cnVlJTI3JTIwJTNFJTNDJTJGY3R2LXByb2R1Y3QlM0U=[\/vc_raw_html][vc_empty_space][\/vc_column][vc_column offset=\u00bbvc_col-lg-4 vc_col-md-4 vc_col-xs-12&#8243;][vc_column_text el_class=\u00bbblocheb\u00bb]<\/p>\n<h3 style=\"text-align: center;\">DESDE<\/h3>\n<p style=\"text-align: center;\"><span style=\"color: #ff9900; font-size: 60px;\">405 \u20ac<\/span><\/p>\n<p style=\"text-align: center;\"><span style=\"color: #ff9900;\">_________________________________<\/span><\/p>\n<p style=\"text-align: center;\"><span style=\"color: #999999;\">por semana<\/span><\/p>\n<p style=\"text-align: center;\"><a href=\"https:\/\/bookingpremium.secureholiday.net\/en\/2735\/search\/product\/116325\" class=\"btn-shortcode dt-btn-l dt-btn default-btn-color default-btn-hover-color default-btn-bg-color default-btn-bg-hover-color\" target=\"_blank\" id=\"dt-btn-1\" rel=\"noopener\"><span>BOOKING<\/span><\/a><\/p>\n<p style=\"text-align: center;\">02 35 96 26 38<\/p>\n<p>[\/vc_column_text][vc_empty_space][vc_column_text]<\/p>\n<h2>Mobil home SEYCHELLE 2 habitaciones &#8211; 29 m2<\/h2>\n<p>NUEVA casa m\u00f3vil &#8211; \u00a1servicios de primera![\/vc_column_text][vc_empty_space][vc_column_text]<\/p>\n<p style=\"text-align: center;\"><strong>T\u00e9l\u00e9chargements<\/strong><\/p>\n<p style=\"text-align: center;\"><a href=\"https:\/\/www.essai.heurtevent.fr\/wp-content\/uploads\/tarif-camping-normandie.pdf\" target=\"_blank\" rel=\"noopener noreferrer\" data-dt-img-description=\"\"><img loading=\"lazy\" decoding=\"async\" class=\"ombre aligncenter wp-image-538 size-full\" src=\"https:\/\/www.essai.heurtevent.fr\/wp-content\/uploads\/2015\/11\/tarif-camping-normandie.png\" alt=\"tarif camping normandie\" width=\"300\" height=\"54\" \/><\/a><br \/>\n<a href=\"https:\/\/www.essai.heurtevent.fr\/wp-content\/uploads\/plan-camping-haute-normandie.pdf\" target=\"_blank\" rel=\"noopener noreferrer\" data-dt-img-description=\"\"><img loading=\"lazy\" decoding=\"async\" class=\"ombre aligncenter wp-image-537 size-full\" src=\"https:\/\/www.essai.heurtevent.fr\/wp-content\/uploads\/2015\/11\/plan-du-camping.png\" alt=\"plan du camping\" width=\"300\" height=\"54\" \/><\/a><br \/>\n<a href=\"https:\/\/www.essai.heurtevent.fr\/wp-content\/uploads\/contrat-location-camping-normandie2.pdf\" target=\"_blank\" rel=\"noopener noreferrer\" data-dt-img-description=\"\"><img loading=\"lazy\" decoding=\"async\" class=\"ombre aligncenter wp-image-536 size-full\" src=\"https:\/\/www.essai.heurtevent.fr\/wp-content\/uploads\/2015\/11\/contrat-location-camping-normandie.png\" alt=\"contrat location camping normandie\" width=\"300\" height=\"54\" \/><\/a>[\/vc_column_text][\/vc_column][\/vc_row][vc_row][vc_column][vc_column_text]<\/p>\n<p style=\"text-align: center;\"><strong>Alquiler en temporada alta, del s\u00e1bado de 16.00 a 19.00 h, al s\u00e1bado siguiente, salida antes de las 10.00 h EXCEPTO ARMADA<\/strong><\/p>\n<p style=\"text-align: center;\"><strong>Alquiler en temporada baja, del s\u00e1bado de 16.00 a 18.00 horas, al s\u00e1bado siguiente, salida antes de las 10.00 horas.<\/strong><\/p>\n<h3>Costes adicionales:<\/h3>\n<p>Tasa de reserva: 24,00 euros para alquileres semanales y superiores<br \/>\nTasa de reserva: 13,00 euros para alquileres de fin de semana o entre semana.<\/p>\n<p><strong>Tasa tur\u00edstica a partir de 18 a\u00f1os<\/strong><br \/>\nTasa tur\u00edstica 0,50 \u20ac +\u00a0 Eco participaci\u00f3n residuos dom\u00e9sticos:\u00a0\u00a00,50\u20ac \u00a0= 1,00 \u20ac \/ por persona<\/p>\n<p><strong>Taxe de s\u00e9jour &#8211; 18 ans<br \/>\n<\/strong>Taxe de s\u00e9jour\u00a00<span class=\"Apple-converted-space\">\u00a0\u20ac\u00a0<\/span>+<span class=\"Apple-converted-space\">\u00a0 Eco participation<\/span>\u00a0d\u00e9chets m\u00e9nagers:<span class=\"Apple-converted-space\">\u00a00,50<\/span>\u20ac \u00a0=0,50 \u20ac \/ por persona<\/p>\n<p><strong>Precauciones<\/strong> : Alquiler: 250 \u20ac + fianza de limpieza: 80 \u20ac.<\/p>\n<p>Todos los visitantes que accedan al camping deber\u00e1n abonar una tasa de entrada de 6,00 euros.<\/p>\n<h3>Extras opcionales<\/h3>\n<table>\n<thead>\n<tr>\n<th style=\"color: hsl(99, 71%, 27%);\"><\/th>\n<th style=\"text-align: center;\">Paquete de limpieza<\/th>\n<th style=\"text-align: center;\">remolque adicional, coche o moto<\/th>\n<th style=\"text-align: center;\">S\u00e1banas para 1 persona<\/th>\n<th style=\"text-align: center;\">S\u00e1banas para 2 personas<\/th>\n<\/tr>\n<\/thead>\n<tbody>\n<tr>\n<th><strong>Suplementos en euros<\/strong><\/th>\n<td>65,00<\/td>\n<td>4,00<\/td>\n<td>8,50<\/td>\n<td>10,00<\/td>\n<\/tr>\n<\/tbody>\n<\/table>\n<p><strong>Nota: Si contrata un paquete de limpieza, le recordamos que debe lavar la vajilla y vaciar y eliminar la basura;<\/strong>[\/vc_column_text][\/vc_column][\/vc_row][vc_row][vc_column][vc_empty_space][vc_column_text]<a href=\"https:\/\/www.essai.heurtevent.fr\/wp-content\/uploads\/2015\/11\/Camping-normandie.png\" data-dt-img-description=\"\"><img loading=\"lazy\" decoding=\"async\" class=\"aligncenter wp-image-563\" src=\"https:\/\/www.essai.heurtevent.fr\/wp-content\/uploads\/2015\/11\/Camping-normandie.png\" alt=\"Camping normandie\" width=\"101\" height=\"58\" \/><\/a>[\/vc_column_text][vc_column_text]<\/p>\n<h3 class=\"aze\">Informaci\u00f3n pr\u00e1ctica<\/h3>\n<p>[\/vc_column_text][vc_empty_space][\/vc_column][\/vc_row][vc_row bg_type=\u00bbbg_color\u00bb bg_override=\u00bbfull\u00bb bg_color_value=\u00bb#c5e8f8&#8243;][vc_column offset=\u00bbvc_col-lg-6 vc_col-md-6 vc_col-xs-12&#8243; el_class=\u00bbrangeetop30&#8243;][vc_column_text]<\/p>\n<h2>Mobile home SEYCHELLE &#8211; Detalles del alquiler<\/h2>\n<p>29 m2 habitables, 4 plazas con terraza cubierta<\/p>\n<ul>\n<li>2 dormitorios, sal\u00f3n con mesa, 2 sillas y sof\u00e1 cama<\/li>\n<li>Cuarto de ba\u00f1o con ducha y lavabo, WC separado<\/li>\n<li>Cocina con frigor\u00edfico de gran capacidad, campana extractora, placa de cocci\u00f3n, fregadero, encimera, armarios y calentador de agua.<\/li>\n<\/ul>\n<p>[\/vc_column_text][\/vc_column][vc_column offset=\u00bbvc_col-lg-6 vc_col-md-6 vc_col-xs-12&#8243; el_class=\u00bbrangeetop30&#8243;][vc_column_text]<\/p>\n<h3>Informaci\u00f3n adicional sobre el alquiler de autocaravanas<\/h3>\n<p><span style=\"text-decoration: underline;\">Las tarifas incluyen<\/span> :<\/p>\n<ul>\n<li>alquiler de una casa m\u00f3vil totalmente equipada, consumo de agua y electricidad<\/li>\n<li>acceso a la piscina, juegos<\/li>\n<\/ul>\n<p><span style=\"text-decoration: underline;\">Las tarifas no incluyen<\/span>:<\/p>\n<ul>\n<li>tasa tur\u00edstica y ecotasa<\/li>\n<li>s\u00e1banas y ropa de hogar, alquiler de s\u00e1banas disponible<\/li>\n<\/ul>\n<p>[\/vc_column_text][\/vc_column][\/vc_row]<\/p>\n<\/div>","protected":false},"excerpt":{"rendered":"<p>[vc_row][vc_column][vc_empty_space][vc_column_text] Mobil home SEYCHELLE [\/vc_column_text][\/vc_column][\/vc_row][vc_row][vc_column offset=\u00bbvc_col-lg-8 vc_col-md-8 vc_col-xs-12&#8243;][vc_empty_space][vc_column_text] Su alquiler de mobil-home en Normand\u00eda para 4 personas (los ni\u00f1os y los beb\u00e9s se consideran personas de pleno derecho). NUEVO: Su mobil-home de 2 dormitorios para 4 personas con una terraza cubierta de 15 m2 y todas las comodidades modernas. La casa m\u00f3vil Seychelle es la&hellip;<\/p>\n","protected":false},"author":1,"featured_media":0,"parent":1597,"menu_order":0,"comment_status":"closed","ping_status":"closed","template":"","meta":{"footnotes":""},"class_list":["post-3331","page","type-page","status-publish","hentry","description-off"],"yoast_head":"<!-- This site is optimized with the Yoast SEO plugin v25.6 - https:\/\/yoast.com\/wordpress\/plugins\/seo\/ -->\n<title>Mobil home SEYCHELLE - barreyva<\/title>\n<meta name=\"robots\" content=\"index, follow, max-snippet:-1, max-image-preview:large, max-video-preview:-1\" \/>\n<link rel=\"canonical\" href=\"https:\/\/www.essai.heurtevent.fr\/es\/alojamientos\/mobil-home-seychelles\/\" \/>\n<meta property=\"og:locale\" content=\"es_ES\" \/>\n<meta property=\"og:type\" content=\"article\" \/>\n<meta property=\"og:title\" content=\"Mobil home SEYCHELLE - barreyva\" \/>\n<meta property=\"og:description\" content=\"[vc_row][vc_column][vc_empty_space][vc_column_text] Mobil home SEYCHELLE [\/vc_column_text][\/vc_column][\/vc_row][vc_row][vc_column offset=\u00bbvc_col-lg-8 vc_col-md-8 vc_col-xs-12&#8243;][vc_empty_space][vc_column_text] Su alquiler de mobil-home en Normand\u00eda para 4 personas (los ni\u00f1os y los beb\u00e9s se consideran personas de pleno derecho). NUEVO: Su mobil-home de 2 dormitorios para 4 personas con una terraza cubierta de 15 m2 y todas las comodidades modernas. La casa m\u00f3vil Seychelle es la&hellip;\" \/>\n<meta property=\"og:url\" content=\"https:\/\/www.essai.heurtevent.fr\/es\/alojamientos\/mobil-home-seychelles\/\" \/>\n<meta property=\"og:site_name\" content=\"barreyva\" \/>\n<meta property=\"article:modified_time\" content=\"2024-01-04T14:49:02+00:00\" \/>\n<meta property=\"og:image\" content=\"https:\/\/www.essai.heurtevent.fr\/wp-content\/uploads\/2015\/11\/Camping-normandie.png\" \/>\n<meta name=\"twitter:card\" content=\"summary_large_image\" \/>\n<meta name=\"twitter:label1\" content=\"Tiempo de lectura\" \/>\n\t<meta name=\"twitter:data1\" content=\"5 minutos\" \/>\n<script type=\"application\/ld+json\" class=\"yoast-schema-graph\">{\"@context\":\"https:\/\/schema.org\",\"@graph\":[{\"@type\":\"WebPage\",\"@id\":\"https:\/\/www.essai.heurtevent.fr\/es\/alojamientos\/mobil-home-seychelles\/\",\"url\":\"https:\/\/www.essai.heurtevent.fr\/es\/alojamientos\/mobil-home-seychelles\/\",\"name\":\"Mobil home SEYCHELLE - barreyva\",\"isPartOf\":{\"@id\":\"https:\/\/www.essai.heurtevent.fr\/#website\"},\"primaryImageOfPage\":{\"@id\":\"https:\/\/www.essai.heurtevent.fr\/es\/alojamientos\/mobil-home-seychelles\/#primaryimage\"},\"image\":{\"@id\":\"https:\/\/www.essai.heurtevent.fr\/es\/alojamientos\/mobil-home-seychelles\/#primaryimage\"},\"thumbnailUrl\":\"https:\/\/www.essai.heurtevent.fr\/wp-content\/uploads\/2015\/11\/Camping-normandie.png\",\"datePublished\":\"2023-06-05T15:26:22+00:00\",\"dateModified\":\"2024-01-04T14:49:02+00:00\",\"breadcrumb\":{\"@id\":\"https:\/\/www.essai.heurtevent.fr\/es\/alojamientos\/mobil-home-seychelles\/#breadcrumb\"},\"inLanguage\":\"es\",\"potentialAction\":[{\"@type\":\"ReadAction\",\"target\":[\"https:\/\/www.essai.heurtevent.fr\/es\/alojamientos\/mobil-home-seychelles\/\"]}]},{\"@type\":\"ImageObject\",\"inLanguage\":\"es\",\"@id\":\"https:\/\/www.essai.heurtevent.fr\/es\/alojamientos\/mobil-home-seychelles\/#primaryimage\",\"url\":\"https:\/\/www.essai.heurtevent.fr\/wp-content\/uploads\/2015\/11\/Camping-normandie.png\",\"contentUrl\":\"https:\/\/www.essai.heurtevent.fr\/wp-content\/uploads\/2015\/11\/Camping-normandie.png\"},{\"@type\":\"BreadcrumbList\",\"@id\":\"https:\/\/www.essai.heurtevent.fr\/es\/alojamientos\/mobil-home-seychelles\/#breadcrumb\",\"itemListElement\":[{\"@type\":\"ListItem\",\"position\":1,\"name\":\"Accueil\",\"item\":\"https:\/\/www.essai.heurtevent.fr\/es\/\"},{\"@type\":\"ListItem\",\"position\":2,\"name\":\"Alojamientos\",\"item\":\"https:\/\/www.essai.heurtevent.fr\/es\/alojamientos\/\"},{\"@type\":\"ListItem\",\"position\":3,\"name\":\"Mobil home SEYCHELLE\"}]},{\"@type\":\"WebSite\",\"@id\":\"https:\/\/www.essai.heurtevent.fr\/#website\",\"url\":\"https:\/\/www.essai.heurtevent.fr\/\",\"name\":\"barreyva\",\"description\":\"camping normandie\",\"potentialAction\":[{\"@type\":\"SearchAction\",\"target\":{\"@type\":\"EntryPoint\",\"urlTemplate\":\"https:\/\/www.essai.heurtevent.fr\/?s={search_term_string}\"},\"query-input\":{\"@type\":\"PropertyValueSpecification\",\"valueRequired\":true,\"valueName\":\"search_term_string\"}}],\"inLanguage\":\"es\"}]}<\/script>\n<!-- \/ Yoast SEO plugin. -->","yoast_head_json":{"title":"Mobil home SEYCHELLE - barreyva","robots":{"index":"index","follow":"follow","max-snippet":"max-snippet:-1","max-image-preview":"max-image-preview:large","max-video-preview":"max-video-preview:-1"},"canonical":"https:\/\/www.essai.heurtevent.fr\/es\/alojamientos\/mobil-home-seychelles\/","og_locale":"es_ES","og_type":"article","og_title":"Mobil home SEYCHELLE - barreyva","og_description":"[vc_row][vc_column][vc_empty_space][vc_column_text] Mobil home SEYCHELLE [\/vc_column_text][\/vc_column][\/vc_row][vc_row][vc_column offset=\u00bbvc_col-lg-8 vc_col-md-8 vc_col-xs-12&#8243;][vc_empty_space][vc_column_text] Su alquiler de mobil-home en Normand\u00eda para 4 personas (los ni\u00f1os y los beb\u00e9s se consideran personas de pleno derecho). NUEVO: Su mobil-home de 2 dormitorios para 4 personas con una terraza cubierta de 15 m2 y todas las comodidades modernas. La casa m\u00f3vil Seychelle es la&hellip;","og_url":"https:\/\/www.essai.heurtevent.fr\/es\/alojamientos\/mobil-home-seychelles\/","og_site_name":"barreyva","article_modified_time":"2024-01-04T14:49:02+00:00","og_image":[{"url":"https:\/\/www.essai.heurtevent.fr\/wp-content\/uploads\/2015\/11\/Camping-normandie.png","type":"","width":"","height":""}],"twitter_card":"summary_large_image","twitter_misc":{"Tiempo de lectura":"5 minutos"},"schema":{"@context":"https:\/\/schema.org","@graph":[{"@type":"WebPage","@id":"https:\/\/www.essai.heurtevent.fr\/es\/alojamientos\/mobil-home-seychelles\/","url":"https:\/\/www.essai.heurtevent.fr\/es\/alojamientos\/mobil-home-seychelles\/","name":"Mobil home SEYCHELLE - barreyva","isPartOf":{"@id":"https:\/\/www.essai.heurtevent.fr\/#website"},"primaryImageOfPage":{"@id":"https:\/\/www.essai.heurtevent.fr\/es\/alojamientos\/mobil-home-seychelles\/#primaryimage"},"image":{"@id":"https:\/\/www.essai.heurtevent.fr\/es\/alojamientos\/mobil-home-seychelles\/#primaryimage"},"thumbnailUrl":"https:\/\/www.essai.heurtevent.fr\/wp-content\/uploads\/2015\/11\/Camping-normandie.png","datePublished":"2023-06-05T15:26:22+00:00","dateModified":"2024-01-04T14:49:02+00:00","breadcrumb":{"@id":"https:\/\/www.essai.heurtevent.fr\/es\/alojamientos\/mobil-home-seychelles\/#breadcrumb"},"inLanguage":"es","potentialAction":[{"@type":"ReadAction","target":["https:\/\/www.essai.heurtevent.fr\/es\/alojamientos\/mobil-home-seychelles\/"]}]},{"@type":"ImageObject","inLanguage":"es","@id":"https:\/\/www.essai.heurtevent.fr\/es\/alojamientos\/mobil-home-seychelles\/#primaryimage","url":"https:\/\/www.essai.heurtevent.fr\/wp-content\/uploads\/2015\/11\/Camping-normandie.png","contentUrl":"https:\/\/www.essai.heurtevent.fr\/wp-content\/uploads\/2015\/11\/Camping-normandie.png"},{"@type":"BreadcrumbList","@id":"https:\/\/www.essai.heurtevent.fr\/es\/alojamientos\/mobil-home-seychelles\/#breadcrumb","itemListElement":[{"@type":"ListItem","position":1,"name":"Accueil","item":"https:\/\/www.essai.heurtevent.fr\/es\/"},{"@type":"ListItem","position":2,"name":"Alojamientos","item":"https:\/\/www.essai.heurtevent.fr\/es\/alojamientos\/"},{"@type":"ListItem","position":3,"name":"Mobil home SEYCHELLE"}]},{"@type":"WebSite","@id":"https:\/\/www.essai.heurtevent.fr\/#website","url":"https:\/\/www.essai.heurtevent.fr\/","name":"barreyva","description":"camping normandie","potentialAction":[{"@type":"SearchAction","target":{"@type":"EntryPoint","urlTemplate":"https:\/\/www.essai.heurtevent.fr\/?s={search_term_string}"},"query-input":{"@type":"PropertyValueSpecification","valueRequired":true,"valueName":"search_term_string"}}],"inLanguage":"es"}]}},"_links":{"self":[{"href":"https:\/\/www.essai.heurtevent.fr\/es\/wp-json\/wp\/v2\/pages\/3331","targetHints":{"allow":["GET"]}}],"collection":[{"href":"https:\/\/www.essai.heurtevent.fr\/es\/wp-json\/wp\/v2\/pages"}],"about":[{"href":"https:\/\/www.essai.heurtevent.fr\/es\/wp-json\/wp\/v2\/types\/page"}],"author":[{"embeddable":true,"href":"https:\/\/www.essai.heurtevent.fr\/es\/wp-json\/wp\/v2\/users\/1"}],"replies":[{"embeddable":true,"href":"https:\/\/www.essai.heurtevent.fr\/es\/wp-json\/wp\/v2\/comments?post=3331"}],"version-history":[{"count":3,"href":"https:\/\/www.essai.heurtevent.fr\/es\/wp-json\/wp\/v2\/pages\/3331\/revisions"}],"predecessor-version":[{"id":3466,"href":"https:\/\/www.essai.heurtevent.fr\/es\/wp-json\/wp\/v2\/pages\/3331\/revisions\/3466"}],"up":[{"embeddable":true,"href":"https:\/\/www.essai.heurtevent.fr\/es\/wp-json\/wp\/v2\/pages\/1597"}],"wp:attachment":[{"href":"https:\/\/www.essai.heurtevent.fr\/es\/wp-json\/wp\/v2\/media?parent=3331"}],"curies":[{"name":"wp","href":"https:\/\/api.w.org\/{rel}","templated":true}]}}