{"id":2385,"date":"2017-10-13T07:42:26","date_gmt":"2017-10-13T06:42:26","guid":{"rendered":"https:\/\/www.essai.heurtevent.fr\/alojamientos\/mobil-home-duo\/"},"modified":"2023-02-27T11:07:45","modified_gmt":"2023-02-27T10:07:45","slug":"mobil-home-duo","status":"publish","type":"page","link":"https:\/\/www.essai.heurtevent.fr\/es\/alojamientos\/mobil-home-duo\/","title":{"rendered":"Mobil home DUO"},"content":{"rendered":"<div class=\"wpb-content-wrapper\"><p>[vc_row][vc_column][vc_empty_space][vc_column_text]<\/p>\n<h1>Mobil home\u00a0DUO 2 personas<\/h1>\n<p>[\/vc_column_text][\/vc_column][\/vc_row][vc_row][vc_column offset=\u00bbvc_col-lg-8 vc_col-md-8 vc_col-xs-12&#8243;][vc_column_text]<\/p>\n<p><strong>Su bungalow equipado con todas las comodidades 1 cuarto para 2 personas.<\/strong><\/p>\n<p>Alojamiento para 2 adultos<\/p>\n<p>Descubre el\u00a0DUO, a lo largo del Sena, una excelente relaci\u00f3n precio \/ calidad para la regi\u00f3n, compare !<\/p>\n<p id=\"tw-target-text\" dir=\"ltr\" data-placeholder=\"Traduction\"><span lang=\"es\">Mejor que una habitaci\u00f3n de hotel y m\u00e1s barato,\u00a0 con cocina americana. <\/span><\/p>\n<p dir=\"ltr\" data-placeholder=\"Traduction\"><span lang=\"es\">Mobil home con televisi\u00f3n (incluido) y wifi.\u00a0<\/span><\/p>\n<p>Tener unas excelentes vacaciones en su camping en Normand\u00ede !<\/p>\n<p>[\/vc_column_text][vc_empty_space height=\u00bb82px\u00bb][vc_column_text]<\/p>\n<p><img loading=\"lazy\" decoding=\"async\" class=\"aligncenter wp-image-1703\" src=\"https:\/\/www.essai.heurtevent.fr\/wp-content\/uploads\/2015\/11\/Camping-normandie.png\" alt=\"Camping normandie\" width=\"97\" height=\"56\" \/><\/p>\n<p>[\/vc_column_text][vc_raw_html]JTNDY3R2LXByb2R1Y3QlMjBkYXRhLXByb2R1Y3QtaWQlM0QlMjc4MTM3MCUyNyUyMGRhdGEtZnVsbCUzRCUyN3RydWUlMjclMjAlM0UlM0MlMkZjdHYtcHJvZHVjdCUzRQ==[\/vc_raw_html][\/vc_column][vc_column offset=\u00bbvc_col-lg-4 vc_col-md-4 vc_col-xs-12&#8243;][vc_empty_space][vc_column_text]<\/p>\n<h2>Mobil home\u00a0DUO 1\u00a0cuarto &#8211;\u00a014 m2<\/h2>\n<p>A nice mobil home for a couple for short or long stay[\/vc_column_text][vc_column_text el_class=\u00bbblocheb\u00bb]<\/p>\n<h3 style=\"text-align: center;\">DESDE<\/h3>\n<p>&nbsp;<\/p>\n<p style=\"text-align: center;\"><span style=\"color: #ff9900; font-size: 60px;\">375 \u20ac<\/span><\/p>\n<p style=\"text-align: center;\"><span style=\"color: #ff9900;\">_________________________________<\/span><\/p>\n<p style=\"text-align: center;\"><span style=\"color: #999999;\">Per week<\/span><\/p>\n<p style=\"text-align: center;\"><a href=\"https:\/\/bookingpremium.secureholiday.net\/es\/2735\/search\/product\/81370\" class=\"btn-shortcode dt-btn-l dt-btn default-btn-color default-btn-hover-color default-btn-bg-color default-btn-bg-hover-color\" target=\"_blank\" id=\"dt-btn-1\" rel=\"noopener\"><span>BOOKING<\/span><\/a><\/p>\n<p style=\"text-align: center;\">02 35 96 26 38<\/p>\n<p>[\/vc_column_text][vc_empty_space][vc_column_text]<\/p>\n<p style=\"text-align: center;\">descargas<\/p>\n<p><a href=\"\/uploads\/es\/precios.pdf\" rel=\"attachment wp-att-1616\"><img loading=\"lazy\" decoding=\"async\" class=\"aligncenter size-full wp-image-1616\" src=\"\/wp-content\/uploads\/2015\/12\/precios.jpg\" alt=\"precios\" width=\"300\" height=\"54\" \/><\/a><\/p>\n<p><a href=\"\/wp-content\/uploads\/es\/plano.pdf\"><img loading=\"lazy\" decoding=\"async\" class=\"aligncenter wp-image-1613 size-full\" src=\"\/wp-content\/uploads\/2015\/12\/plano-del-camping.jpg\" alt=\"plano del camping\" width=\"300\" height=\"54\" \/><\/a><\/p>\n<p style=\"text-align: center;\">[\/vc_column_text][\/vc_column][\/vc_row][vc_row][vc_column][vc_empty_space][vc_column_text]<\/p>\n<p><img loading=\"lazy\" decoding=\"async\" class=\"aligncenter wp-image-1703\" src=\"https:\/\/www.essai.heurtevent.fr\/wp-content\/uploads\/2015\/11\/Camping-normandie.png\" alt=\"Camping normandie\" width=\"97\" height=\"56\" \/><\/p>\n<p>[\/vc_column_text][vc_column_text]<\/p>\n<h3 class=\"aze\">\u00a0TARIFAS bungalow DUO<\/h3>\n<p>&nbsp;<\/p>\n<p><strong>Tasas<\/strong>:<\/p>\n<p>Reserva: \u20ac 24,00 para una semana de alquiler y m\u00e1s<br \/>\nReserva: \u20ac 13,00 para un alquiler de fin de semana o media semana<\/p>\n<ul>\n<li>Tasa tur\u00edstica+ 18 anos : \u20ac 1,00 \u20ac \/ persona<\/li>\n<li>Tasa tur\u00edstica \u2013 18 anos :\u00a00,50 \u20ac \/ persona<\/li>\n<\/ul>\n<p>Dep\u00f3sito: Alquiler: 250 \u20ac + dep\u00f3sito limpieza: 80 \u20ac<\/p>\n<p>Visitantes :\u00a0 6,00 \u20ac[\/vc_column_text][\/vc_column][\/vc_row][vc_row][vc_column][vc_empty_space][vc_column_text]<a href=\"https:\/\/www.essai.heurtevent.fr\/wp-content\/uploads\/2015\/11\/Camping-normandie.png\" data-dt-img-description=\"\"><img loading=\"lazy\" decoding=\"async\" class=\"aligncenter wp-image-563\" src=\"https:\/\/www.essai.heurtevent.fr\/wp-content\/uploads\/2015\/11\/Camping-normandie.png\" alt=\"Camping normandie\" width=\"101\" height=\"58\" \/><\/a>[\/vc_column_text][vc_column_text]<\/p>\n<h3 class=\"aze\">Informations<\/h3>\n<p>[\/vc_column_text][vc_empty_space][\/vc_column][\/vc_row][vc_row bg_type=\u00bbbg_color\u00bb bg_override=\u00bbfull\u00bb bg_color_value=\u00bb#c5e8f8&#8243;][vc_column offset=\u00bbvc_col-lg-6 vc_col-md-6 vc_col-xs-12&#8243; el_class=\u00bbrangeetop30&#8243;][vc_column_text]<\/p>\n<h2>Mobil home\u00a0DUO &#8211; D\u00e9tail\u00a0of Rental<\/h2>\n<p>14 m2, 2 people with terrace<\/p>\n<p>Equipped with Television (free) and WiFi (paying), you have all the comfort necessary for a beautiful holiday in Normandy.<\/p>\n<ul>\n<li>1 cuarto, 1 cama 140\/190<\/li>\n<li>Duche, wc<\/li>\n<li>Cocina: estufa, fregadero, microondas, cafetera, nevera-congelador.<\/li>\n<\/ul>\n<p>[\/vc_column_text][\/vc_column][vc_column offset=\u00bbvc_col-lg-6 vc_col-md-6 vc_col-xs-12&#8243; el_class=\u00bbrangeetop30&#8243;][vc_column_text]<\/p>\n<p>El alquiler del bungalow\u00a0equipado, el consumo de agua y electricidad<br \/>\nEL acceso a la piscina, juegos<br \/>\n<span style=\"text-decoration: underline;\">Las tarifas no incluyen:<\/span><\/p>\n<p>Las Tasas\u00a0locales<br \/>\nToallas y ropa de cama, posibilidad de alquilar.<\/p>\n<p>[\/vc_column_text][\/vc_column][\/vc_row][vc_row][vc_column][vc_empty_space][vc_column_text]<a class=\"dt-single-image\" href=\"https:\/\/www.essai.heurtevent.fr\/wp-content\/uploads\/2015\/11\/Camping-normandie.png\" data-dt-img-description=\"\"><img loading=\"lazy\" decoding=\"async\" class=\"wp-image-563 aligncenter\" src=\"https:\/\/www.essai.heurtevent.fr\/wp-content\/uploads\/2015\/11\/Camping-normandie.png\" alt=\"Camping normandie\" width=\"101\" height=\"58\" \/><\/a>[\/vc_column_text][vc_column_text]<\/p>\n<h3 class=\"aze\">Otros bungalows<\/h3>\n<p>[\/vc_column_text][vc_empty_space][\/vc_column][\/vc_row][vc_row][vc_column width=\u00bb1\/6&#8243; offset=\u00bbvc_col-lg-2 vc_col-md-2 vc_col-xs-12&#8243;][vc_column_text]<\/p>\n<p style=\"text-align: left;\"><strong>Mobil \u00a0BERMUDES 6\u00a0pers.<\/strong><\/p>\n<p><a href=\"https:\/\/www.essai.heurtevent.fr\/locations\/normandie-bermude\" target=\"_blank\" rel=\"noopener\" data-dt-img-description=\"\"><img loading=\"lazy\" decoding=\"async\" class=\"ombre aligncenter wp-image-540\" src=\"https:\/\/www.essai.heurtevent.fr\/wp-content\/uploads\/2015\/11\/BERMUDE-300x225.jpg\" alt=\"BERMUDE\" width=\"179\" height=\"134\" srcset=\"https:\/\/www.essai.heurtevent.fr\/wp-content\/uploads\/2015\/11\/BERMUDE-300x225.jpg 300w, https:\/\/www.essai.heurtevent.fr\/wp-content\/uploads\/2015\/11\/BERMUDE.jpg 800w\" sizes=\"auto, (max-width: 179px) 100vw, 179px\" \/><\/a>[\/vc_column_text][\/vc_column][vc_column width=\u00bb1\/6&#8243; offset=\u00bbvc_col-lg-2 vc_col-md-2 vc_col-xs-12&#8243;][vc_column_text]<\/p>\n<p style=\"text-align: center;\"><strong>Chalet\u00a0ATLANTIS \u00a04\/5 pers.<\/strong><\/p>\n<p style=\"text-align: center;\"><a href=\"https:\/\/www.essai.heurtevent.fr\/locations\/normandie-atlantis\" target=\"_blank\" rel=\"noopener\" data-dt-img-description=\"\"><img loading=\"lazy\" decoding=\"async\" class=\"ombre alignnone wp-image-541\" src=\"https:\/\/www.essai.heurtevent.fr\/wp-content\/uploads\/2015\/11\/ATLANTIS-300x225.jpg\" alt=\"ATLANTIS\" width=\"178\" height=\"134\" srcset=\"https:\/\/www.essai.heurtevent.fr\/wp-content\/uploads\/2015\/11\/ATLANTIS-300x225.jpg 300w, https:\/\/www.essai.heurtevent.fr\/wp-content\/uploads\/2015\/11\/ATLANTIS.jpg 800w\" sizes=\"auto, (max-width: 178px) 100vw, 178px\" \/><\/a><\/p>\n<p>[\/vc_column_text][\/vc_column][vc_column width=\u00bb1\/6&#8243; offset=\u00bbvc_col-lg-2 vc_col-md-2 vc_col-xs-12&#8243;][vc_column_text]<\/p>\n<p style=\"text-align: center;\"><strong>Mobil home IBIZA\u00a06 pers<\/strong><\/p>\n<p style=\"text-align: center;\"><a href=\"https:\/\/www.essai.heurtevent.fr\/locations\/normandie-ibiza\" target=\"_blank\" rel=\"noopener\" data-dt-img-description=\"\"><img loading=\"lazy\" decoding=\"async\" class=\"ombre alignnone wp-image-542\" src=\"https:\/\/www.essai.heurtevent.fr\/wp-content\/uploads\/2015\/11\/IBIZA-300x225.jpg\" alt=\"IBIZA\" width=\"179\" height=\"134\" srcset=\"https:\/\/www.essai.heurtevent.fr\/wp-content\/uploads\/2015\/11\/IBIZA-300x225.jpg 300w, https:\/\/www.essai.heurtevent.fr\/wp-content\/uploads\/2015\/11\/IBIZA.jpg 800w\" sizes=\"auto, (max-width: 179px) 100vw, 179px\" \/><\/a><\/p>\n<p>[\/vc_column_text][\/vc_column][vc_column width=\u00bb1\/6&#8243; offset=\u00bbvc_col-lg-2 vc_col-md-2 vc_col-xs-12&#8243;][vc_column_text]<\/p>\n<p style=\"text-align: center;\"><strong>Chalet\u00a0MOREA\u00a04\/5\u00a0pers<\/strong><\/p>\n<p style=\"text-align: center;\"><a href=\"https:\/\/www.essai.heurtevent.fr\/locations\/normandie-morea\" target=\"_blank\" rel=\"noopener\" data-dt-img-description=\"\"><img loading=\"lazy\" decoding=\"async\" class=\"ombre alignnone wp-image-543\" src=\"https:\/\/www.essai.heurtevent.fr\/wp-content\/uploads\/2015\/11\/MOREA-300x225.jpg\" alt=\"MOREA\" width=\"179\" height=\"134\" srcset=\"https:\/\/www.essai.heurtevent.fr\/wp-content\/uploads\/2015\/11\/MOREA-300x225.jpg 300w, https:\/\/www.essai.heurtevent.fr\/wp-content\/uploads\/2015\/11\/MOREA.jpg 800w\" sizes=\"auto, (max-width: 179px) 100vw, 179px\" \/><\/a><\/p>\n<p>[\/vc_column_text][\/vc_column][vc_column width=\u00bb1\/6&#8243; offset=\u00bbvc_col-lg-2 vc_col-md-2 vc_col-xs-12&#8243;][vc_column_text]<\/p>\n<p style=\"text-align: center;\"><strong>Mobil home ECO BIKINI 4 pers.<\/strong><\/p>\n<p style=\"text-align: center;\"><a href=\"https:\/\/www.essai.heurtevent.fr\/locations\/mobil-home-normandie-pas-cher\" target=\"_blank\" rel=\"noopener\" data-dt-img-description=\"\"><img loading=\"lazy\" decoding=\"async\" class=\"ombre alignnone wp-image-544\" src=\"https:\/\/www.essai.heurtevent.fr\/wp-content\/uploads\/2015\/11\/BIKINI-300x225.gif\" alt=\"BIKINI\" width=\"179\" height=\"134\" \/><\/a><\/p>\n<p>[\/vc_column_text][\/vc_column][vc_column width=\u00bb1\/6&#8243; offset=\u00bbvc_col-lg-2 vc_col-md-2 vc_col-xs-12&#8243;][vc_column_text]<\/p>\n<p style=\"text-align: center;\"><strong>Acampar en Normandie<\/strong><\/p>\n<p style=\"text-align: center;\"><a href=\"https:\/\/www.essai.heurtevent.fr\/camping-normandie\" target=\"_blank\" rel=\"noopener\" data-dt-img-description=\"\"><img loading=\"lazy\" decoding=\"async\" class=\"ombre aligncenter wp-image-576\" src=\"https:\/\/www.essai.heurtevent.fr\/wp-content\/uploads\/2015\/11\/PHOTO-4-300x225.jpg\" alt=\"camping normandie\" width=\"180\" height=\"135\" srcset=\"https:\/\/www.essai.heurtevent.fr\/wp-content\/uploads\/2015\/11\/PHOTO-4-300x225.jpg 300w, https:\/\/www.essai.heurtevent.fr\/wp-content\/uploads\/2015\/11\/PHOTO-4.jpg 800w\" sizes=\"auto, (max-width: 180px) 100vw, 180px\" \/><\/a><\/p>\n<p>[\/vc_column_text][\/vc_column][\/vc_row][vc_row][vc_column][vc_empty_space][\/vc_column][\/vc_row]<\/p>\n<\/div>","protected":false},"excerpt":{"rendered":"<p>[vc_row][vc_column][vc_empty_space][vc_column_text] Mobil home\u00a0DUO 2 personas [\/vc_column_text][\/vc_column][\/vc_row][vc_row][vc_column offset=\u00bbvc_col-lg-8 vc_col-md-8 vc_col-xs-12&#8243;][vc_column_text] Su bungalow equipado con todas las comodidades 1 cuarto para 2 personas. Alojamiento para 2 adultos Descubre el\u00a0DUO, a lo largo del Sena, una excelente relaci\u00f3n precio \/ calidad para la regi\u00f3n, compare ! Mejor que una habitaci\u00f3n de hotel y m\u00e1s barato,\u00a0 con cocina americana.&hellip;<\/p>\n","protected":false},"author":1,"featured_media":0,"parent":1597,"menu_order":0,"comment_status":"closed","ping_status":"closed","template":"","meta":{"footnotes":""},"class_list":["post-2385","page","type-page","status-publish","hentry","description-off"],"yoast_head":"<!-- This site is optimized with the Yoast SEO plugin v25.6 - https:\/\/yoast.com\/wordpress\/plugins\/seo\/ -->\n<title>Location normandie 2 personnes bord de seine proche le havre<\/title>\n<meta name=\"description\" content=\"Votre mobil home 2 personnes dans un beau camping 4 \u00e9toiles, le Barre Y va en haute Normandie \u00e0 moins d&#039;une heure du Havre. R\u00e9servez pour le WE !\" \/>\n<meta name=\"robots\" content=\"index, follow, max-snippet:-1, max-image-preview:large, max-video-preview:-1\" \/>\n<link rel=\"canonical\" href=\"https:\/\/www.essai.heurtevent.fr\/es\/alojamientos\/mobil-home-duo\/\" \/>\n<meta property=\"og:locale\" content=\"es_ES\" \/>\n<meta property=\"og:type\" content=\"article\" \/>\n<meta property=\"og:title\" content=\"Location normandie 2 personnes bord de seine proche le havre\" \/>\n<meta property=\"og:description\" content=\"Votre mobil home 2 personnes dans un beau camping 4 \u00e9toiles, le Barre Y va en haute Normandie \u00e0 moins d&#039;une heure du Havre. R\u00e9servez pour le WE !\" \/>\n<meta property=\"og:url\" content=\"https:\/\/www.essai.heurtevent.fr\/es\/alojamientos\/mobil-home-duo\/\" \/>\n<meta property=\"og:site_name\" content=\"barreyva\" \/>\n<meta property=\"article:modified_time\" content=\"2023-02-27T10:07:45+00:00\" \/>\n<meta property=\"og:image\" content=\"https:\/\/www.essai.heurtevent.fr\/wp-content\/uploads\/2015\/11\/Camping-normandie.png\" \/>\n<meta name=\"twitter:card\" content=\"summary_large_image\" \/>\n<meta name=\"twitter:label1\" content=\"Tiempo de lectura\" \/>\n\t<meta name=\"twitter:data1\" content=\"5 minutos\" \/>\n<script type=\"application\/ld+json\" class=\"yoast-schema-graph\">{\"@context\":\"https:\/\/schema.org\",\"@graph\":[{\"@type\":\"WebPage\",\"@id\":\"https:\/\/www.essai.heurtevent.fr\/es\/alojamientos\/mobil-home-duo\/\",\"url\":\"https:\/\/www.essai.heurtevent.fr\/es\/alojamientos\/mobil-home-duo\/\",\"name\":\"Location normandie 2 personnes bord de seine proche le havre\",\"isPartOf\":{\"@id\":\"https:\/\/www.essai.heurtevent.fr\/#website\"},\"primaryImageOfPage\":{\"@id\":\"https:\/\/www.essai.heurtevent.fr\/es\/alojamientos\/mobil-home-duo\/#primaryimage\"},\"image\":{\"@id\":\"https:\/\/www.essai.heurtevent.fr\/es\/alojamientos\/mobil-home-duo\/#primaryimage\"},\"thumbnailUrl\":\"https:\/\/www.essai.heurtevent.fr\/wp-content\/uploads\/2015\/11\/Camping-normandie.png\",\"datePublished\":\"2017-10-13T06:42:26+00:00\",\"dateModified\":\"2023-02-27T10:07:45+00:00\",\"description\":\"Votre mobil home 2 personnes dans un beau camping 4 \u00e9toiles, le Barre Y va en haute Normandie \u00e0 moins d'une heure du Havre. R\u00e9servez pour le WE !\",\"breadcrumb\":{\"@id\":\"https:\/\/www.essai.heurtevent.fr\/es\/alojamientos\/mobil-home-duo\/#breadcrumb\"},\"inLanguage\":\"es\",\"potentialAction\":[{\"@type\":\"ReadAction\",\"target\":[\"https:\/\/www.essai.heurtevent.fr\/es\/alojamientos\/mobil-home-duo\/\"]}]},{\"@type\":\"ImageObject\",\"inLanguage\":\"es\",\"@id\":\"https:\/\/www.essai.heurtevent.fr\/es\/alojamientos\/mobil-home-duo\/#primaryimage\",\"url\":\"https:\/\/www.essai.heurtevent.fr\/wp-content\/uploads\/2015\/11\/Camping-normandie.png\",\"contentUrl\":\"https:\/\/www.essai.heurtevent.fr\/wp-content\/uploads\/2015\/11\/Camping-normandie.png\"},{\"@type\":\"BreadcrumbList\",\"@id\":\"https:\/\/www.essai.heurtevent.fr\/es\/alojamientos\/mobil-home-duo\/#breadcrumb\",\"itemListElement\":[{\"@type\":\"ListItem\",\"position\":1,\"name\":\"Accueil\",\"item\":\"https:\/\/www.essai.heurtevent.fr\/es\/\"},{\"@type\":\"ListItem\",\"position\":2,\"name\":\"Alojamientos\",\"item\":\"https:\/\/www.essai.heurtevent.fr\/es\/alojamientos\/\"},{\"@type\":\"ListItem\",\"position\":3,\"name\":\"Mobil home DUO\"}]},{\"@type\":\"WebSite\",\"@id\":\"https:\/\/www.essai.heurtevent.fr\/#website\",\"url\":\"https:\/\/www.essai.heurtevent.fr\/\",\"name\":\"barreyva\",\"description\":\"camping normandie\",\"potentialAction\":[{\"@type\":\"SearchAction\",\"target\":{\"@type\":\"EntryPoint\",\"urlTemplate\":\"https:\/\/www.essai.heurtevent.fr\/?s={search_term_string}\"},\"query-input\":{\"@type\":\"PropertyValueSpecification\",\"valueRequired\":true,\"valueName\":\"search_term_string\"}}],\"inLanguage\":\"es\"}]}<\/script>\n<!-- \/ Yoast SEO plugin. -->","yoast_head_json":{"title":"Location normandie 2 personnes bord de seine proche le havre","description":"Votre mobil home 2 personnes dans un beau camping 4 \u00e9toiles, le Barre Y va en haute Normandie \u00e0 moins d'une heure du Havre. R\u00e9servez pour le WE !","robots":{"index":"index","follow":"follow","max-snippet":"max-snippet:-1","max-image-preview":"max-image-preview:large","max-video-preview":"max-video-preview:-1"},"canonical":"https:\/\/www.essai.heurtevent.fr\/es\/alojamientos\/mobil-home-duo\/","og_locale":"es_ES","og_type":"article","og_title":"Location normandie 2 personnes bord de seine proche le havre","og_description":"Votre mobil home 2 personnes dans un beau camping 4 \u00e9toiles, le Barre Y va en haute Normandie \u00e0 moins d'une heure du Havre. R\u00e9servez pour le WE !","og_url":"https:\/\/www.essai.heurtevent.fr\/es\/alojamientos\/mobil-home-duo\/","og_site_name":"barreyva","article_modified_time":"2023-02-27T10:07:45+00:00","og_image":[{"url":"https:\/\/www.essai.heurtevent.fr\/wp-content\/uploads\/2015\/11\/Camping-normandie.png","type":"","width":"","height":""}],"twitter_card":"summary_large_image","twitter_misc":{"Tiempo de lectura":"5 minutos"},"schema":{"@context":"https:\/\/schema.org","@graph":[{"@type":"WebPage","@id":"https:\/\/www.essai.heurtevent.fr\/es\/alojamientos\/mobil-home-duo\/","url":"https:\/\/www.essai.heurtevent.fr\/es\/alojamientos\/mobil-home-duo\/","name":"Location normandie 2 personnes bord de seine proche le havre","isPartOf":{"@id":"https:\/\/www.essai.heurtevent.fr\/#website"},"primaryImageOfPage":{"@id":"https:\/\/www.essai.heurtevent.fr\/es\/alojamientos\/mobil-home-duo\/#primaryimage"},"image":{"@id":"https:\/\/www.essai.heurtevent.fr\/es\/alojamientos\/mobil-home-duo\/#primaryimage"},"thumbnailUrl":"https:\/\/www.essai.heurtevent.fr\/wp-content\/uploads\/2015\/11\/Camping-normandie.png","datePublished":"2017-10-13T06:42:26+00:00","dateModified":"2023-02-27T10:07:45+00:00","description":"Votre mobil home 2 personnes dans un beau camping 4 \u00e9toiles, le Barre Y va en haute Normandie \u00e0 moins d'une heure du Havre. R\u00e9servez pour le WE !","breadcrumb":{"@id":"https:\/\/www.essai.heurtevent.fr\/es\/alojamientos\/mobil-home-duo\/#breadcrumb"},"inLanguage":"es","potentialAction":[{"@type":"ReadAction","target":["https:\/\/www.essai.heurtevent.fr\/es\/alojamientos\/mobil-home-duo\/"]}]},{"@type":"ImageObject","inLanguage":"es","@id":"https:\/\/www.essai.heurtevent.fr\/es\/alojamientos\/mobil-home-duo\/#primaryimage","url":"https:\/\/www.essai.heurtevent.fr\/wp-content\/uploads\/2015\/11\/Camping-normandie.png","contentUrl":"https:\/\/www.essai.heurtevent.fr\/wp-content\/uploads\/2015\/11\/Camping-normandie.png"},{"@type":"BreadcrumbList","@id":"https:\/\/www.essai.heurtevent.fr\/es\/alojamientos\/mobil-home-duo\/#breadcrumb","itemListElement":[{"@type":"ListItem","position":1,"name":"Accueil","item":"https:\/\/www.essai.heurtevent.fr\/es\/"},{"@type":"ListItem","position":2,"name":"Alojamientos","item":"https:\/\/www.essai.heurtevent.fr\/es\/alojamientos\/"},{"@type":"ListItem","position":3,"name":"Mobil home DUO"}]},{"@type":"WebSite","@id":"https:\/\/www.essai.heurtevent.fr\/#website","url":"https:\/\/www.essai.heurtevent.fr\/","name":"barreyva","description":"camping normandie","potentialAction":[{"@type":"SearchAction","target":{"@type":"EntryPoint","urlTemplate":"https:\/\/www.essai.heurtevent.fr\/?s={search_term_string}"},"query-input":{"@type":"PropertyValueSpecification","valueRequired":true,"valueName":"search_term_string"}}],"inLanguage":"es"}]}},"_links":{"self":[{"href":"https:\/\/www.essai.heurtevent.fr\/es\/wp-json\/wp\/v2\/pages\/2385","targetHints":{"allow":["GET"]}}],"collection":[{"href":"https:\/\/www.essai.heurtevent.fr\/es\/wp-json\/wp\/v2\/pages"}],"about":[{"href":"https:\/\/www.essai.heurtevent.fr\/es\/wp-json\/wp\/v2\/types\/page"}],"author":[{"embeddable":true,"href":"https:\/\/www.essai.heurtevent.fr\/es\/wp-json\/wp\/v2\/users\/1"}],"replies":[{"embeddable":true,"href":"https:\/\/www.essai.heurtevent.fr\/es\/wp-json\/wp\/v2\/comments?post=2385"}],"version-history":[{"count":1,"href":"https:\/\/www.essai.heurtevent.fr\/es\/wp-json\/wp\/v2\/pages\/2385\/revisions"}],"predecessor-version":[{"id":3248,"href":"https:\/\/www.essai.heurtevent.fr\/es\/wp-json\/wp\/v2\/pages\/2385\/revisions\/3248"}],"up":[{"embeddable":true,"href":"https:\/\/www.essai.heurtevent.fr\/es\/wp-json\/wp\/v2\/pages\/1597"}],"wp:attachment":[{"href":"https:\/\/www.essai.heurtevent.fr\/es\/wp-json\/wp\/v2\/media?parent=2385"}],"curies":[{"name":"wp","href":"https:\/\/api.w.org\/{rel}","templated":true}]}}