{"id":1807,"date":"2016-10-05T13:34:57","date_gmt":"2016-10-05T12:34:57","guid":{"rendered":"https:\/\/www.essai.heurtevent.fr\/es\/?page_id=1807"},"modified":"2016-10-05T14:12:52","modified_gmt":"2016-10-05T13:12:52","slug":"tourismo","status":"publish","type":"page","link":"https:\/\/www.essai.heurtevent.fr\/es\/tourismo\/","title":{"rendered":"Tourismo"},"content":{"rendered":"<div class=\"wpb-content-wrapper\"><p>[vc_row][vc_column][vc_column_text]Turismo en Normand\u00eda<\/p>\n<h1>Su camping en el coraz\u00f3n de Normandie en Francia<\/h1>\n<p>Visita los lugares m\u00e1s bellos de Normand\u00eda alrededor del camping. Entre Rouen y el mar, usted descubrir\u00e1 los paisajes naturales y sitios excepcionales patrimonio.<\/p>\n<p><strong>Normand\u00eda senderos alrededor del camping<\/strong><\/p>\n<p>MUSEO VICTOR HUGO Normandie<br \/>\nMus\u00e9e Victor Hugo &#8211; hacer clic sobre la imagen para visitar<br \/>\nCircuitos de senderismo.<\/p>\n<p style=\"text-align: center;\"><a class=\"bouton\" href=\"https:\/\/www.essai.heurtevent.fr\/wp-content\/uploads\/Fiche-circuit-Caudebec-en-Caux.pdf\" target=\"_blank\">Circuito caudebec-en-Caux<\/a><\/p>\n<p>&nbsp;<\/p>\n<p style=\"text-align: center;\"><a class=\"bouton\" href=\"https:\/\/www.essai.heurtevent.fr\/wp-content\/uploads\/Fiche-circuit-Villequier.pdf\" target=\"_blank\">Circuito Villequier<\/a><\/p>\n<p>&nbsp;<\/p>\n<p style=\"text-align: center;\"><a class=\"bouton\" href=\"https:\/\/www.essai.heurtevent.fr\/wp-content\/uploads\/Fiche-circuit-ST-Arnoult.pdf\" target=\"_blank\">Circuito Saint Arnoult<\/a><\/p>\n<p>&nbsp;<\/p>\n<h3><a href=\"https:\/\/fr-fr.facebook.com\/Museoseine\" target=\"_blank\" data-dt-img-description=\"MUSEOSEINE en Normandie - Ouverture 2016\"><img loading=\"lazy\" decoding=\"async\" class=\"ombre wp-image-1392 alignleft\" src=\"https:\/\/www.essai.heurtevent.fr\/wp-content\/uploads\/2015\/11\/museoseine.jpg\" alt=\"museoseine normandie\" width=\"526\" height=\"291\" srcset=\"https:\/\/www.essai.heurtevent.fr\/wp-content\/uploads\/2015\/11\/museoseine.jpg 596w, https:\/\/www.essai.heurtevent.fr\/wp-content\/uploads\/2015\/11\/museoseine-300x166.jpg 300w\" sizes=\"auto, (max-width: 526px) 100vw, 526px\" \/><\/a><\/h3>\n<p>Museo MUSEOSEINE<\/p>\n<p>Toda la historia de la regi\u00f3n de Normandie, con exposiciones interactivas, un viaje inici\u00e1tico a lo largo de los bucles del Rio Seine. Museo abri\u00f3 en 2016 Descubre AQU\u00cd: <a href=\"https:\/\/fr-fr.facebook.com\/Museoseine\">https:\/\/fr-fr.facebook.com\/Museoseine<\/a><\/p>\n<h2>Alrededor del camping BARRE Y VA<\/h2>\n<p>[\/vc_column_text][\/vc_column][\/vc_row][vc_row][vc_column]<div class=\"dt-shortcode with-isotope\"><div class=\"filter iso-filter\"><div class=\"filter-extras\"><div class=\"filter-by\" style=\"display: none;\"><a href=\"https:\/\/www.essai.heurtevent.fr\/es\/tourismo\/?orderby=date&#038;order=asc\" class=\"sort-by-date act\" data-by=\"date\"><svg version=\"1.1\" xmlns=\"http:\/\/www.w3.org\/2000\/svg\" xmlns:xlink=\"http:\/\/www.w3.org\/1999\/xlink\" x=\"0px\" y=\"0px\" viewBox=\"0 0 16 16\" style=\"enable-background:new 0 0 16 16;\" xml:space=\"preserve\"><path d=\"M11,6.5C11,6.2,11.2,6,11.5,6h1C12.8,6,13,6.2,13,6.5v1C13,7.8,12.8,8,12.5,8h-1C11.2,8,11,7.8,11,7.5V6.5z M8,6.5C8,6.2,8.2,6,8.5,6h1C9.8,6,10,6.2,10,6.5v1C10,7.8,9.8,8,9.5,8h-1C8.2,8,8,7.8,8,7.5V6.5z M3,9.5C3,9.2,3.2,9,3.5,9h1C4.8,9,5,9.2,5,9.5v1C5,10.8,4.8,11,4.5,11h-1C3.2,11,3,10.8,3,10.5V9.5z M6,9.5C6,9.2,6.2,9,6.5,9h1C7.8,9,8,9.2,8,9.5v1C8,10.8,7.8,11,7.5,11h-1C6.2,11,6,10.8,6,10.5V9.5z\"\/><path d=\"M3.5,0C3.8,0,4,0.2,4,0.5V1h8V0.5C12,0.2,12.2,0,12.5,0S13,0.2,13,0.5V1h1c1.1,0,2,0.9,2,2v11c0,1.1-0.9,2-2,2H2c-1.1,0-2-0.9-2-2V3c0-1.1,0.9-2,2-2h1V0.5C3,0.2,3.2,0,3.5,0z M1,4v10c0,0.6,0.4,1,1,1h12c0.6,0,1-0.4,1-1V4H1z\"\/><\/svg><span class=\"filter-popup\">Ordenar por fecha<\/span><\/a><span class=\"filter-switch\"><\/span><a href=\"https:\/\/www.essai.heurtevent.fr\/es\/tourismo\/?orderby=name&#038;order=asc\" class=\"sort-by-name\" data-by=\"name\"><svg version=\"1.1\" xmlns=\"http:\/\/www.w3.org\/2000\/svg\" xmlns:xlink=\"http:\/\/www.w3.org\/1999\/xlink\" x=\"0px\" y=\"0px\" viewBox=\"0 0 16 16\" style=\"enable-background:new 0 0 16 16;\" xml:space=\"preserve\"><path d=\"M2.2,13.1l0.9-2.8h3.5l0.9,2.8h1.3L5.5,3.8H4.3L1,13.1H2.2z M4.9,5.2l1.4,4.2H3.5L4.9,5.2C4.9,5.2,4.9,5.2,4.9,5.2z\"\/><g><path d=\"M10,12.4l2.8-3.6c0.3-0.3,0.5-0.6,0.8-1v0h-3.3V6.9h4.7l0,0.7l-2.7,3.6c-0.3,0.3-0.5,0.6-0.8,1v0H15v0.9h-5V12.4z\"\/><\/g><\/svg><span class=\"filter-popup\">Ordenar por nombre<\/span><\/a><\/div><div class=\"filter-sorting\"><a href=\"https:\/\/www.essai.heurtevent.fr\/es\/tourismo\/?orderby=date&#038;order=desc\" class=\"sort-by-desc\" data-sort=\"desc\"><svg version=\"1.1\" xmlns=\"http:\/\/www.w3.org\/2000\/svg\" xmlns:xlink=\"http:\/\/www.w3.org\/1999\/xlink\" x=\"0px\" y=\"0px\"viewBox=\"0 0 16 16\" style=\"enable-background:new 0 0 16 16;\" xml:space=\"preserve\"><path d=\"M3.5,2.5C3.5,2.2,3.3,2,3,2S2.5,2.2,2.5,2.5v8.8l-1.1-1.1c-0.2-0.2-0.5-0.2-0.7,0s-0.2,0.5,0,0.7l0,0l2,2l0,0c0.2,0.2,0.5,0.2,0.7,0l2-2c0.2-0.2,0.2-0.5,0-0.7c-0.2-0.2-0.5-0.2-0.7,0l-1.1,1.1V2.5z M7,3.5C7,3.2,7.2,3,7.5,3h7C14.8,3,15,3.2,15,3.5S14.8,4,14.5,4h-7C7.2,4,7,3.8,7,3.5z M7.5,6C7.2,6,7,6.2,7,6.5S7.2,7,7.5,7h5C12.8,7,13,6.8,13,6.5S12.8,6,12.5,6H7.5z M7.5,9C7.2,9,7,9.2,7,9.5S7.2,10,7.5,10h3c0.3,0,0.5-0.2,0.5-0.5S10.8,9,10.5,9H7.5z M7.5,12C7.2,12,7,12.2,7,12.5S7.2,13,7.5,13h1C8.8,13,9,12.8,9,12.5S8.8,12,8.5,12H7.5z\"\/><\/svg><span class=\"filter-popup\">Descendente<\/span><\/a><span class=\"filter-switch\"><\/span><a href=\"https:\/\/www.essai.heurtevent.fr\/es\/tourismo\/?orderby=date&#038;order=asc\" class=\"sort-by-asc act\" data-sort=\"asc\"><svg version=\"1.1\" xmlns=\"http:\/\/www.w3.org\/2000\/svg\" xmlns:xlink=\"http:\/\/www.w3.org\/1999\/xlink\" x=\"0px\" y=\"0px\" viewBox=\"0 0 16 16\" style=\"enable-background:new 0 0 16 16;\" xml:space=\"preserve\"><path d=\"M3.5,12.5C3.5,12.8,3.3,13,3,13s-0.5-0.2-0.5-0.5V3.7L1.4,4.9C1.2,5,0.8,5,0.6,4.9s-0.2-0.5,0-0.7l2-2l0,0C2.8,2,3.2,2,3.4,2.1l2,2c0.2,0.2,0.2,0.5,0,0.7S4.8,5,4.6,4.9L3.5,3.7V12.5z M7,3.5C7,3.2,7.2,3,7.5,3h7C14.8,3,15,3.2,15,3.5S14.8,4,14.5,4h-7C7.2,4,7,3.8,7,3.5z M7.5,6C7.2,6,7,6.2,7,6.5S7.2,7,7.5,7h5C12.8,7,13,6.8,13,6.5S12.8,6,12.5,6H7.5z M7.5,9C7.2,9,7,9.2,7,9.5S7.2,10,7.5,10h3c0.3,0,0.5-0.2,0.5-0.5S10.8,9,10.5,9H7.5z M7.5,12C7.2,12,7,12.2,7,12.5S7.2,13,7.5,13h1C8.8,13,9,12.8,9,12.5S8.8,12,8.5,12H7.5z\"\/><\/svg><span class=\"filter-popup\">Ascendente<\/span><\/a><\/div><\/div><\/div><div class=\"wf-container dt-blog-shortcode loading-effect-fade-in iso-grid description-under-image content-align-left\" data-padding=\"20px\" data-cur-page=\"1\" data-posts-per-page=\"-1\" data-width=\"370px\" data-columns=\"3\">\n<div class=\"wf-cell category-45\" data-post-id=\"1813\" data-date=\"2016-10-05T13:48:13+01:00\" data-name=\"Etretat\">\n\t<article class=\"post post-1813 type-post status-publish format-standard has-post-thumbnail hentry category-turimo-normandie category-45 description-off\">\n\n\t\t\n\t\t\t<div class=\"blog-media wf-td\">\n\n\t\t\t\t<p><a href=\"https:\/\/www.essai.heurtevent.fr\/es\/etretat\/\" class=\"alignnone rollover layzr-bg\" ><img fetchpriority=\"high\" decoding=\"async\" class=\"preload-me iso-lazy-load aspect\" src=\"data:image\/svg+xml,%3Csvg%20xmlns%3D&#39;http%3A%2F%2Fwww.w3.org%2F2000%2Fsvg&#39;%20viewBox%3D&#39;0%200%20555%20370&#39;%2F%3E\" data-src=\"https:\/\/www.essai.heurtevent.fr\/wp-content\/uploads\/2015\/12\/ETRETAT-555x370.jpg\" data-srcset=\"https:\/\/www.essai.heurtevent.fr\/wp-content\/uploads\/2015\/12\/ETRETAT-555x370.jpg 555w, https:\/\/www.essai.heurtevent.fr\/wp-content\/uploads\/2015\/12\/ETRETAT.jpg 799w\" loading=\"eager\" style=\"--ratio: 555 \/ 370\" sizes=\"(max-width: 555px) 100vw, 555px\" alt=\"\" title=\"ETRETAT\" width=\"555\" height=\"370\"  \/><\/a><\/p>\n\t\t\t<\/div>\n\n\t\t\n\t\t<div class=\"blog-content wf-td\">\n\t\t\t<h3 class=\"entry-title\"><a href=\"https:\/\/www.essai.heurtevent.fr\/es\/etretat\/\" title=\"Etretat\" rel=\"bookmark\">Etretat<\/a><\/h3>\n\n\t\t\t<p>Les Falaises d&#8217;Etretat Aunque los or\u00edgenes de la ciudad de Etretat muy atr\u00e1s en el pasado, este pueblo se mantuvo hasta el \u00faltimo siglo, un peque\u00f1o pueblo de pescadores. Su camping est\u00e1 situado a unos 50 minutos de Etretat. acampar cerca de\u00a0Etretat Fue a finales del siglo XIX que la ciudad comenz\u00f3 su ascenso para&hellip;<\/p>\n\n<a href=\"https:\/\/www.essai.heurtevent.fr\/es\/etretat\/\" class=\"details more-link\" aria-label=\"Read more about Etretat\">Detalles<\/a>\n\n\t\t<\/div>\n\n\t<\/article>\n\n<\/div>\n<div class=\"wf-cell category-45\" data-post-id=\"1817\" data-date=\"2016-10-05T14:00:26+01:00\" data-name=\"Los puentes de Normand\u00eda\">\n\t<article class=\"post post-1817 type-post status-publish format-standard has-post-thumbnail hentry category-turimo-normandie category-45 description-off\">\n\n\t\t\n\t\t\t<div class=\"blog-media wf-td\">\n\n\t\t\t\t<p><a href=\"https:\/\/www.essai.heurtevent.fr\/es\/los-puentes-de-normandia\/\" class=\"alignnone rollover layzr-bg\" ><img decoding=\"async\" class=\"preload-me iso-lazy-load aspect\" src=\"data:image\/svg+xml,%3Csvg%20xmlns%3D&#39;http%3A%2F%2Fwww.w3.org%2F2000%2Fsvg&#39;%20viewBox%3D&#39;0%200%20555%20369&#39;%2F%3E\" data-src=\"https:\/\/www.essai.heurtevent.fr\/wp-content\/uploads\/2015\/12\/camping-normandie-555x369.jpg\" data-srcset=\"https:\/\/www.essai.heurtevent.fr\/wp-content\/uploads\/2015\/12\/camping-normandie-555x369.jpg 555w, https:\/\/www.essai.heurtevent.fr\/wp-content\/uploads\/2015\/12\/camping-normandie.jpg 800w\" loading=\"eager\" style=\"--ratio: 555 \/ 369\" sizes=\"(max-width: 555px) 100vw, 555px\" alt=\"\" title=\"Pont de Normandie &#8211; Avril 2014\" width=\"555\" height=\"369\"  \/><\/a><\/p>\n\t\t\t<\/div>\n\n\t\t\n\t\t<div class=\"blog-content wf-td\">\n\t\t\t<h3 class=\"entry-title\"><a href=\"https:\/\/www.essai.heurtevent.fr\/es\/los-puentes-de-normandia\/\" title=\"Los puentes de Normand\u00eda\" rel=\"bookmark\">Los puentes de Normand\u00eda<\/a><\/h3>\n\n\t\t\t<p>Los puentes de Normand\u00eda &nbsp; Su camping Bar est\u00e1 convenientemente situado (entre 10 minutos y 1 hora) para visitar el famoso puente de Normand\u00eda todos con una longitud de 100 metros: puente de Le Pont de Tancarville Brotonne, viaducto Austreberthe, la puente de Normand\u00eda y puente\u00a0Gustave Flaubert. Alta Normand\u00eda y\u00a0los \u00faltimos meandros del Sena, que&hellip;<\/p>\n\n<a href=\"https:\/\/www.essai.heurtevent.fr\/es\/los-puentes-de-normandia\/\" class=\"details more-link\" aria-label=\"Read more about Los puentes de Normand\u00eda\">Detalles<\/a>\n\n\t\t<\/div>\n\n\t<\/article>\n\n<\/div>\n<div class=\"wf-cell category-45\" data-post-id=\"1821\" data-date=\"2016-10-05T14:09:52+01:00\" data-name=\"Parque regional de los bulces del Rio Seine\">\n\t<article class=\"post post-1821 type-post status-publish format-standard has-post-thumbnail hentry category-turimo-normandie category-45 description-off\">\n\n\t\t\n\t\t\t<div class=\"blog-media wf-td\">\n\n\t\t\t\t<p><a href=\"https:\/\/www.essai.heurtevent.fr\/es\/parque-regional-de-los-bulces-del-rio-seine\/\" class=\"alignnone rollover layzr-bg\" ><img decoding=\"async\" class=\"preload-me iso-lazy-load aspect\" src=\"data:image\/svg+xml,%3Csvg%20xmlns%3D&#39;http%3A%2F%2Fwww.w3.org%2F2000%2Fsvg&#39;%20viewBox%3D&#39;0%200%20555%20393&#39;%2F%3E\" data-src=\"https:\/\/www.essai.heurtevent.fr\/wp-content\/uploads\/2015\/12\/Carte-parc-regional-seine-555x393.jpg\" data-srcset=\"https:\/\/www.essai.heurtevent.fr\/wp-content\/uploads\/2015\/12\/Carte-parc-regional-seine-555x393.jpg 555w, https:\/\/www.essai.heurtevent.fr\/wp-content\/uploads\/2015\/12\/Carte-parc-regional-seine.jpg 799w\" loading=\"eager\" style=\"--ratio: 555 \/ 393\" sizes=\"(max-width: 555px) 100vw, 555px\" alt=\"\" title=\"Carte parc regional seine\" width=\"555\" height=\"393\"  \/><\/a><\/p>\n\t\t\t<\/div>\n\n\t\t\n\t\t<div class=\"blog-content wf-td\">\n\t\t\t<h3 class=\"entry-title\"><a href=\"https:\/\/www.essai.heurtevent.fr\/es\/parque-regional-de-los-bulces-del-rio-seine\/\" title=\"Parque regional de los bulces del Rio Seine\" rel=\"bookmark\">Parque regional de los bulces del Rio Seine<\/a><\/h3>\n\n\t\t\t<p>Parque regional de los bulces del Rio Seine en Normand\u00eda Francia Acampar en los bucles del Sena &nbsp; &nbsp; La casa de los bucles parque regional del Sena-Normand\u00eda ofrece dos rutas tur\u00edsticas: la ruta de la fruta y el camino de las Chaumi\u00e8res (casas vejas). Descubre esta gran giro a Normand\u00eda de su camping BARRE&hellip;<\/p>\n\n<a href=\"https:\/\/www.essai.heurtevent.fr\/es\/parque-regional-de-los-bulces-del-rio-seine\/\" class=\"details more-link\" aria-label=\"Read more about Parque regional de los bulces del Rio Seine\">Detalles<\/a>\n\n\t\t<\/div>\n\n\t<\/article>\n\n<\/div><\/div><\/div>[\/vc_column][\/vc_row][vc_row][vc_column][vc_column_text]<\/p>\n<h2>Visitez la\u00a0Normandie\u00a0\u00e0 proximit\u00e9 du camping Barre Y\u00a0Va<\/h2>\n<p>[\/vc_column_text][dt_photos_masonry padding=\u00bb10&#8243; columns=\u00bb4&#8243; loading_effect=\u00bbfall_perspective\u00bb show_title=\u00bbtrue\u00bb number=\u00bb20&#8243; category=\u00bbnormandie-es\u00bb][\/vc_column][\/vc_row]<\/p>\n<\/div>","protected":false},"excerpt":{"rendered":"<p>[vc_row][vc_column][vc_column_text]Turismo en Normand\u00eda Su camping en el coraz\u00f3n de Normandie en Francia Visita los lugares m\u00e1s bellos de Normand\u00eda alrededor del camping. Entre Rouen y el mar, usted descubrir\u00e1 los paisajes naturales y sitios excepcionales patrimonio. Normand\u00eda senderos alrededor del camping MUSEO VICTOR HUGO Normandie Mus\u00e9e Victor Hugo &#8211; hacer clic sobre la imagen para&hellip;<\/p>\n","protected":false},"author":1,"featured_media":0,"parent":0,"menu_order":0,"comment_status":"closed","ping_status":"closed","template":"","meta":{"footnotes":""},"class_list":["post-1807","page","type-page","status-publish","hentry","description-off"],"yoast_head":"<!-- This site is optimized with the Yoast SEO plugin v25.6 - https:\/\/yoast.com\/wordpress\/plugins\/seo\/ -->\n<title>Turismo Normandie Francia<\/title>\n<meta name=\"description\" content=\"lo mejor de la Normandie en Francia. Descubre los lugares mas belos acerca del camping Barre y va en el coracon de Normandie\" \/>\n<meta name=\"robots\" content=\"index, follow, max-snippet:-1, max-image-preview:large, max-video-preview:-1\" \/>\n<link rel=\"canonical\" href=\"https:\/\/www.essai.heurtevent.fr\/es\/tourismo\/\" \/>\n<meta property=\"og:locale\" content=\"es_ES\" \/>\n<meta property=\"og:type\" content=\"article\" \/>\n<meta property=\"og:title\" content=\"Turismo Normandie Francia\" \/>\n<meta property=\"og:description\" content=\"lo mejor de la Normandie en Francia. Descubre los lugares mas belos acerca del camping Barre y va en el coracon de Normandie\" \/>\n<meta property=\"og:url\" content=\"https:\/\/www.essai.heurtevent.fr\/es\/tourismo\/\" \/>\n<meta property=\"og:site_name\" content=\"barreyva\" \/>\n<meta property=\"article:modified_time\" content=\"2016-10-05T13:12:52+00:00\" \/>\n<meta property=\"og:image\" content=\"https:\/\/www.essai.heurtevent.fr\/wp-content\/uploads\/2015\/11\/museoseine.jpg\" \/>\n<meta name=\"twitter:card\" content=\"summary_large_image\" \/>\n<meta name=\"twitter:label1\" content=\"Tiempo de lectura\" \/>\n\t<meta name=\"twitter:data1\" content=\"1 minuto\" \/>\n<script type=\"application\/ld+json\" class=\"yoast-schema-graph\">{\"@context\":\"https:\/\/schema.org\",\"@graph\":[{\"@type\":\"WebPage\",\"@id\":\"https:\/\/www.essai.heurtevent.fr\/es\/tourismo\/\",\"url\":\"https:\/\/www.essai.heurtevent.fr\/es\/tourismo\/\",\"name\":\"Turismo Normandie Francia\",\"isPartOf\":{\"@id\":\"https:\/\/www.essai.heurtevent.fr\/#website\"},\"primaryImageOfPage\":{\"@id\":\"https:\/\/www.essai.heurtevent.fr\/es\/tourismo\/#primaryimage\"},\"image\":{\"@id\":\"https:\/\/www.essai.heurtevent.fr\/es\/tourismo\/#primaryimage\"},\"thumbnailUrl\":\"https:\/\/www.essai.heurtevent.fr\/wp-content\/uploads\/2015\/11\/museoseine.jpg\",\"datePublished\":\"2016-10-05T12:34:57+00:00\",\"dateModified\":\"2016-10-05T13:12:52+00:00\",\"description\":\"lo mejor de la Normandie en Francia. Descubre los lugares mas belos acerca del camping Barre y va en el coracon de Normandie\",\"breadcrumb\":{\"@id\":\"https:\/\/www.essai.heurtevent.fr\/es\/tourismo\/#breadcrumb\"},\"inLanguage\":\"es\",\"potentialAction\":[{\"@type\":\"ReadAction\",\"target\":[\"https:\/\/www.essai.heurtevent.fr\/es\/tourismo\/\"]}]},{\"@type\":\"ImageObject\",\"inLanguage\":\"es\",\"@id\":\"https:\/\/www.essai.heurtevent.fr\/es\/tourismo\/#primaryimage\",\"url\":\"https:\/\/www.essai.heurtevent.fr\/wp-content\/uploads\/2015\/11\/museoseine.jpg\",\"contentUrl\":\"https:\/\/www.essai.heurtevent.fr\/wp-content\/uploads\/2015\/11\/museoseine.jpg\"},{\"@type\":\"BreadcrumbList\",\"@id\":\"https:\/\/www.essai.heurtevent.fr\/es\/tourismo\/#breadcrumb\",\"itemListElement\":[{\"@type\":\"ListItem\",\"position\":1,\"name\":\"Accueil\",\"item\":\"https:\/\/www.essai.heurtevent.fr\/es\/\"},{\"@type\":\"ListItem\",\"position\":2,\"name\":\"Tourismo\"}]},{\"@type\":\"WebSite\",\"@id\":\"https:\/\/www.essai.heurtevent.fr\/#website\",\"url\":\"https:\/\/www.essai.heurtevent.fr\/\",\"name\":\"barreyva\",\"description\":\"camping normandie\",\"potentialAction\":[{\"@type\":\"SearchAction\",\"target\":{\"@type\":\"EntryPoint\",\"urlTemplate\":\"https:\/\/www.essai.heurtevent.fr\/?s={search_term_string}\"},\"query-input\":{\"@type\":\"PropertyValueSpecification\",\"valueRequired\":true,\"valueName\":\"search_term_string\"}}],\"inLanguage\":\"es\"}]}<\/script>\n<!-- \/ Yoast SEO plugin. -->","yoast_head_json":{"title":"Turismo Normandie Francia","description":"lo mejor de la Normandie en Francia. Descubre los lugares mas belos acerca del camping Barre y va en el coracon de Normandie","robots":{"index":"index","follow":"follow","max-snippet":"max-snippet:-1","max-image-preview":"max-image-preview:large","max-video-preview":"max-video-preview:-1"},"canonical":"https:\/\/www.essai.heurtevent.fr\/es\/tourismo\/","og_locale":"es_ES","og_type":"article","og_title":"Turismo Normandie Francia","og_description":"lo mejor de la Normandie en Francia. Descubre los lugares mas belos acerca del camping Barre y va en el coracon de Normandie","og_url":"https:\/\/www.essai.heurtevent.fr\/es\/tourismo\/","og_site_name":"barreyva","article_modified_time":"2016-10-05T13:12:52+00:00","og_image":[{"url":"https:\/\/www.essai.heurtevent.fr\/wp-content\/uploads\/2015\/11\/museoseine.jpg","type":"","width":"","height":""}],"twitter_card":"summary_large_image","twitter_misc":{"Tiempo de lectura":"1 minuto"},"schema":{"@context":"https:\/\/schema.org","@graph":[{"@type":"WebPage","@id":"https:\/\/www.essai.heurtevent.fr\/es\/tourismo\/","url":"https:\/\/www.essai.heurtevent.fr\/es\/tourismo\/","name":"Turismo Normandie Francia","isPartOf":{"@id":"https:\/\/www.essai.heurtevent.fr\/#website"},"primaryImageOfPage":{"@id":"https:\/\/www.essai.heurtevent.fr\/es\/tourismo\/#primaryimage"},"image":{"@id":"https:\/\/www.essai.heurtevent.fr\/es\/tourismo\/#primaryimage"},"thumbnailUrl":"https:\/\/www.essai.heurtevent.fr\/wp-content\/uploads\/2015\/11\/museoseine.jpg","datePublished":"2016-10-05T12:34:57+00:00","dateModified":"2016-10-05T13:12:52+00:00","description":"lo mejor de la Normandie en Francia. Descubre los lugares mas belos acerca del camping Barre y va en el coracon de Normandie","breadcrumb":{"@id":"https:\/\/www.essai.heurtevent.fr\/es\/tourismo\/#breadcrumb"},"inLanguage":"es","potentialAction":[{"@type":"ReadAction","target":["https:\/\/www.essai.heurtevent.fr\/es\/tourismo\/"]}]},{"@type":"ImageObject","inLanguage":"es","@id":"https:\/\/www.essai.heurtevent.fr\/es\/tourismo\/#primaryimage","url":"https:\/\/www.essai.heurtevent.fr\/wp-content\/uploads\/2015\/11\/museoseine.jpg","contentUrl":"https:\/\/www.essai.heurtevent.fr\/wp-content\/uploads\/2015\/11\/museoseine.jpg"},{"@type":"BreadcrumbList","@id":"https:\/\/www.essai.heurtevent.fr\/es\/tourismo\/#breadcrumb","itemListElement":[{"@type":"ListItem","position":1,"name":"Accueil","item":"https:\/\/www.essai.heurtevent.fr\/es\/"},{"@type":"ListItem","position":2,"name":"Tourismo"}]},{"@type":"WebSite","@id":"https:\/\/www.essai.heurtevent.fr\/#website","url":"https:\/\/www.essai.heurtevent.fr\/","name":"barreyva","description":"camping normandie","potentialAction":[{"@type":"SearchAction","target":{"@type":"EntryPoint","urlTemplate":"https:\/\/www.essai.heurtevent.fr\/?s={search_term_string}"},"query-input":{"@type":"PropertyValueSpecification","valueRequired":true,"valueName":"search_term_string"}}],"inLanguage":"es"}]}},"_links":{"self":[{"href":"https:\/\/www.essai.heurtevent.fr\/es\/wp-json\/wp\/v2\/pages\/1807","targetHints":{"allow":["GET"]}}],"collection":[{"href":"https:\/\/www.essai.heurtevent.fr\/es\/wp-json\/wp\/v2\/pages"}],"about":[{"href":"https:\/\/www.essai.heurtevent.fr\/es\/wp-json\/wp\/v2\/types\/page"}],"author":[{"embeddable":true,"href":"https:\/\/www.essai.heurtevent.fr\/es\/wp-json\/wp\/v2\/users\/1"}],"replies":[{"embeddable":true,"href":"https:\/\/www.essai.heurtevent.fr\/es\/wp-json\/wp\/v2\/comments?post=1807"}],"version-history":[{"count":0,"href":"https:\/\/www.essai.heurtevent.fr\/es\/wp-json\/wp\/v2\/pages\/1807\/revisions"}],"wp:attachment":[{"href":"https:\/\/www.essai.heurtevent.fr\/es\/wp-json\/wp\/v2\/media?parent=1807"}],"curies":[{"name":"wp","href":"https:\/\/api.w.org\/{rel}","templated":true}]}}