{"id":1727,"date":"2015-12-19T18:47:24","date_gmt":"2015-12-19T17:47:24","guid":{"rendered":"https:\/\/www.essai.heurtevent.fr\/es\/?page_id=1727"},"modified":"2022-01-03T12:03:03","modified_gmt":"2022-01-03T11:03:03","slug":"servicio","status":"publish","type":"page","link":"https:\/\/www.essai.heurtevent.fr\/es\/servicio\/","title":{"rendered":"Servicio"},"content":{"rendered":"<div class=\"wpb-content-wrapper\"><p>[vc_row][vc_column][vc_column_text]<\/p>\n<h1>Las instalaciones y servicios del camping\u00a0Barre Y Va<\/h1>\n<p>Su camping en Normandie Barre Y Va ofrece una variedad de actividades durante su estancia. Descubre las instalaciones y servicios de su camping para pasar unas fant\u00e1sticas vacaciones en familia en Normand\u00eda. En el camping\u00a0Barre Y Va, el tiempo pasa muy r\u00e1pido!<\/p>\n<h2 class=\"aze\">El bar \/ restaurante<\/h2>\n<p><a class=\"dt-single-image\" href=\"https:\/\/www.essai.heurtevent.fr\/wp-content\/uploads\/2015\/12\/SALLE-DE-JEUX.jpg\" data-dt-img-description=\"\"><img loading=\"lazy\" decoding=\"async\" class=\"size-medium wp-image-743 alignright\" src=\"https:\/\/www.essai.heurtevent.fr\/wp-content\/uploads\/2015\/12\/SALLE-DE-JEUX-300x225.jpg\" alt=\"SALLE DE JEUX\" width=\"300\" height=\"225\" srcset=\"https:\/\/www.essai.heurtevent.fr\/wp-content\/uploads\/2015\/12\/SALLE-DE-JEUX-300x225.jpg 300w, https:\/\/www.essai.heurtevent.fr\/wp-content\/uploads\/2015\/12\/SALLE-DE-JEUX.jpg 800w\" sizes=\"auto, (max-width: 300px) 100vw, 300px\" \/><\/a><\/p>\n<p>Hay un restaurante bar frente a la piscina. Vas a tener tiempo para disfrutar de un c\u00f3ctel, una bebida, un helado o tomar una comida familiar en el bar-restaurante del camping.<\/p>\n<p>Bar restaurante abierto todos los d\u00edas durante la temporada alta (julio \/ agosto).<\/p>\n<p>En el lugar y comida para llevar. Aperitivos, carnes a la plancha, mejillones fritos, especialidades regionales. Billar y futbol\u00edn tambi\u00e9n esperan a los hu\u00e9spedes.<\/p>\n<p>Posibilidad de desayunos<\/p>\n<p>Pan, alimentos, bebidas o hielados.<\/p>\n<p>Catering para grupos en temporada baja, con reservacion.[\/vc_column_text][\/vc_column][\/vc_row][vc_row][vc_column][vc_column_text]<\/p>\n<p>Horarios snack bar :\u00a0\u00a08:30 &#8211; 01:00 manana\u00a0y 03:00 &#8211; 10:00 de la tarde<\/p>\n<h3>Los Juegos al aire libre<\/h3>\n<p>Durante su estancia en el camping podr\u00e1 disfrutar de juegos al aire libre para ni\u00f1os y adultos.<\/p>\n<h3>La zona de gimnasio al aire libre<\/h3>\n<p>Hacer\u00a0deporte y mantenerse en forma durante sus vacaciones<\/p>\n<p>[\/vc_column_text][\/vc_column][\/vc_row][vc_row][vc_column][vc_column_text]<\/p>\n<p>&nbsp;<\/p>\n<h2 class=\"aze\">Mini-golf &#8211; Petanca &#8211; Zona de juegos y trampol\u00edn<\/h2>\n<p>Relajarse con la familia en el transcurso de 6 hoyos de mini-golf. Los ni\u00f1os pueden jugar con seguridad en el patio de recreo vallado.[\/vc_column_text][\/vc_column][\/vc_row][vc_row][vc_column][vc_column_text]<\/p>\n<h2 class=\"aze\">Para hacer la vida m\u00e1s f\u00e1cil<\/h2>\n<h3>Alquiler de bicicletas<\/h3>\n<p>&nbsp;<\/p>\n<p><a class=\"dt-single-image\" href=\"https:\/\/www.essai.heurtevent.fr\/wp-content\/uploads\/2015\/12\/LOCATION-VELO.jpg\" rel=\"attachment wp-att-1312\" data-dt-img-description=\"\"><img loading=\"lazy\" decoding=\"async\" class=\"size-medium wp-image-1312 alignleft\" src=\"https:\/\/www.essai.heurtevent.fr\/wp-content\/uploads\/2015\/12\/LOCATION-VELO-300x225.jpg\" alt=\"camping velo normandie\" width=\"300\" height=\"225\" srcset=\"https:\/\/www.essai.heurtevent.fr\/wp-content\/uploads\/2015\/12\/LOCATION-VELO-300x225.jpg 300w, https:\/\/www.essai.heurtevent.fr\/wp-content\/uploads\/2015\/12\/LOCATION-VELO.jpg 600w\" sizes=\"auto, (max-width: 300px) 100vw, 300px\" \/><\/a><\/p>\n<p>Disfrutar de los senderos para bicicletas para descubrir las hermosas vistas de Alta Normand\u00eda desde el camping. En la p\u00e1gina Turismo en Normand\u00eda, puede descargar las pistas alrededor del camping Villequier y Caudebec-en-Caux.<\/p>\n<p>Su sitio ofrece alquiler de bicicletas por d\u00eda o por semana para poder pasear en paz los caminos para bicicletas cerca del camping.<\/p>\n<p>&nbsp;<\/p>\n<p>&nbsp;<\/p>\n<p>&nbsp;<\/p>\n<p>&nbsp;<\/p>\n<h3>Kit de beb\u00e9 Alquiler<\/h3>\n<p>Para viajar con poco peso, reservar su kit para beb\u00e9s<\/p>\n<p><a class=\"dt-single-image\" href=\"https:\/\/www.essai.heurtevent.fr\/wp-content\/uploads\/2015\/12\/kit-bebe.jpg\" rel=\"attachment wp-att-1567\" data-dt-img-description=\"\"><img loading=\"lazy\" decoding=\"async\" class=\"aligncenter size-full wp-image-1567\" src=\"https:\/\/www.essai.heurtevent.fr\/wp-content\/uploads\/2015\/12\/kit-bebe.jpg\" alt=\"kit-bebe\" width=\"850\" height=\"241\" srcset=\"https:\/\/www.essai.heurtevent.fr\/wp-content\/uploads\/2015\/12\/kit-bebe.jpg 850w, https:\/\/www.essai.heurtevent.fr\/wp-content\/uploads\/2015\/12\/kit-bebe-300x85.jpg 300w, https:\/\/www.essai.heurtevent.fr\/wp-content\/uploads\/2015\/12\/kit-bebe-768x218.jpg 768w\" sizes=\"auto, (max-width: 850px) 100vw, 850px\" \/><\/a><\/p>\n<p>&nbsp;<\/p>\n<p><strong>Precio alquiler kit beb\u00e9: 3,5 \u20ac por d\u00eda<\/strong><\/p>\n<p>&nbsp;<\/p>\n<hr \/>\n<p>&nbsp;<\/p>\n<p>Reserve ya su acampamiento o alojamiento\u00a0en Normandie en el camping\u00a0Barre Y Va<\/p>\n<p>camping en Normandie, \u00a0Camping Normand\u00eda turismo<\/p>\n<p>&nbsp;<\/p>\n<p>&nbsp;<\/p>\n<p>[\/vc_column_text][\/vc_column][\/vc_row]<\/p>\n<\/div>","protected":false},"excerpt":{"rendered":"<p>[vc_row][vc_column][vc_column_text] Las instalaciones y servicios del camping\u00a0Barre Y Va Su camping en Normandie Barre Y Va ofrece una variedad de actividades durante su estancia. Descubre las instalaciones y servicios de su camping para pasar unas fant\u00e1sticas vacaciones en familia en Normand\u00eda. En el camping\u00a0Barre Y Va, el tiempo pasa muy r\u00e1pido! El bar \/ restaurante&hellip;<\/p>\n","protected":false},"author":1,"featured_media":0,"parent":0,"menu_order":0,"comment_status":"closed","ping_status":"closed","template":"","meta":{"footnotes":""},"class_list":["post-1727","page","type-page","status-publish","hentry","description-off"],"yoast_head":"<!-- This site is optimized with the Yoast SEO plugin v25.6 - https:\/\/yoast.com\/wordpress\/plugins\/seo\/ -->\n<title>Servicio - barreyva<\/title>\n<meta name=\"robots\" content=\"index, follow, max-snippet:-1, max-image-preview:large, max-video-preview:-1\" \/>\n<link rel=\"canonical\" href=\"https:\/\/www.essai.heurtevent.fr\/es\/servicio\/\" \/>\n<meta property=\"og:locale\" content=\"es_ES\" \/>\n<meta property=\"og:type\" content=\"article\" \/>\n<meta property=\"og:title\" content=\"Servicio - barreyva\" \/>\n<meta property=\"og:description\" content=\"[vc_row][vc_column][vc_column_text] Las instalaciones y servicios del camping\u00a0Barre Y Va Su camping en Normandie Barre Y Va ofrece una variedad de actividades durante su estancia. Descubre las instalaciones y servicios de su camping para pasar unas fant\u00e1sticas vacaciones en familia en Normand\u00eda. En el camping\u00a0Barre Y Va, el tiempo pasa muy r\u00e1pido! El bar \/ restaurante&hellip;\" \/>\n<meta property=\"og:url\" content=\"https:\/\/www.essai.heurtevent.fr\/es\/servicio\/\" \/>\n<meta property=\"og:site_name\" content=\"barreyva\" \/>\n<meta property=\"article:modified_time\" content=\"2022-01-03T11:03:03+00:00\" \/>\n<meta property=\"og:image\" content=\"https:\/\/www.essai.heurtevent.fr\/wp-content\/uploads\/2015\/12\/SALLE-DE-JEUX-300x225.jpg\" \/>\n<meta name=\"twitter:card\" content=\"summary_large_image\" \/>\n<meta name=\"twitter:label1\" content=\"Tiempo de lectura\" \/>\n\t<meta name=\"twitter:data1\" content=\"3 minutos\" \/>\n<script type=\"application\/ld+json\" class=\"yoast-schema-graph\">{\"@context\":\"https:\/\/schema.org\",\"@graph\":[{\"@type\":\"WebPage\",\"@id\":\"https:\/\/www.essai.heurtevent.fr\/es\/servicio\/\",\"url\":\"https:\/\/www.essai.heurtevent.fr\/es\/servicio\/\",\"name\":\"Servicio - barreyva\",\"isPartOf\":{\"@id\":\"https:\/\/www.essai.heurtevent.fr\/#website\"},\"primaryImageOfPage\":{\"@id\":\"https:\/\/www.essai.heurtevent.fr\/es\/servicio\/#primaryimage\"},\"image\":{\"@id\":\"https:\/\/www.essai.heurtevent.fr\/es\/servicio\/#primaryimage\"},\"thumbnailUrl\":\"https:\/\/www.essai.heurtevent.fr\/wp-content\/uploads\/2015\/12\/SALLE-DE-JEUX-300x225.jpg\",\"datePublished\":\"2015-12-19T17:47:24+00:00\",\"dateModified\":\"2022-01-03T11:03:03+00:00\",\"breadcrumb\":{\"@id\":\"https:\/\/www.essai.heurtevent.fr\/es\/servicio\/#breadcrumb\"},\"inLanguage\":\"es\",\"potentialAction\":[{\"@type\":\"ReadAction\",\"target\":[\"https:\/\/www.essai.heurtevent.fr\/es\/servicio\/\"]}]},{\"@type\":\"ImageObject\",\"inLanguage\":\"es\",\"@id\":\"https:\/\/www.essai.heurtevent.fr\/es\/servicio\/#primaryimage\",\"url\":\"https:\/\/www.essai.heurtevent.fr\/wp-content\/uploads\/2015\/12\/SALLE-DE-JEUX-300x225.jpg\",\"contentUrl\":\"https:\/\/www.essai.heurtevent.fr\/wp-content\/uploads\/2015\/12\/SALLE-DE-JEUX-300x225.jpg\"},{\"@type\":\"BreadcrumbList\",\"@id\":\"https:\/\/www.essai.heurtevent.fr\/es\/servicio\/#breadcrumb\",\"itemListElement\":[{\"@type\":\"ListItem\",\"position\":1,\"name\":\"Accueil\",\"item\":\"https:\/\/www.essai.heurtevent.fr\/es\/\"},{\"@type\":\"ListItem\",\"position\":2,\"name\":\"Servicio\"}]},{\"@type\":\"WebSite\",\"@id\":\"https:\/\/www.essai.heurtevent.fr\/#website\",\"url\":\"https:\/\/www.essai.heurtevent.fr\/\",\"name\":\"barreyva\",\"description\":\"camping normandie\",\"potentialAction\":[{\"@type\":\"SearchAction\",\"target\":{\"@type\":\"EntryPoint\",\"urlTemplate\":\"https:\/\/www.essai.heurtevent.fr\/?s={search_term_string}\"},\"query-input\":{\"@type\":\"PropertyValueSpecification\",\"valueRequired\":true,\"valueName\":\"search_term_string\"}}],\"inLanguage\":\"es\"}]}<\/script>\n<!-- \/ Yoast SEO plugin. -->","yoast_head_json":{"title":"Servicio - barreyva","robots":{"index":"index","follow":"follow","max-snippet":"max-snippet:-1","max-image-preview":"max-image-preview:large","max-video-preview":"max-video-preview:-1"},"canonical":"https:\/\/www.essai.heurtevent.fr\/es\/servicio\/","og_locale":"es_ES","og_type":"article","og_title":"Servicio - barreyva","og_description":"[vc_row][vc_column][vc_column_text] Las instalaciones y servicios del camping\u00a0Barre Y Va Su camping en Normandie Barre Y Va ofrece una variedad de actividades durante su estancia. Descubre las instalaciones y servicios de su camping para pasar unas fant\u00e1sticas vacaciones en familia en Normand\u00eda. En el camping\u00a0Barre Y Va, el tiempo pasa muy r\u00e1pido! El bar \/ restaurante&hellip;","og_url":"https:\/\/www.essai.heurtevent.fr\/es\/servicio\/","og_site_name":"barreyva","article_modified_time":"2022-01-03T11:03:03+00:00","og_image":[{"url":"https:\/\/www.essai.heurtevent.fr\/wp-content\/uploads\/2015\/12\/SALLE-DE-JEUX-300x225.jpg","type":"","width":"","height":""}],"twitter_card":"summary_large_image","twitter_misc":{"Tiempo de lectura":"3 minutos"},"schema":{"@context":"https:\/\/schema.org","@graph":[{"@type":"WebPage","@id":"https:\/\/www.essai.heurtevent.fr\/es\/servicio\/","url":"https:\/\/www.essai.heurtevent.fr\/es\/servicio\/","name":"Servicio - barreyva","isPartOf":{"@id":"https:\/\/www.essai.heurtevent.fr\/#website"},"primaryImageOfPage":{"@id":"https:\/\/www.essai.heurtevent.fr\/es\/servicio\/#primaryimage"},"image":{"@id":"https:\/\/www.essai.heurtevent.fr\/es\/servicio\/#primaryimage"},"thumbnailUrl":"https:\/\/www.essai.heurtevent.fr\/wp-content\/uploads\/2015\/12\/SALLE-DE-JEUX-300x225.jpg","datePublished":"2015-12-19T17:47:24+00:00","dateModified":"2022-01-03T11:03:03+00:00","breadcrumb":{"@id":"https:\/\/www.essai.heurtevent.fr\/es\/servicio\/#breadcrumb"},"inLanguage":"es","potentialAction":[{"@type":"ReadAction","target":["https:\/\/www.essai.heurtevent.fr\/es\/servicio\/"]}]},{"@type":"ImageObject","inLanguage":"es","@id":"https:\/\/www.essai.heurtevent.fr\/es\/servicio\/#primaryimage","url":"https:\/\/www.essai.heurtevent.fr\/wp-content\/uploads\/2015\/12\/SALLE-DE-JEUX-300x225.jpg","contentUrl":"https:\/\/www.essai.heurtevent.fr\/wp-content\/uploads\/2015\/12\/SALLE-DE-JEUX-300x225.jpg"},{"@type":"BreadcrumbList","@id":"https:\/\/www.essai.heurtevent.fr\/es\/servicio\/#breadcrumb","itemListElement":[{"@type":"ListItem","position":1,"name":"Accueil","item":"https:\/\/www.essai.heurtevent.fr\/es\/"},{"@type":"ListItem","position":2,"name":"Servicio"}]},{"@type":"WebSite","@id":"https:\/\/www.essai.heurtevent.fr\/#website","url":"https:\/\/www.essai.heurtevent.fr\/","name":"barreyva","description":"camping normandie","potentialAction":[{"@type":"SearchAction","target":{"@type":"EntryPoint","urlTemplate":"https:\/\/www.essai.heurtevent.fr\/?s={search_term_string}"},"query-input":{"@type":"PropertyValueSpecification","valueRequired":true,"valueName":"search_term_string"}}],"inLanguage":"es"}]}},"_links":{"self":[{"href":"https:\/\/www.essai.heurtevent.fr\/es\/wp-json\/wp\/v2\/pages\/1727","targetHints":{"allow":["GET"]}}],"collection":[{"href":"https:\/\/www.essai.heurtevent.fr\/es\/wp-json\/wp\/v2\/pages"}],"about":[{"href":"https:\/\/www.essai.heurtevent.fr\/es\/wp-json\/wp\/v2\/types\/page"}],"author":[{"embeddable":true,"href":"https:\/\/www.essai.heurtevent.fr\/es\/wp-json\/wp\/v2\/users\/1"}],"replies":[{"embeddable":true,"href":"https:\/\/www.essai.heurtevent.fr\/es\/wp-json\/wp\/v2\/comments?post=1727"}],"version-history":[{"count":0,"href":"https:\/\/www.essai.heurtevent.fr\/es\/wp-json\/wp\/v2\/pages\/1727\/revisions"}],"wp:attachment":[{"href":"https:\/\/www.essai.heurtevent.fr\/es\/wp-json\/wp\/v2\/media?parent=1727"}],"curies":[{"name":"wp","href":"https:\/\/api.w.org\/{rel}","templated":true}]}}