{"id":1723,"date":"2016-09-06T11:27:37","date_gmt":"2016-09-06T10:27:37","guid":{"rendered":"https:\/\/www.essai.heurtevent.fr\/es\/?page_id=1723"},"modified":"2022-04-04T15:18:48","modified_gmt":"2022-04-04T14:18:48","slug":"piscina","status":"publish","type":"page","link":"https:\/\/www.essai.heurtevent.fr\/es\/piscina\/","title":{"rendered":"Piscine"},"content":{"rendered":"<div class=\"wpb-content-wrapper\"><p>[vc_row][vc_column][vc_column_text]<\/p>\n<h1>Camping en Normandie con\u00a0Piscina<\/h1>\n<p>&nbsp;<\/p>\n<p>Durante su estancia al camping Barre Y Va en Normandie, disfruta de la piscina cubierta con 3 piscinas de agua caliente con una zona de jacuzzi. 3 piscinas para todas las edades. Visita guiada !<\/p>\n<h2 style=\"text-align: center;\"><span style=\"color: #ff0000;\">La piscina esta caliente<\/span><\/h2>\n<script type=\"text\/javascript\">jQuery(function() { _initLayerSlider( '#layerslider_7_p4mauu77cy7e', {createdWith: '6.11.2', sliderVersion: '6.11.8', allowFullscreen: true, pauseOnHover: 'enabled', skin: 'v6', sliderFadeInDuration: 350, useSrcset: true, skinsPath: 'https:\/\/www.essai.heurtevent.fr\/wp-content\/plugins\/LayerSlider\/assets\/static\/layerslider\/skins\/', performanceMode: true}); });<\/script><div id=\"layerslider_7_p4mauu77cy7e\" data-ls-slug=\"piscine\" class=\"ls-wp-container fitvidsignore ls-selectable\" style=\"width:1280px;height:720px;margin:0 auto;margin-bottom: 0px;\"><div class=\"ls-slide\" ><img loading=\"lazy\" decoding=\"async\" width=\"1000\" height=\"750\" src=\"https:\/\/www.essai.heurtevent.fr\/wp-content\/uploads\/2021\/07\/piscine-enfants-camping.jpg\" class=\"ls-bg\" alt=\"camping piscine enfants\" srcset=\"https:\/\/www.essai.heurtevent.fr\/wp-content\/uploads\/2021\/07\/piscine-enfants-camping.jpg 1000w, https:\/\/www.essai.heurtevent.fr\/wp-content\/uploads\/2021\/07\/piscine-enfants-camping-300x225.jpg 300w, https:\/\/www.essai.heurtevent.fr\/wp-content\/uploads\/2021\/07\/piscine-enfants-camping-768x576.jpg 768w\" sizes=\"auto, (max-width: 1000px) 100vw, 1000px\" \/><\/div><div class=\"ls-slide\" ><img loading=\"lazy\" decoding=\"async\" width=\"750\" height=\"1000\" src=\"https:\/\/www.essai.heurtevent.fr\/wp-content\/uploads\/2021\/07\/camping-piscine-couverte-normandie.jpg\" class=\"ls-bg\" alt=\"camping piscine couverte normandie\" srcset=\"https:\/\/www.essai.heurtevent.fr\/wp-content\/uploads\/2021\/07\/camping-piscine-couverte-normandie.jpg 750w, https:\/\/www.essai.heurtevent.fr\/wp-content\/uploads\/2021\/07\/camping-piscine-couverte-normandie-225x300.jpg 225w\" sizes=\"auto, (max-width: 750px) 100vw, 750px\" \/><\/div><div class=\"ls-slide\" ><img loading=\"lazy\" decoding=\"async\" width=\"1000\" height=\"750\" src=\"https:\/\/www.essai.heurtevent.fr\/wp-content\/uploads\/2021\/07\/piscine-couverte.jpg\" class=\"ls-bg\" alt=\"camping avec piscine chauff\u00e9e couverte Normandie\" srcset=\"https:\/\/www.essai.heurtevent.fr\/wp-content\/uploads\/2021\/07\/piscine-couverte.jpg 1000w, https:\/\/www.essai.heurtevent.fr\/wp-content\/uploads\/2021\/07\/piscine-couverte-300x225.jpg 300w, https:\/\/www.essai.heurtevent.fr\/wp-content\/uploads\/2021\/07\/piscine-couverte-768x576.jpg 768w\" sizes=\"auto, (max-width: 1000px) 100vw, 1000px\" \/><\/div><div class=\"ls-slide\" data-ls=\"duration:3000;\"><img loading=\"lazy\" decoding=\"async\" width=\"800\" height=\"530\" src=\"https:\/\/www.essai.heurtevent.fr\/wp-content\/uploads\/2015\/12\/piscine-barre-y-va-21-1.jpg\" class=\"ls-bg\" alt=\"\" srcset=\"https:\/\/www.essai.heurtevent.fr\/wp-content\/uploads\/2015\/12\/piscine-barre-y-va-21-1.jpg 800w, https:\/\/www.essai.heurtevent.fr\/wp-content\/uploads\/2015\/12\/piscine-barre-y-va-21-1-300x199.jpg 300w\" sizes=\"auto, (max-width: 800px) 100vw, 800px\" \/><\/div><div class=\"ls-slide\" ><img loading=\"lazy\" decoding=\"async\" width=\"1000\" height=\"750\" src=\"https:\/\/www.essai.heurtevent.fr\/wp-content\/uploads\/2021\/07\/piscine-rives-en-seine.jpg\" class=\"ls-bg\" alt=\"Piscine Haute Normandie\" srcset=\"https:\/\/www.essai.heurtevent.fr\/wp-content\/uploads\/2021\/07\/piscine-rives-en-seine.jpg 1000w, https:\/\/www.essai.heurtevent.fr\/wp-content\/uploads\/2021\/07\/piscine-rives-en-seine-300x225.jpg 300w, https:\/\/www.essai.heurtevent.fr\/wp-content\/uploads\/2021\/07\/piscine-rives-en-seine-768x576.jpg 768w\" sizes=\"auto, (max-width: 1000px) 100vw, 1000px\" \/><\/div><div class=\"ls-slide\" data-ls=\"duration:3000;\"><img loading=\"lazy\" decoding=\"async\" width=\"800\" height=\"600\" src=\"https:\/\/www.essai.heurtevent.fr\/wp-content\/uploads\/2015\/12\/TOBOGAN.jpg\" class=\"ls-bg\" alt=\"\" srcset=\"https:\/\/www.essai.heurtevent.fr\/wp-content\/uploads\/2015\/12\/TOBOGAN.jpg 800w, https:\/\/www.essai.heurtevent.fr\/wp-content\/uploads\/2015\/12\/TOBOGAN-300x225.jpg 300w\" sizes=\"auto, (max-width: 800px) 100vw, 800px\" \/><\/div><div class=\"ls-slide\" ><img loading=\"lazy\" decoding=\"async\" width=\"1000\" height=\"750\" src=\"https:\/\/www.essai.heurtevent.fr\/wp-content\/uploads\/2021\/07\/camping-normandie-parc-aquatique.jpg\" class=\"ls-bg\" alt=\"\" srcset=\"https:\/\/www.essai.heurtevent.fr\/wp-content\/uploads\/2021\/07\/camping-normandie-parc-aquatique.jpg 1000w, https:\/\/www.essai.heurtevent.fr\/wp-content\/uploads\/2021\/07\/camping-normandie-parc-aquatique-300x225.jpg 300w, https:\/\/www.essai.heurtevent.fr\/wp-content\/uploads\/2021\/07\/camping-normandie-parc-aquatique-768x576.jpg 768w\" sizes=\"auto, (max-width: 1000px) 100vw, 1000px\" \/><\/div><div class=\"ls-slide\" data-ls=\"duration:3000;\"><img loading=\"lazy\" decoding=\"async\" width=\"800\" height=\"600\" src=\"https:\/\/www.essai.heurtevent.fr\/wp-content\/uploads\/2015\/12\/IMG_0085.jpg\" class=\"ls-bg\" alt=\"\" srcset=\"https:\/\/www.essai.heurtevent.fr\/wp-content\/uploads\/2015\/12\/IMG_0085.jpg 800w, https:\/\/www.essai.heurtevent.fr\/wp-content\/uploads\/2015\/12\/IMG_0085-300x225.jpg 300w\" sizes=\"auto, (max-width: 800px) 100vw, 800px\" \/><\/div><div class=\"ls-slide\" ><img loading=\"lazy\" decoding=\"async\" width=\"1000\" height=\"750\" src=\"https:\/\/www.essai.heurtevent.fr\/wp-content\/uploads\/2021\/07\/spa-normandie.jpg\" class=\"ls-bg\" alt=\"spa Normandie\" srcset=\"https:\/\/www.essai.heurtevent.fr\/wp-content\/uploads\/2021\/07\/spa-normandie.jpg 1000w, https:\/\/www.essai.heurtevent.fr\/wp-content\/uploads\/2021\/07\/spa-normandie-300x225.jpg 300w, https:\/\/www.essai.heurtevent.fr\/wp-content\/uploads\/2021\/07\/spa-normandie-768x576.jpg 768w\" sizes=\"auto, (max-width: 1000px) 100vw, 1000px\" \/><\/div><div class=\"ls-slide\" ><img loading=\"lazy\" decoding=\"async\" width=\"1000\" height=\"750\" src=\"https:\/\/www.essai.heurtevent.fr\/wp-content\/uploads\/2021\/07\/piscine-nocturne-4.jpg\" class=\"ls-bg\" alt=\"camping piscine ouvert la nuit\" srcset=\"https:\/\/www.essai.heurtevent.fr\/wp-content\/uploads\/2021\/07\/piscine-nocturne-4.jpg 1000w, https:\/\/www.essai.heurtevent.fr\/wp-content\/uploads\/2021\/07\/piscine-nocturne-4-300x225.jpg 300w, https:\/\/www.essai.heurtevent.fr\/wp-content\/uploads\/2021\/07\/piscine-nocturne-4-768x576.jpg 768w\" sizes=\"auto, (max-width: 1000px) 100vw, 1000px\" \/><\/div><div class=\"ls-slide\" ><img loading=\"lazy\" decoding=\"async\" width=\"1000\" height=\"750\" src=\"https:\/\/www.essai.heurtevent.fr\/wp-content\/uploads\/2021\/07\/camping-piscine.jpg\" class=\"ls-bg\" alt=\"camping piscine rives en Seine\" srcset=\"https:\/\/www.essai.heurtevent.fr\/wp-content\/uploads\/2021\/07\/camping-piscine.jpg 1000w, https:\/\/www.essai.heurtevent.fr\/wp-content\/uploads\/2021\/07\/camping-piscine-300x225.jpg 300w, https:\/\/www.essai.heurtevent.fr\/wp-content\/uploads\/2021\/07\/camping-piscine-768x576.jpg 768w\" sizes=\"auto, (max-width: 1000px) 100vw, 1000px\" \/><\/div><\/div>\n<h3 style=\"text-align: center;\"><\/h3>\n<h3 style=\"text-align: center;\">Las dimensiones de la piscina<br \/>\npiscina principal: 12 m X 6 m, profundidad de 1,40 m<\/h3>\n<p>&nbsp;<\/p>\n<h2>La piscine\u00a0cobierta con toboganes<\/h2>\n<p><a class=\"dt-single-image\" href=\"https:\/\/www.essai.heurtevent.fr\/wp-content\/uploads\/2015\/12\/IMG_0072.jpg\" data-dt-img-description=\"\"><img loading=\"lazy\" decoding=\"async\" class=\"ombre alignright wp-image-512\" src=\"https:\/\/www.essai.heurtevent.fr\/wp-content\/uploads\/2015\/12\/IMG_0072.jpg\" alt=\"IMG_0072\" width=\"514\" height=\"386\" srcset=\"https:\/\/www.essai.heurtevent.fr\/wp-content\/uploads\/2015\/12\/IMG_0072.jpg 800w, https:\/\/www.essai.heurtevent.fr\/wp-content\/uploads\/2015\/12\/IMG_0072-300x225.jpg 300w\" sizes=\"auto, (max-width: 514px) 100vw, 514px\" \/><\/a><\/p>\n<p>A un lado de la piscina se encuentra una piscina dedicada a los toboganes de agua.<\/p>\n<p>U\u00a0n gran\u00a0tobog\u00e1n \u00a0y un tobog\u00e1n \u00a0t\u00fanel. La piscina con tobog\u00e1n est\u00e1 disponible para los ni\u00f1os.<\/p>\n<p>El tama\u00f1o de la cuenca de\u00a0toboganes<\/p>\n<p>Bassin \u00a0de recepci\u00f3n de 7 x 4 m, profundidad de 1,10 metros<\/p>\n<p>dimensiones\u00a0de los toboganes<\/p>\n<p>Slip Slide: 4,5 m de largo x 3 m de ancho<\/p>\n<p>Tobogan\u00a0t\u00fanel de 7 metros de largo y 0,9 m de di\u00e1metro<\/p>\n<p>&nbsp;<\/p>\n<p>&nbsp;<\/p>\n<p>&nbsp;<\/p>\n<p>&nbsp;<\/p>\n<p>&nbsp;<\/p>\n<p>&nbsp;<\/p>\n<h2>La piscina infantil<\/h2>\n<p><a class=\"dt-single-image\" href=\"https:\/\/www.essai.heurtevent.fr\/wp-content\/uploads\/2015\/12\/IMG_0083.jpg\" data-dt-img-description=\"\"><img loading=\"lazy\" decoding=\"async\" class=\"ombre alignleft wp-image-515\" src=\"https:\/\/www.essai.heurtevent.fr\/wp-content\/uploads\/2015\/12\/IMG_0083.jpg\" alt=\"IMG_0083\" width=\"585\" height=\"439\" srcset=\"https:\/\/www.essai.heurtevent.fr\/wp-content\/uploads\/2015\/12\/IMG_0083.jpg 800w, https:\/\/www.essai.heurtevent.fr\/wp-content\/uploads\/2015\/12\/IMG_0083-300x225.jpg 300w\" sizes=\"auto, (max-width: 585px) 100vw, 585px\" \/><\/a>La piscina infantil es para ni\u00f1os y beb\u00e9s, acompa\u00f1ados por sus padres. Los ni\u00f1os podr\u00e1n disfrutar de los juegos de agua con fuente.<\/p>\n<p><strong>Las dimensiones de la\u00a0piscina<\/strong><\/p>\n<p>6 metros x 3,5 metros a 20 cent\u00edmetros de profundidad.<\/p>\n<p>Los ni\u00f1os est\u00e1n a salvo en este peque\u00f1o estanque pero esto no excluye supervisi\u00f3n de los padres.<\/p>\n<p>&nbsp;<\/p>\n<p>&nbsp;<\/p>\n<p>&nbsp;<\/p>\n<p>&nbsp;<\/p>\n<p>&nbsp;<\/p>\n<p>&nbsp;<\/p>\n<p>&nbsp;<\/p>\n<p>&nbsp;<\/p>\n<p>&nbsp;<\/p>\n<p>&nbsp;<\/p>\n<p>&nbsp;<\/p>\n<h2>Espacio Spa<\/h2>\n<p><img loading=\"lazy\" decoding=\"async\" class=\"wp-image-516 alignleft\" src=\"https:\/\/www.essai.heurtevent.fr\/wp-content\/uploads\/2015\/12\/IMG_0085.jpg\" alt=\"camping normandie piscine spa\" width=\"528\" height=\"396\" srcset=\"https:\/\/www.essai.heurtevent.fr\/wp-content\/uploads\/2015\/12\/IMG_0085.jpg 800w, https:\/\/www.essai.heurtevent.fr\/wp-content\/uploads\/2015\/12\/IMG_0085-300x225.jpg 300w\" sizes=\"auto, (max-width: 528px) 100vw, 528px\" \/><\/p>\n<p>En la piscina grande se puede nadar o simplemente relajarse en nuestros sillones de masaje acu\u00e1ticos.<\/p>\n<p>fuentes integradas con tumbonas har\u00e1n pasar un momento de bienestar en el\u00a0spa.<\/p>\n<p>2 espacios spa\u00a0 est\u00e1n disponibles en cada lado de la piscina.<\/p>\n<p>Durante su\u00a0\u00a0vacaciones en Normandie al camping\u00a0\u00a0Barre Y Va, disfruta la piscina\u00a0\u00a0frente a la zona del bar.<\/p>\n<p>&nbsp;<\/p>\n<p>&nbsp;<\/p>\n<p>&nbsp;<\/p>\n<p>&nbsp;<\/p>\n<p>&nbsp;<\/p>\n<p>&nbsp;<\/p>\n<p>&nbsp;<\/p>\n<p>&nbsp;<\/p>\n<p>&nbsp;<\/p>\n<p>&nbsp;<\/p>\n<p><img loading=\"lazy\" decoding=\"async\" class=\"wp-image-518 alignnone\" src=\"https:\/\/www.essai.heurtevent.fr\/wp-content\/uploads\/2015\/12\/IMGP0012.jpg\" alt=\"camping normandie piscine\" width=\"500\" height=\"350\" \/><img loading=\"lazy\" decoding=\"async\" class=\"wp-image-524 alignright\" src=\"https:\/\/www.essai.heurtevent.fr\/wp-content\/uploads\/2015\/12\/piscine-barre-y-va-21-1-300x199.jpg\" alt=\"camping normandie piscine couvete\" width=\"564\" height=\"350\" \/><\/p>\n<p>Espacio acu\u00e1tico horas 10:00 &#8211; 12 00 \u00a0y\u00a015h00-19:15<\/p>\n<p>&nbsp;<\/p>\n<p>Acampar piscina Normand\u00eda, camping piscina cubierta Normandie,<\/p>\n<p>[\/vc_column_text][\/vc_column][\/vc_row]<\/p>\n<\/div>","protected":false},"excerpt":{"rendered":"<p>[vc_row][vc_column][vc_column_text] Camping en Normandie con\u00a0Piscina &nbsp; Durante su estancia al camping Barre Y Va en Normandie, disfruta de la piscina cubierta con 3 piscinas de agua caliente con una zona de jacuzzi. 3 piscinas para todas las edades. Visita guiada ! La piscina esta caliente Las dimensiones de la piscina piscina principal: 12 m X&hellip;<\/p>\n","protected":false},"author":1,"featured_media":0,"parent":0,"menu_order":0,"comment_status":"closed","ping_status":"closed","template":"","meta":{"footnotes":""},"class_list":["post-1723","page","type-page","status-publish","hentry","description-off"],"yoast_head":"<!-- This site is optimized with the Yoast SEO plugin v25.6 - https:\/\/yoast.com\/wordpress\/plugins\/seo\/ -->\n<title>Piscine - barreyva<\/title>\n<meta name=\"robots\" content=\"index, follow, max-snippet:-1, max-image-preview:large, max-video-preview:-1\" \/>\n<link rel=\"canonical\" href=\"https:\/\/www.essai.heurtevent.fr\/es\/piscina\/\" \/>\n<meta property=\"og:locale\" content=\"es_ES\" \/>\n<meta property=\"og:type\" content=\"article\" \/>\n<meta property=\"og:title\" content=\"Piscine - barreyva\" \/>\n<meta property=\"og:description\" content=\"[vc_row][vc_column][vc_column_text] Camping en Normandie con\u00a0Piscina &nbsp; Durante su estancia al camping Barre Y Va en Normandie, disfruta de la piscina cubierta con 3 piscinas de agua caliente con una zona de jacuzzi. 3 piscinas para todas las edades. Visita guiada ! La piscina esta caliente Las dimensiones de la piscina piscina principal: 12 m X&hellip;\" \/>\n<meta property=\"og:url\" content=\"https:\/\/www.essai.heurtevent.fr\/es\/piscina\/\" \/>\n<meta property=\"og:site_name\" content=\"barreyva\" \/>\n<meta property=\"article:modified_time\" content=\"2022-04-04T14:18:48+00:00\" \/>\n<meta property=\"og:image\" content=\"https:\/\/www.essai.heurtevent.fr\/wp-content\/uploads\/2015\/12\/IMG_0072.jpg\" \/>\n<meta name=\"twitter:card\" content=\"summary_large_image\" \/>\n<meta name=\"twitter:label1\" content=\"Tiempo de lectura\" \/>\n\t<meta name=\"twitter:data1\" content=\"3 minutos\" \/>\n<script type=\"application\/ld+json\" class=\"yoast-schema-graph\">{\"@context\":\"https:\/\/schema.org\",\"@graph\":[{\"@type\":\"WebPage\",\"@id\":\"https:\/\/www.essai.heurtevent.fr\/es\/piscina\/\",\"url\":\"https:\/\/www.essai.heurtevent.fr\/es\/piscina\/\",\"name\":\"Piscine - barreyva\",\"isPartOf\":{\"@id\":\"https:\/\/www.essai.heurtevent.fr\/#website\"},\"primaryImageOfPage\":{\"@id\":\"https:\/\/www.essai.heurtevent.fr\/es\/piscina\/#primaryimage\"},\"image\":{\"@id\":\"https:\/\/www.essai.heurtevent.fr\/es\/piscina\/#primaryimage\"},\"thumbnailUrl\":\"https:\/\/www.essai.heurtevent.fr\/wp-content\/uploads\/2015\/12\/IMG_0072.jpg\",\"datePublished\":\"2016-09-06T10:27:37+00:00\",\"dateModified\":\"2022-04-04T14:18:48+00:00\",\"breadcrumb\":{\"@id\":\"https:\/\/www.essai.heurtevent.fr\/es\/piscina\/#breadcrumb\"},\"inLanguage\":\"es\",\"potentialAction\":[{\"@type\":\"ReadAction\",\"target\":[\"https:\/\/www.essai.heurtevent.fr\/es\/piscina\/\"]}]},{\"@type\":\"ImageObject\",\"inLanguage\":\"es\",\"@id\":\"https:\/\/www.essai.heurtevent.fr\/es\/piscina\/#primaryimage\",\"url\":\"https:\/\/www.essai.heurtevent.fr\/wp-content\/uploads\/2015\/12\/IMG_0072.jpg\",\"contentUrl\":\"https:\/\/www.essai.heurtevent.fr\/wp-content\/uploads\/2015\/12\/IMG_0072.jpg\"},{\"@type\":\"BreadcrumbList\",\"@id\":\"https:\/\/www.essai.heurtevent.fr\/es\/piscina\/#breadcrumb\",\"itemListElement\":[{\"@type\":\"ListItem\",\"position\":1,\"name\":\"Accueil\",\"item\":\"https:\/\/www.essai.heurtevent.fr\/es\/\"},{\"@type\":\"ListItem\",\"position\":2,\"name\":\"Piscine\"}]},{\"@type\":\"WebSite\",\"@id\":\"https:\/\/www.essai.heurtevent.fr\/#website\",\"url\":\"https:\/\/www.essai.heurtevent.fr\/\",\"name\":\"barreyva\",\"description\":\"camping normandie\",\"potentialAction\":[{\"@type\":\"SearchAction\",\"target\":{\"@type\":\"EntryPoint\",\"urlTemplate\":\"https:\/\/www.essai.heurtevent.fr\/?s={search_term_string}\"},\"query-input\":{\"@type\":\"PropertyValueSpecification\",\"valueRequired\":true,\"valueName\":\"search_term_string\"}}],\"inLanguage\":\"es\"}]}<\/script>\n<!-- \/ Yoast SEO plugin. -->","yoast_head_json":{"title":"Piscine - barreyva","robots":{"index":"index","follow":"follow","max-snippet":"max-snippet:-1","max-image-preview":"max-image-preview:large","max-video-preview":"max-video-preview:-1"},"canonical":"https:\/\/www.essai.heurtevent.fr\/es\/piscina\/","og_locale":"es_ES","og_type":"article","og_title":"Piscine - barreyva","og_description":"[vc_row][vc_column][vc_column_text] Camping en Normandie con\u00a0Piscina &nbsp; Durante su estancia al camping Barre Y Va en Normandie, disfruta de la piscina cubierta con 3 piscinas de agua caliente con una zona de jacuzzi. 3 piscinas para todas las edades. Visita guiada ! La piscina esta caliente Las dimensiones de la piscina piscina principal: 12 m X&hellip;","og_url":"https:\/\/www.essai.heurtevent.fr\/es\/piscina\/","og_site_name":"barreyva","article_modified_time":"2022-04-04T14:18:48+00:00","og_image":[{"url":"https:\/\/www.essai.heurtevent.fr\/wp-content\/uploads\/2015\/12\/IMG_0072.jpg","type":"","width":"","height":""}],"twitter_card":"summary_large_image","twitter_misc":{"Tiempo de lectura":"3 minutos"},"schema":{"@context":"https:\/\/schema.org","@graph":[{"@type":"WebPage","@id":"https:\/\/www.essai.heurtevent.fr\/es\/piscina\/","url":"https:\/\/www.essai.heurtevent.fr\/es\/piscina\/","name":"Piscine - barreyva","isPartOf":{"@id":"https:\/\/www.essai.heurtevent.fr\/#website"},"primaryImageOfPage":{"@id":"https:\/\/www.essai.heurtevent.fr\/es\/piscina\/#primaryimage"},"image":{"@id":"https:\/\/www.essai.heurtevent.fr\/es\/piscina\/#primaryimage"},"thumbnailUrl":"https:\/\/www.essai.heurtevent.fr\/wp-content\/uploads\/2015\/12\/IMG_0072.jpg","datePublished":"2016-09-06T10:27:37+00:00","dateModified":"2022-04-04T14:18:48+00:00","breadcrumb":{"@id":"https:\/\/www.essai.heurtevent.fr\/es\/piscina\/#breadcrumb"},"inLanguage":"es","potentialAction":[{"@type":"ReadAction","target":["https:\/\/www.essai.heurtevent.fr\/es\/piscina\/"]}]},{"@type":"ImageObject","inLanguage":"es","@id":"https:\/\/www.essai.heurtevent.fr\/es\/piscina\/#primaryimage","url":"https:\/\/www.essai.heurtevent.fr\/wp-content\/uploads\/2015\/12\/IMG_0072.jpg","contentUrl":"https:\/\/www.essai.heurtevent.fr\/wp-content\/uploads\/2015\/12\/IMG_0072.jpg"},{"@type":"BreadcrumbList","@id":"https:\/\/www.essai.heurtevent.fr\/es\/piscina\/#breadcrumb","itemListElement":[{"@type":"ListItem","position":1,"name":"Accueil","item":"https:\/\/www.essai.heurtevent.fr\/es\/"},{"@type":"ListItem","position":2,"name":"Piscine"}]},{"@type":"WebSite","@id":"https:\/\/www.essai.heurtevent.fr\/#website","url":"https:\/\/www.essai.heurtevent.fr\/","name":"barreyva","description":"camping normandie","potentialAction":[{"@type":"SearchAction","target":{"@type":"EntryPoint","urlTemplate":"https:\/\/www.essai.heurtevent.fr\/?s={search_term_string}"},"query-input":{"@type":"PropertyValueSpecification","valueRequired":true,"valueName":"search_term_string"}}],"inLanguage":"es"}]}},"_links":{"self":[{"href":"https:\/\/www.essai.heurtevent.fr\/es\/wp-json\/wp\/v2\/pages\/1723","targetHints":{"allow":["GET"]}}],"collection":[{"href":"https:\/\/www.essai.heurtevent.fr\/es\/wp-json\/wp\/v2\/pages"}],"about":[{"href":"https:\/\/www.essai.heurtevent.fr\/es\/wp-json\/wp\/v2\/types\/page"}],"author":[{"embeddable":true,"href":"https:\/\/www.essai.heurtevent.fr\/es\/wp-json\/wp\/v2\/users\/1"}],"replies":[{"embeddable":true,"href":"https:\/\/www.essai.heurtevent.fr\/es\/wp-json\/wp\/v2\/comments?post=1723"}],"version-history":[{"count":0,"href":"https:\/\/www.essai.heurtevent.fr\/es\/wp-json\/wp\/v2\/pages\/1723\/revisions"}],"wp:attachment":[{"href":"https:\/\/www.essai.heurtevent.fr\/es\/wp-json\/wp\/v2\/media?parent=1723"}],"curies":[{"name":"wp","href":"https:\/\/api.w.org\/{rel}","templated":true}]}}