{"id":1693,"date":"2016-09-06T09:58:00","date_gmt":"2016-09-06T08:58:00","guid":{"rendered":"https:\/\/www.essai.heurtevent.fr\/es\/?page_id=1693"},"modified":"2024-01-04T15:55:26","modified_gmt":"2024-01-04T14:55:26","slug":"mobil-home-alize","status":"publish","type":"page","link":"https:\/\/www.essai.heurtevent.fr\/es\/alojamientos\/mobil-home-alize\/","title":{"rendered":"Mobil home Alize"},"content":{"rendered":"<div class=\"wpb-content-wrapper\"><p>[vc_row][vc_column][vc_empty_space][vc_column_text]<\/p>\n<h1>Alquiler bungalow en Normandie Francia\u00a0&#8211; 33 m2<\/h1>\n<p>[\/vc_column_text][\/vc_column][\/vc_row][vc_row][vc_column offset=\u00bbvc_col-lg-8 vc_col-md-8 vc_col-xs-12&#8243;][vc_column_text]<\/p>\n<h2><strong>Bungalow ALIZE<\/strong><\/h2>\n<p>Su casa m\u00f3vil equipada con todas las comodidades 3 dormitorios\u00a0para 4-7 personas.<\/p>\n<p>Alojamiento para 4 adultos y 3 ni\u00f1os<\/p>\n<p>Descubre el\u00a0ALIZE , a lo largo del Sena, una excelente relaci\u00f3n precio \/ calidad para la regi\u00f3n, compare !<\/p>\n<p>Nuestros alquileres est\u00e1n equipadas con televisi\u00f3n (gratuito) y Wi-Fi no es gratuito y est\u00e1 disponible en el camping.<\/p>\n<p>Tener unas excelentes vacaciones en su camping en Normand\u00ede !<\/p>\n<h3><span style=\"font-size: 14px; font-weight: normal;\">[\/vc_column_text][vc_empty_space height=\u00bb82px\u00bb][vc_column_text]<a href=\"https:\/\/www.essai.heurtevent.fr\/wp-content\/uploads\/2015\/11\/Camping-normandie.png\" data-dt-img-description=\"\"><img loading=\"lazy\" decoding=\"async\" class=\"aligncenter wp-image-563\" src=\"https:\/\/www.essai.heurtevent.fr\/wp-content\/uploads\/2015\/11\/Camping-normandie.png\" alt=\"Camping normandie\" width=\"101\" height=\"58\" \/><\/a>[\/vc_column_text][vc_empty_space height=\u00bb82px\u00bb][vc_raw_html]JTNDY3R2LXByb2R1Y3QlMjBkYXRhLXByb2R1Y3QtaWQlM0QlMjc3MzEzMyUyNyUyMGRhdGEtZnVsbCUzRCUyN3RydWUlMjclMjAlM0UlM0MlMkZjdHYtcHJvZHVjdCUzRQ==[\/vc_raw_html][\/vc_column][vc_column offset=\u00bbvc_col-lg-4 vc_col-md-4 vc_col-xs-12&#8243;][vc_empty_space][vc_column_text]<br \/>\n<\/span><\/h3>\n<h2>Bungalow\u00a0ALIZE 3\u00a0Ch. &#8211; 33 m2<\/h2>\n<p>Bungalow\u00a0para la familia en Normandie Francia a lo largo del rio la Seine.[\/vc_column_text][vc_column_text el_class=\u00bbblocheb\u00bb]<\/p>\n<h3 style=\"text-align: center;\">DESDE<\/h3>\n<p>&nbsp;<\/p>\n<p style=\"text-align: center;\"><span style=\"color: #ff9900; font-size: 60px;\">465 \u20ac<\/span><\/p>\n<p style=\"text-align: center;\"><span style=\"color: #ff9900;\">_________________________________<\/span><\/p>\n<p style=\"text-align: center;\"><span style=\"color: #999999;\">por semana<\/span><\/p>\n<p style=\"text-align: center;\"><a href=\"https:\/\/bookingpremium.secureholiday.net\/es\/2735\/search\/product\/73133\" class=\"btn-shortcode dt-btn-l dt-btn default-btn-color default-btn-hover-color default-btn-bg-color default-btn-bg-hover-color\" target=\"_blank\" id=\"dt-btn-1\" rel=\"noopener\"><span>RESERVA Online<\/span><\/a><\/p>\n<p style=\"text-align: center;\">+33 2 35 96 26 38<\/p>\n<p>[\/vc_column_text][vc_empty_space][vc_column_text]<\/p>\n<p style=\"text-align: center;\">descargas<\/p>\n<p><a href=\"\/uploads\/es\/precios.pdf\" rel=\"attachment wp-att-1616\"><img loading=\"lazy\" decoding=\"async\" class=\"aligncenter size-full wp-image-1616\" src=\"\/wp-content\/uploads\/2015\/12\/precios.jpg\" alt=\"precios\" width=\"300\" height=\"54\" \/><\/a><\/p>\n<p><a href=\"\/wp-content\/uploads\/es\/plano.pdf\"><img loading=\"lazy\" decoding=\"async\" class=\"aligncenter wp-image-1613 size-full\" src=\"\/wp-content\/uploads\/2015\/12\/plano-del-camping.jpg\" alt=\"plano del camping\" width=\"300\" height=\"54\" \/><\/a>[\/vc_column_text][\/vc_column][\/vc_row][vc_row][vc_column][vc_empty_space][vc_column_text]<a href=\"https:\/\/www.essai.heurtevent.fr\/wp-content\/uploads\/2015\/11\/Camping-normandie.png\" data-dt-img-description=\"\"><img loading=\"lazy\" decoding=\"async\" class=\"aligncenter wp-image-563\" src=\"https:\/\/www.essai.heurtevent.fr\/wp-content\/uploads\/2015\/11\/Camping-normandie.png\" alt=\"Camping normandie\" width=\"101\" height=\"58\" \/><\/a>[\/vc_column_text][vc_column_text]<\/p>\n<h3 class=\"aze\">\u00a0TARIFAS bungalow ALIZE<\/h3>\n<p>[\/vc_column_text][vc_empty_space][vc_column_text]<strong>Tasas<\/strong>:<\/p>\n<p>Reserva: \u20ac 24,00 para una semana de alquiler y m\u00e1s<br \/>\nReserva: \u20ac 13,00 para un alquiler de fin de semana o media semana<\/p>\n<ul>\n<li>Tasa tur\u00edstica+ 18 anos : \u20ac 1,00 \u20ac \/ persona<\/li>\n<li>Tasa tur\u00edstica \u2013 18 anos :\u00a00,50 \u20ac \/ persona<\/li>\n<\/ul>\n<p>Dep\u00f3sito: Alquiler: 250 \u20ac + dep\u00f3sito limpieza: 80 \u20ac<\/p>\n<p>Visitantes :\u00a0 6,00 \u20ac<\/p>\n<p>&nbsp;<\/p>\n<h3><\/h3>\n<p>[\/vc_column_text][\/vc_column][\/vc_row][vc_row][vc_column][vc_empty_space][vc_column_text]<a href=\"https:\/\/www.essai.heurtevent.fr\/wp-content\/uploads\/2015\/11\/Camping-normandie.png\" data-dt-img-description=\"\"><img loading=\"lazy\" decoding=\"async\" class=\"aligncenter wp-image-563\" src=\"https:\/\/www.essai.heurtevent.fr\/wp-content\/uploads\/2015\/11\/Camping-normandie.png\" alt=\"Camping normandie\" width=\"101\" height=\"58\" \/><\/a>[\/vc_column_text][vc_column_text]<\/p>\n<h3 class=\"aze\">Informaci\u00f3n pr\u00e1ctica<\/h3>\n<p>[\/vc_column_text][vc_empty_space][\/vc_column][\/vc_row][vc_row bg_type=\u00bbbg_color\u00bb bg_override=\u00bbfull\u00bb bg_color_value=\u00bb#c5e8f8&#8243;][vc_column offset=\u00bbvc_col-lg-6 vc_col-md-6 vc_col-xs-12&#8243; el_class=\u00bbrangeetop30&#8243;][vc_column_text]<strong>Detalle del alquiler<\/strong><\/p>\n<p>33 m2, 4 personas con terraza y 3 ni\u00f1os<br \/>\n3 dormitorios<br \/>\n&#8211; 1 dormitorio con cama de matrimonio de 140 x 190 cm<br \/>\n&#8211; 1 dormitorio con 2 camas de 80 x 190 cm<br \/>\n&#8211; 1 dormitorio \u00a0con 2 camas de 80 x 190 cm + 1 litera 70 x 180 cm<br \/>\n&#8211; Cocina: estufa, fregadero, microondas, cafetera, nevera-congelador grande,<br \/>\n&#8211; Zona de estar con sof\u00e1 y televisi\u00f3n<br \/>\n&#8211; Cuarto de ba\u00f1o (ducha, lavabo)<br \/>\n&#8211; WC separado del cuarto de ba\u00f1o[\/vc_column_text][\/vc_column][vc_column offset=\u00bbvc_col-lg-6 vc_col-md-6 vc_col-xs-12&#8243; el_class=\u00bbrangeetop30&#8243;][vc_column_text]<span style=\"text-decoration: underline;\">Las tarifas incluyen:<\/span><\/p>\n<p>El alquiler del bungalow\u00a0equipado, el consumo de agua y electricidad<br \/>\nEL acceso a la piscina, juegos<br \/>\n<span style=\"text-decoration: underline;\">Las tarifas no incluyen:<\/span><\/p>\n<p>Las Tasas\u00a0locales<br \/>\nToallas y ropa de cama, posibilidad de alquilar.[\/vc_column_text][\/vc_column][\/vc_row][vc_row][vc_column][vc_empty_space][vc_column_text]<a class=\"dt-single-image\" href=\"https:\/\/www.essai.heurtevent.fr\/wp-content\/uploads\/2015\/11\/Camping-normandie.png\" data-dt-img-description=\"\"><img loading=\"lazy\" decoding=\"async\" class=\"wp-image-563 aligncenter\" src=\"https:\/\/www.essai.heurtevent.fr\/wp-content\/uploads\/2015\/11\/Camping-normandie.png\" alt=\"Camping normandie\" width=\"101\" height=\"58\" \/><\/a>[\/vc_column_text][vc_empty_space][\/vc_column][\/vc_row]<\/p>\n<\/div>","protected":false},"excerpt":{"rendered":"<p>[vc_row][vc_column][vc_empty_space][vc_column_text] Alquiler bungalow en Normandie Francia\u00a0&#8211; 33 m2 [\/vc_column_text][\/vc_column][\/vc_row][vc_row][vc_column offset=\u00bbvc_col-lg-8 vc_col-md-8 vc_col-xs-12&#8243;][vc_column_text] Bungalow ALIZE Su casa m\u00f3vil equipada con todas las comodidades 3 dormitorios\u00a0para 4-7 personas. Alojamiento para 4 adultos y 3 ni\u00f1os Descubre el\u00a0ALIZE , a lo largo del Sena, una excelente relaci\u00f3n precio \/ calidad para la regi\u00f3n, compare ! Nuestros alquileres est\u00e1n&hellip;<\/p>\n","protected":false},"author":1,"featured_media":0,"parent":1597,"menu_order":0,"comment_status":"closed","ping_status":"closed","template":"","meta":{"footnotes":""},"class_list":["post-1693","page","type-page","status-publish","hentry","description-off"],"yoast_head":"<!-- This site is optimized with the Yoast SEO plugin v25.6 - https:\/\/yoast.com\/wordpress\/plugins\/seo\/ -->\n<title>Alquiler bungalow Normandia Francia | Barre y va<\/title>\n<meta name=\"description\" content=\"Su casa m\u00f3vil equipada con todas las comodidades 3 dormitorios para 4-7 personas en su camping de normandie\" \/>\n<meta name=\"robots\" content=\"index, follow, max-snippet:-1, max-image-preview:large, max-video-preview:-1\" \/>\n<link rel=\"canonical\" href=\"https:\/\/www.essai.heurtevent.fr\/es\/alojamientos\/mobil-home-alize\/\" \/>\n<meta property=\"og:locale\" content=\"es_ES\" \/>\n<meta property=\"og:type\" content=\"article\" \/>\n<meta property=\"og:title\" content=\"Alquiler bungalow Normandia Francia | Barre y va\" \/>\n<meta property=\"og:description\" content=\"Su casa m\u00f3vil equipada con todas las comodidades 3 dormitorios para 4-7 personas en su camping de normandie\" \/>\n<meta property=\"og:url\" content=\"https:\/\/www.essai.heurtevent.fr\/es\/alojamientos\/mobil-home-alize\/\" \/>\n<meta property=\"og:site_name\" content=\"barreyva\" \/>\n<meta property=\"article:modified_time\" content=\"2024-01-04T14:55:26+00:00\" \/>\n<meta property=\"og:image\" content=\"https:\/\/www.essai.heurtevent.fr\/wp-content\/uploads\/2015\/11\/Camping-normandie.png\" \/>\n<meta name=\"twitter:card\" content=\"summary_large_image\" \/>\n<meta name=\"twitter:label1\" content=\"Tiempo de lectura\" \/>\n\t<meta name=\"twitter:data1\" content=\"3 minutos\" \/>\n<script type=\"application\/ld+json\" class=\"yoast-schema-graph\">{\"@context\":\"https:\/\/schema.org\",\"@graph\":[{\"@type\":\"WebPage\",\"@id\":\"https:\/\/www.essai.heurtevent.fr\/es\/alojamientos\/mobil-home-alize\/\",\"url\":\"https:\/\/www.essai.heurtevent.fr\/es\/alojamientos\/mobil-home-alize\/\",\"name\":\"Alquiler bungalow Normandia Francia | Barre y va\",\"isPartOf\":{\"@id\":\"https:\/\/www.essai.heurtevent.fr\/#website\"},\"primaryImageOfPage\":{\"@id\":\"https:\/\/www.essai.heurtevent.fr\/es\/alojamientos\/mobil-home-alize\/#primaryimage\"},\"image\":{\"@id\":\"https:\/\/www.essai.heurtevent.fr\/es\/alojamientos\/mobil-home-alize\/#primaryimage\"},\"thumbnailUrl\":\"https:\/\/www.essai.heurtevent.fr\/wp-content\/uploads\/2015\/11\/Camping-normandie.png\",\"datePublished\":\"2016-09-06T08:58:00+00:00\",\"dateModified\":\"2024-01-04T14:55:26+00:00\",\"description\":\"Su casa m\u00f3vil equipada con todas las comodidades 3 dormitorios para 4-7 personas en su camping de normandie\",\"breadcrumb\":{\"@id\":\"https:\/\/www.essai.heurtevent.fr\/es\/alojamientos\/mobil-home-alize\/#breadcrumb\"},\"inLanguage\":\"es\",\"potentialAction\":[{\"@type\":\"ReadAction\",\"target\":[\"https:\/\/www.essai.heurtevent.fr\/es\/alojamientos\/mobil-home-alize\/\"]}]},{\"@type\":\"ImageObject\",\"inLanguage\":\"es\",\"@id\":\"https:\/\/www.essai.heurtevent.fr\/es\/alojamientos\/mobil-home-alize\/#primaryimage\",\"url\":\"https:\/\/www.essai.heurtevent.fr\/wp-content\/uploads\/2015\/11\/Camping-normandie.png\",\"contentUrl\":\"https:\/\/www.essai.heurtevent.fr\/wp-content\/uploads\/2015\/11\/Camping-normandie.png\"},{\"@type\":\"BreadcrumbList\",\"@id\":\"https:\/\/www.essai.heurtevent.fr\/es\/alojamientos\/mobil-home-alize\/#breadcrumb\",\"itemListElement\":[{\"@type\":\"ListItem\",\"position\":1,\"name\":\"Accueil\",\"item\":\"https:\/\/www.essai.heurtevent.fr\/es\/\"},{\"@type\":\"ListItem\",\"position\":2,\"name\":\"Alojamientos\",\"item\":\"https:\/\/www.essai.heurtevent.fr\/es\/alojamientos\/\"},{\"@type\":\"ListItem\",\"position\":3,\"name\":\"Mobil home Alize\"}]},{\"@type\":\"WebSite\",\"@id\":\"https:\/\/www.essai.heurtevent.fr\/#website\",\"url\":\"https:\/\/www.essai.heurtevent.fr\/\",\"name\":\"barreyva\",\"description\":\"camping normandie\",\"potentialAction\":[{\"@type\":\"SearchAction\",\"target\":{\"@type\":\"EntryPoint\",\"urlTemplate\":\"https:\/\/www.essai.heurtevent.fr\/?s={search_term_string}\"},\"query-input\":{\"@type\":\"PropertyValueSpecification\",\"valueRequired\":true,\"valueName\":\"search_term_string\"}}],\"inLanguage\":\"es\"}]}<\/script>\n<!-- \/ Yoast SEO plugin. -->","yoast_head_json":{"title":"Alquiler bungalow Normandia Francia | Barre y va","description":"Su casa m\u00f3vil equipada con todas las comodidades 3 dormitorios para 4-7 personas en su camping de normandie","robots":{"index":"index","follow":"follow","max-snippet":"max-snippet:-1","max-image-preview":"max-image-preview:large","max-video-preview":"max-video-preview:-1"},"canonical":"https:\/\/www.essai.heurtevent.fr\/es\/alojamientos\/mobil-home-alize\/","og_locale":"es_ES","og_type":"article","og_title":"Alquiler bungalow Normandia Francia | Barre y va","og_description":"Su casa m\u00f3vil equipada con todas las comodidades 3 dormitorios para 4-7 personas en su camping de normandie","og_url":"https:\/\/www.essai.heurtevent.fr\/es\/alojamientos\/mobil-home-alize\/","og_site_name":"barreyva","article_modified_time":"2024-01-04T14:55:26+00:00","og_image":[{"url":"https:\/\/www.essai.heurtevent.fr\/wp-content\/uploads\/2015\/11\/Camping-normandie.png","type":"","width":"","height":""}],"twitter_card":"summary_large_image","twitter_misc":{"Tiempo de lectura":"3 minutos"},"schema":{"@context":"https:\/\/schema.org","@graph":[{"@type":"WebPage","@id":"https:\/\/www.essai.heurtevent.fr\/es\/alojamientos\/mobil-home-alize\/","url":"https:\/\/www.essai.heurtevent.fr\/es\/alojamientos\/mobil-home-alize\/","name":"Alquiler bungalow Normandia Francia | Barre y va","isPartOf":{"@id":"https:\/\/www.essai.heurtevent.fr\/#website"},"primaryImageOfPage":{"@id":"https:\/\/www.essai.heurtevent.fr\/es\/alojamientos\/mobil-home-alize\/#primaryimage"},"image":{"@id":"https:\/\/www.essai.heurtevent.fr\/es\/alojamientos\/mobil-home-alize\/#primaryimage"},"thumbnailUrl":"https:\/\/www.essai.heurtevent.fr\/wp-content\/uploads\/2015\/11\/Camping-normandie.png","datePublished":"2016-09-06T08:58:00+00:00","dateModified":"2024-01-04T14:55:26+00:00","description":"Su casa m\u00f3vil equipada con todas las comodidades 3 dormitorios para 4-7 personas en su camping de normandie","breadcrumb":{"@id":"https:\/\/www.essai.heurtevent.fr\/es\/alojamientos\/mobil-home-alize\/#breadcrumb"},"inLanguage":"es","potentialAction":[{"@type":"ReadAction","target":["https:\/\/www.essai.heurtevent.fr\/es\/alojamientos\/mobil-home-alize\/"]}]},{"@type":"ImageObject","inLanguage":"es","@id":"https:\/\/www.essai.heurtevent.fr\/es\/alojamientos\/mobil-home-alize\/#primaryimage","url":"https:\/\/www.essai.heurtevent.fr\/wp-content\/uploads\/2015\/11\/Camping-normandie.png","contentUrl":"https:\/\/www.essai.heurtevent.fr\/wp-content\/uploads\/2015\/11\/Camping-normandie.png"},{"@type":"BreadcrumbList","@id":"https:\/\/www.essai.heurtevent.fr\/es\/alojamientos\/mobil-home-alize\/#breadcrumb","itemListElement":[{"@type":"ListItem","position":1,"name":"Accueil","item":"https:\/\/www.essai.heurtevent.fr\/es\/"},{"@type":"ListItem","position":2,"name":"Alojamientos","item":"https:\/\/www.essai.heurtevent.fr\/es\/alojamientos\/"},{"@type":"ListItem","position":3,"name":"Mobil home Alize"}]},{"@type":"WebSite","@id":"https:\/\/www.essai.heurtevent.fr\/#website","url":"https:\/\/www.essai.heurtevent.fr\/","name":"barreyva","description":"camping normandie","potentialAction":[{"@type":"SearchAction","target":{"@type":"EntryPoint","urlTemplate":"https:\/\/www.essai.heurtevent.fr\/?s={search_term_string}"},"query-input":{"@type":"PropertyValueSpecification","valueRequired":true,"valueName":"search_term_string"}}],"inLanguage":"es"}]}},"_links":{"self":[{"href":"https:\/\/www.essai.heurtevent.fr\/es\/wp-json\/wp\/v2\/pages\/1693","targetHints":{"allow":["GET"]}}],"collection":[{"href":"https:\/\/www.essai.heurtevent.fr\/es\/wp-json\/wp\/v2\/pages"}],"about":[{"href":"https:\/\/www.essai.heurtevent.fr\/es\/wp-json\/wp\/v2\/types\/page"}],"author":[{"embeddable":true,"href":"https:\/\/www.essai.heurtevent.fr\/es\/wp-json\/wp\/v2\/users\/1"}],"replies":[{"embeddable":true,"href":"https:\/\/www.essai.heurtevent.fr\/es\/wp-json\/wp\/v2\/comments?post=1693"}],"version-history":[{"count":1,"href":"https:\/\/www.essai.heurtevent.fr\/es\/wp-json\/wp\/v2\/pages\/1693\/revisions"}],"predecessor-version":[{"id":3252,"href":"https:\/\/www.essai.heurtevent.fr\/es\/wp-json\/wp\/v2\/pages\/1693\/revisions\/3252"}],"up":[{"embeddable":true,"href":"https:\/\/www.essai.heurtevent.fr\/es\/wp-json\/wp\/v2\/pages\/1597"}],"wp:attachment":[{"href":"https:\/\/www.essai.heurtevent.fr\/es\/wp-json\/wp\/v2\/media?parent=1693"}],"curies":[{"name":"wp","href":"https:\/\/api.w.org\/{rel}","templated":true}]}}