{"id":1629,"date":"2015-12-14T09:24:45","date_gmt":"2015-12-14T08:24:45","guid":{"rendered":"https:\/\/www.essai.heurtevent.fr\/es\/alojamientos\/normandie-morea\/"},"modified":"2023-02-27T11:09:25","modified_gmt":"2023-02-27T10:09:25","slug":"normandie-morea","status":"publish","type":"page","link":"https:\/\/www.essai.heurtevent.fr\/es\/alojamientos\/normandie-morea\/","title":{"rendered":"Chalet MOREA"},"content":{"rendered":"<div class=\"wpb-content-wrapper\"><p>[vc_row][vc_column][vc_empty_space][vc_column_text]<\/p>\n<h1>Bungalow\u00a0Normandie\u00a0MOREA<\/h1>\n<p>[\/vc_column_text][\/vc_column][\/vc_row][vc_row][vc_column offset=\u00bbvc_col-lg-8 vc_col-md-8 vc_col-xs-12&#8243;][vc_column_text]<\/p>\n<h3>Su bingalow\u00a0en\u00a0Normandie 4 personas + 1 ni\u00f1o<\/h3>\n<p>Su bungalow con 2 dormitorio para 4 a 5 personas con terraza cubierta.<\/p>\n<p>Ideal para una familia de 4 con posibilidad de dormir los ni\u00f1os en una litera.<\/p>\n<p>Este alquiler est\u00e1 equipada con televisi\u00f3n incluido y acceso WIFI.<\/p>\n<p>Dormir en un chalet de madera aporta una mejor calidad del sue\u00f1o. El acampada en Barre Y Va, su comodidad es nuestra prioridad.<\/p>\n<p>Reserve su bungalow en nuestro camping![\/vc_column_text][vc_empty_space][vc_column_text]<a href=\"https:\/\/www.essai.heurtevent.fr\/wp-content\/uploads\/2015\/11\/Camping-normandie.png\" data-dt-img-description=\"\"><img loading=\"lazy\" decoding=\"async\" class=\"aligncenter wp-image-563\" src=\"https:\/\/www.essai.heurtevent.fr\/wp-content\/uploads\/2015\/11\/Camping-normandie.png\" alt=\"Camping normandie\" width=\"101\" height=\"58\" \/><\/a>[\/vc_column_text][vc_raw_html]JTNDY3R2LXByb2R1Y3QlMjBkYXRhLXByb2R1Y3QtaWQlM0QlMjcyMzUwOSUyNyUyMGRhdGEtZnVsbCUzRCUyN3RydWUlMjclMjAlM0UlM0MlMkZjdHYtcHJvZHVjdCUzRQ==[\/vc_raw_html][\/vc_column][vc_column offset=\u00bbvc_col-lg-4 vc_col-md-4 vc_col-xs-12&#8243;][vc_empty_space][vc_column_text]<\/p>\n<h2>Chalet MOREA\u00a02 cuartos &#8211; 25 m2<\/h2>\n<p>El verdadero descanso en una caba\u00f1a de madera real en su camping de normandie en Francia.[\/vc_column_text][vc_column_text el_class=\u00bbblocheb\u00bb]<\/p>\n<h3 style=\"text-align: center;\">DESDE<\/h3>\n<p>&nbsp;<\/p>\n<p style=\"text-align: center;\"><span style=\"color: #ff9900; font-size: 60px;\">411 \u20ac<\/span><\/p>\n<p style=\"text-align: center;\"><span style=\"color: #ff9900;\">_________________________________<\/span><\/p>\n<p style=\"text-align: center;\"><span style=\"color: #999999;\">por semana<\/span><\/p>\n<p style=\"text-align: center;\"><a href=\"https:\/\/bookingpremium.secureholiday.net\/es\/2735\/search\/product\/23509\" class=\"btn-shortcode dt-btn-l dt-btn default-btn-color default-btn-hover-color default-btn-bg-color default-btn-bg-hover-color\" target=\"_blank\" id=\"dt-btn-1\" rel=\"noopener\"><span>RESERVA<\/span><\/a><\/p>\n<p style=\"text-align: center;\">+33 2 35 96 26 38<\/p>\n<p>[\/vc_column_text][vc_empty_space][vc_column_text]<\/p>\n<p style=\"text-align: center;\"><strong>Carregamientos<\/strong><\/p>\n<p><a href=\"\/wp-content\/uploads\/es\/precios.pdf\"><img loading=\"lazy\" decoding=\"async\" class=\"aligncenter wp-image-1616 size-medium\" src=\"https:\/\/www.essai.heurtevent.fr\/wp-content\/uploads\/2015\/12\/precios-300x54.jpg\" alt=\"precios\" width=\"300\" height=\"54\" \/><\/a><br \/>\n<a href=\"\/wp-content\/uploads\/es\/plano.pdf\"><img loading=\"lazy\" decoding=\"async\" class=\"aligncenter wp-image-1613 size-medium\" src=\"https:\/\/www.essai.heurtevent.fr\/wp-content\/uploads\/2015\/12\/plano-del-camping-300x54.jpg\" alt=\"plano del camping\" width=\"300\" height=\"54\" \/><\/a><br \/>\n[\/vc_column_text][\/vc_column][\/vc_row][vc_row][vc_column][vc_empty_space][vc_column_text]<a href=\"https:\/\/www.essai.heurtevent.fr\/wp-content\/uploads\/2015\/11\/Camping-normandie.png\" data-dt-img-description=\"\"><img loading=\"lazy\" decoding=\"async\" class=\"aligncenter wp-image-563\" src=\"https:\/\/www.essai.heurtevent.fr\/wp-content\/uploads\/2015\/11\/Camping-normandie.png\" alt=\"Camping normandie\" width=\"101\" height=\"58\" \/><\/a>[\/vc_column_text][vc_column_text]<\/p>\n<h3 class=\"aze\">PRECIOS<\/h3>\n<p>[\/vc_column_text][vc_empty_space][vc_column_text]<\/p>\n<h2>Tarifas bungalow<\/h2>\n<p>&nbsp;<\/p>\n<p><strong>Tasas<\/strong>:<\/p>\n<p>Reserva: \u20ac 24,00 para una semana de alquiler y m\u00e1s<br \/>\nReserva: \u20ac 13.00 para un alquiler de fin de semana o media semana<\/p>\n<ul>\n<li>Tasa tur\u00edstica+ 18 anos : \u20ac 1,00 \u20ac \/ persona<\/li>\n<li>Tasa tur\u00edstica \u2013 18 anos :\u00a00,50 \u20ac \/ persona<\/li>\n<\/ul>\n<p>Dep\u00f3sito: Alquiler: 250 \u20ac + dep\u00f3sito limpieza: 80 \u20ac<\/p>\n<p>Visitantes :\u00a0 6,00 \u20ac[\/vc_column_text][\/vc_column][\/vc_row][vc_row][vc_column][vc_empty_space][vc_column_text]<a href=\"https:\/\/www.essai.heurtevent.fr\/wp-content\/uploads\/2015\/11\/Camping-normandie.png\" data-dt-img-description=\"\"><img loading=\"lazy\" decoding=\"async\" class=\"aligncenter wp-image-563\" src=\"https:\/\/www.essai.heurtevent.fr\/wp-content\/uploads\/2015\/11\/Camping-normandie.png\" alt=\"Camping normandie\" width=\"101\" height=\"58\" \/><\/a>[\/vc_column_text][vc_column_text]<\/p>\n<h3 class=\"aze\">Informaci\u00f3n pr\u00e1ctica<\/h3>\n<p>[\/vc_column_text][vc_empty_space][\/vc_column][\/vc_row][vc_row bg_type=\u00bbbg_color\u00bb bg_override=\u00bbfull\u00bb bg_color_value=\u00bb#c5e8f8&#8243;][vc_column offset=\u00bbvc_col-lg-6 vc_col-md-6 vc_col-xs-12&#8243; el_class=\u00bbrangeetop30&#8243;][vc_column_text]<\/p>\n<h2>Chalet Morea &#8211; Detalle del alquiler<\/h2>\n<p>25 m2, 4 personas+ 1 ni\u00f1o con terraza cubierta<\/p>\n<p>2 dormitorios, sala de estar con mesa, 3 sillas y un banco<br \/>\nCuarto de ba\u00f1o con ducha y lavabo, WC<br \/>\nCocina con nevera con congelador superior,<br \/>\nencimera, fregadero, encimera, muebles<br \/>\nalmacenamiento, calentador de agua.[\/vc_column_text][\/vc_column][vc_column offset=\u00bbvc_col-lg-6 vc_col-md-6 vc_col-xs-12&#8243; el_class=\u00bbrangeetop30&#8243;][vc_column_text]<strong>Las tarifas incluyen:<\/strong><\/p>\n<p>El alquiler del bungalow\u00a0equipado, el consumo de agua y electricidad<br \/>\nEL acceso a la piscina, juegos<br \/>\n<strong>Las tarifas no incluyen:<\/strong><\/p>\n<p>Las Tasas\u00a0locales<br \/>\nToallas y ropa de cama, posibilidad de alquilar.[\/vc_column_text][\/vc_column][\/vc_row][vc_row][vc_column][vc_empty_space][\/vc_column][\/vc_row]<\/p>\n<\/div>","protected":false},"excerpt":{"rendered":"<p>[vc_row][vc_column][vc_empty_space][vc_column_text] Bungalow\u00a0Normandie\u00a0MOREA [\/vc_column_text][\/vc_column][\/vc_row][vc_row][vc_column offset=\u00bbvc_col-lg-8 vc_col-md-8 vc_col-xs-12&#8243;][vc_column_text] Su bingalow\u00a0en\u00a0Normandie 4 personas + 1 ni\u00f1o Su bungalow con 2 dormitorio para 4 a 5 personas con terraza cubierta. Ideal para una familia de 4 con posibilidad de dormir los ni\u00f1os en una litera. Este alquiler est\u00e1 equipada con televisi\u00f3n incluido y acceso WIFI. Dormir en un chalet&hellip;<\/p>\n","protected":false},"author":1,"featured_media":0,"parent":1597,"menu_order":0,"comment_status":"closed","ping_status":"closed","template":"","meta":{"footnotes":""},"class_list":["post-1629","page","type-page","status-publish","hentry","description-off"],"yoast_head":"<!-- This site is optimized with the Yoast SEO plugin v25.6 - https:\/\/yoast.com\/wordpress\/plugins\/seo\/ -->\n<title>Alojamiento bungalow en Normandia Francia | Barre y va<\/title>\n<meta name=\"description\" content=\"r\u00e9servez votre chalet en Normandie Seine maritime \u00e0 Villequiers et visitez les ponts de Normandie . Chalet grand confort pour la famille\" \/>\n<meta name=\"robots\" content=\"index, follow, max-snippet:-1, max-image-preview:large, max-video-preview:-1\" \/>\n<link rel=\"canonical\" href=\"https:\/\/www.essai.heurtevent.fr\/es\/alojamientos\/normandie-morea\/\" \/>\n<meta property=\"og:locale\" content=\"es_ES\" \/>\n<meta property=\"og:type\" content=\"article\" \/>\n<meta property=\"og:title\" content=\"Alojamiento bungalow en Normandia Francia | Barre y va\" \/>\n<meta property=\"og:description\" content=\"r\u00e9servez votre chalet en Normandie Seine maritime \u00e0 Villequiers et visitez les ponts de Normandie . Chalet grand confort pour la famille\" \/>\n<meta property=\"og:url\" content=\"https:\/\/www.essai.heurtevent.fr\/es\/alojamientos\/normandie-morea\/\" \/>\n<meta property=\"og:site_name\" content=\"barreyva\" \/>\n<meta property=\"article:modified_time\" content=\"2023-02-27T10:09:25+00:00\" \/>\n<meta property=\"og:image\" content=\"https:\/\/www.essai.heurtevent.fr\/wp-content\/uploads\/2015\/11\/Camping-normandie.png\" \/>\n<meta name=\"twitter:card\" content=\"summary_large_image\" \/>\n<meta name=\"twitter:label1\" content=\"Tiempo de lectura\" \/>\n\t<meta name=\"twitter:data1\" content=\"3 minutos\" \/>\n<script type=\"application\/ld+json\" class=\"yoast-schema-graph\">{\"@context\":\"https:\/\/schema.org\",\"@graph\":[{\"@type\":\"WebPage\",\"@id\":\"https:\/\/www.essai.heurtevent.fr\/es\/alojamientos\/normandie-morea\/\",\"url\":\"https:\/\/www.essai.heurtevent.fr\/es\/alojamientos\/normandie-morea\/\",\"name\":\"Alojamiento bungalow en Normandia Francia | Barre y va\",\"isPartOf\":{\"@id\":\"https:\/\/www.essai.heurtevent.fr\/#website\"},\"primaryImageOfPage\":{\"@id\":\"https:\/\/www.essai.heurtevent.fr\/es\/alojamientos\/normandie-morea\/#primaryimage\"},\"image\":{\"@id\":\"https:\/\/www.essai.heurtevent.fr\/es\/alojamientos\/normandie-morea\/#primaryimage\"},\"thumbnailUrl\":\"https:\/\/www.essai.heurtevent.fr\/wp-content\/uploads\/2015\/11\/Camping-normandie.png\",\"datePublished\":\"2015-12-14T08:24:45+00:00\",\"dateModified\":\"2023-02-27T10:09:25+00:00\",\"description\":\"r\u00e9servez votre chalet en Normandie Seine maritime \u00e0 Villequiers et visitez les ponts de Normandie . Chalet grand confort pour la famille\",\"breadcrumb\":{\"@id\":\"https:\/\/www.essai.heurtevent.fr\/es\/alojamientos\/normandie-morea\/#breadcrumb\"},\"inLanguage\":\"es\",\"potentialAction\":[{\"@type\":\"ReadAction\",\"target\":[\"https:\/\/www.essai.heurtevent.fr\/es\/alojamientos\/normandie-morea\/\"]}]},{\"@type\":\"ImageObject\",\"inLanguage\":\"es\",\"@id\":\"https:\/\/www.essai.heurtevent.fr\/es\/alojamientos\/normandie-morea\/#primaryimage\",\"url\":\"https:\/\/www.essai.heurtevent.fr\/wp-content\/uploads\/2015\/11\/Camping-normandie.png\",\"contentUrl\":\"https:\/\/www.essai.heurtevent.fr\/wp-content\/uploads\/2015\/11\/Camping-normandie.png\"},{\"@type\":\"BreadcrumbList\",\"@id\":\"https:\/\/www.essai.heurtevent.fr\/es\/alojamientos\/normandie-morea\/#breadcrumb\",\"itemListElement\":[{\"@type\":\"ListItem\",\"position\":1,\"name\":\"Accueil\",\"item\":\"https:\/\/www.essai.heurtevent.fr\/es\/\"},{\"@type\":\"ListItem\",\"position\":2,\"name\":\"Alojamientos\",\"item\":\"https:\/\/www.essai.heurtevent.fr\/es\/alojamientos\/\"},{\"@type\":\"ListItem\",\"position\":3,\"name\":\"Chalet MOREA\"}]},{\"@type\":\"WebSite\",\"@id\":\"https:\/\/www.essai.heurtevent.fr\/#website\",\"url\":\"https:\/\/www.essai.heurtevent.fr\/\",\"name\":\"barreyva\",\"description\":\"camping normandie\",\"potentialAction\":[{\"@type\":\"SearchAction\",\"target\":{\"@type\":\"EntryPoint\",\"urlTemplate\":\"https:\/\/www.essai.heurtevent.fr\/?s={search_term_string}\"},\"query-input\":{\"@type\":\"PropertyValueSpecification\",\"valueRequired\":true,\"valueName\":\"search_term_string\"}}],\"inLanguage\":\"es\"}]}<\/script>\n<!-- \/ Yoast SEO plugin. -->","yoast_head_json":{"title":"Alojamiento bungalow en Normandia Francia | Barre y va","description":"r\u00e9servez votre chalet en Normandie Seine maritime \u00e0 Villequiers et visitez les ponts de Normandie . Chalet grand confort pour la famille","robots":{"index":"index","follow":"follow","max-snippet":"max-snippet:-1","max-image-preview":"max-image-preview:large","max-video-preview":"max-video-preview:-1"},"canonical":"https:\/\/www.essai.heurtevent.fr\/es\/alojamientos\/normandie-morea\/","og_locale":"es_ES","og_type":"article","og_title":"Alojamiento bungalow en Normandia Francia | Barre y va","og_description":"r\u00e9servez votre chalet en Normandie Seine maritime \u00e0 Villequiers et visitez les ponts de Normandie . Chalet grand confort pour la famille","og_url":"https:\/\/www.essai.heurtevent.fr\/es\/alojamientos\/normandie-morea\/","og_site_name":"barreyva","article_modified_time":"2023-02-27T10:09:25+00:00","og_image":[{"url":"https:\/\/www.essai.heurtevent.fr\/wp-content\/uploads\/2015\/11\/Camping-normandie.png","type":"","width":"","height":""}],"twitter_card":"summary_large_image","twitter_misc":{"Tiempo de lectura":"3 minutos"},"schema":{"@context":"https:\/\/schema.org","@graph":[{"@type":"WebPage","@id":"https:\/\/www.essai.heurtevent.fr\/es\/alojamientos\/normandie-morea\/","url":"https:\/\/www.essai.heurtevent.fr\/es\/alojamientos\/normandie-morea\/","name":"Alojamiento bungalow en Normandia Francia | Barre y va","isPartOf":{"@id":"https:\/\/www.essai.heurtevent.fr\/#website"},"primaryImageOfPage":{"@id":"https:\/\/www.essai.heurtevent.fr\/es\/alojamientos\/normandie-morea\/#primaryimage"},"image":{"@id":"https:\/\/www.essai.heurtevent.fr\/es\/alojamientos\/normandie-morea\/#primaryimage"},"thumbnailUrl":"https:\/\/www.essai.heurtevent.fr\/wp-content\/uploads\/2015\/11\/Camping-normandie.png","datePublished":"2015-12-14T08:24:45+00:00","dateModified":"2023-02-27T10:09:25+00:00","description":"r\u00e9servez votre chalet en Normandie Seine maritime \u00e0 Villequiers et visitez les ponts de Normandie . Chalet grand confort pour la famille","breadcrumb":{"@id":"https:\/\/www.essai.heurtevent.fr\/es\/alojamientos\/normandie-morea\/#breadcrumb"},"inLanguage":"es","potentialAction":[{"@type":"ReadAction","target":["https:\/\/www.essai.heurtevent.fr\/es\/alojamientos\/normandie-morea\/"]}]},{"@type":"ImageObject","inLanguage":"es","@id":"https:\/\/www.essai.heurtevent.fr\/es\/alojamientos\/normandie-morea\/#primaryimage","url":"https:\/\/www.essai.heurtevent.fr\/wp-content\/uploads\/2015\/11\/Camping-normandie.png","contentUrl":"https:\/\/www.essai.heurtevent.fr\/wp-content\/uploads\/2015\/11\/Camping-normandie.png"},{"@type":"BreadcrumbList","@id":"https:\/\/www.essai.heurtevent.fr\/es\/alojamientos\/normandie-morea\/#breadcrumb","itemListElement":[{"@type":"ListItem","position":1,"name":"Accueil","item":"https:\/\/www.essai.heurtevent.fr\/es\/"},{"@type":"ListItem","position":2,"name":"Alojamientos","item":"https:\/\/www.essai.heurtevent.fr\/es\/alojamientos\/"},{"@type":"ListItem","position":3,"name":"Chalet MOREA"}]},{"@type":"WebSite","@id":"https:\/\/www.essai.heurtevent.fr\/#website","url":"https:\/\/www.essai.heurtevent.fr\/","name":"barreyva","description":"camping normandie","potentialAction":[{"@type":"SearchAction","target":{"@type":"EntryPoint","urlTemplate":"https:\/\/www.essai.heurtevent.fr\/?s={search_term_string}"},"query-input":{"@type":"PropertyValueSpecification","valueRequired":true,"valueName":"search_term_string"}}],"inLanguage":"es"}]}},"_links":{"self":[{"href":"https:\/\/www.essai.heurtevent.fr\/es\/wp-json\/wp\/v2\/pages\/1629","targetHints":{"allow":["GET"]}}],"collection":[{"href":"https:\/\/www.essai.heurtevent.fr\/es\/wp-json\/wp\/v2\/pages"}],"about":[{"href":"https:\/\/www.essai.heurtevent.fr\/es\/wp-json\/wp\/v2\/types\/page"}],"author":[{"embeddable":true,"href":"https:\/\/www.essai.heurtevent.fr\/es\/wp-json\/wp\/v2\/users\/1"}],"replies":[{"embeddable":true,"href":"https:\/\/www.essai.heurtevent.fr\/es\/wp-json\/wp\/v2\/comments?post=1629"}],"version-history":[{"count":1,"href":"https:\/\/www.essai.heurtevent.fr\/es\/wp-json\/wp\/v2\/pages\/1629\/revisions"}],"predecessor-version":[{"id":3254,"href":"https:\/\/www.essai.heurtevent.fr\/es\/wp-json\/wp\/v2\/pages\/1629\/revisions\/3254"}],"up":[{"embeddable":true,"href":"https:\/\/www.essai.heurtevent.fr\/es\/wp-json\/wp\/v2\/pages\/1597"}],"wp:attachment":[{"href":"https:\/\/www.essai.heurtevent.fr\/es\/wp-json\/wp\/v2\/media?parent=1629"}],"curies":[{"name":"wp","href":"https:\/\/api.w.org\/{rel}","templated":true}]}}