{"id":1608,"date":"2015-12-14T09:44:34","date_gmt":"2015-12-14T08:44:34","guid":{"rendered":"https:\/\/www.essai.heurtevent.fr\/es\/alojamientos\/chalet-atlantis\/"},"modified":"2023-02-27T11:10:47","modified_gmt":"2023-02-27T10:10:47","slug":"chalet-atlantis","status":"publish","type":"page","link":"https:\/\/www.essai.heurtevent.fr\/es\/alojamientos\/chalet-atlantis\/","title":{"rendered":"Chalet ATLANTIS"},"content":{"rendered":"<div class=\"wpb-content-wrapper\"><p>[vc_row][vc_column][vc_empty_space][vc_column_text]<\/p>\n<h1>Bungalow\u00a0Atlantis<\/h1>\n<p>[\/vc_column_text][\/vc_column][\/vc_row][vc_row][vc_column offset=\u00bbvc_col-lg-8 vc_col-md-8 vc_col-xs-12&#8243;][vc_empty_space height=\u00bb82px\u00bb][vc_column_text]Su bungalow\u00a0para vacaciones en Normand\u00ede &#8211;\u00a0 4 personas + 1 ni\u00f1o.<\/p>\n<p>Su 2 dormitorios\u00a0 para 4 a 5 personas con terraza cubierta.<\/p>\n<p>Este bungalow\u00a0es mayor que lo MOREA, que tiene capacidad para 4 personas + ni\u00f1o extra.<\/p>\n<p>Est\u00e1 equipado con televisi\u00f3n (gratuito) y el acceso WIFI (en extra).<\/p>\n<p>Nuestros bungalows de madera le traer\u00e1 m\u00e1s comodidad y aislamiento t\u00e9rmico y ac\u00fastico \u00f3ptimo,. El camping\u00a0Barre Y Va, creemos \u00a0la calidad de su descanso!<\/p>\n<p>Recorridos turisticos alrededor del campamento, \u00a0reserve su bungalow\u00a0en nuestro camping en Normand\u00ede ![\/vc_column_text][vc_empty_space][vc_column_text]<a href=\"https:\/\/www.essai.heurtevent.fr\/wp-content\/uploads\/2015\/11\/Camping-normandie.png\" data-dt-img-description=\"\"><img loading=\"lazy\" decoding=\"async\" class=\"aligncenter wp-image-563\" src=\"https:\/\/www.essai.heurtevent.fr\/wp-content\/uploads\/2015\/11\/Camping-normandie.png\" alt=\"Camping normandie\" width=\"101\" height=\"58\" \/><\/a>[\/vc_column_text][vc_empty_space][vc_raw_html]JTNDY3R2LXByb2R1Y3QlMjBkYXRhLXByb2R1Y3QtaWQlM0QlMjcyMzUxMCUyNyUyMGRhdGEtZnVsbCUzRCUyN3RydWUlMjclMjAlM0UlM0MlMkZjdHYtcHJvZHVjdCUzRQ==[\/vc_raw_html][vc_empty_space][\/vc_column][vc_column offset=\u00bbvc_col-lg-4 vc_col-md-4 vc_col-xs-12&#8243;][vc_empty_space][vc_column_text]<\/p>\n<h2>Bungalow ATLANTIS\u00a02 dormitorios.\u00a0 30 m2<\/h2>\n<p>Vacaciones tranquilas en un gran chalet de madera.[\/vc_column_text][vc_column_text el_class=\u00bbblocheb\u00bb]<\/p>\n<h3 style=\"text-align: center;\">DESDE<\/h3>\n<p>&nbsp;<\/p>\n<p style=\"text-align: center;\"><span style=\"color: #ff9900; font-size: 60px;\">427 \u20ac<\/span><\/p>\n<p style=\"text-align: center;\"><span style=\"color: #ff9900;\">_________________________________<\/span><\/p>\n<p style=\"text-align: center;\"><span style=\"color: #999999;\">por semana<\/span><\/p>\n<p style=\"text-align: center;\"><a href=\"https:\/\/bookingpremium.secureholiday.net\/es\/2735\/search\/product\/23510\" class=\"btn-shortcode dt-btn-l dt-btn default-btn-color default-btn-hover-color default-btn-bg-color default-btn-bg-hover-color\" target=\"_blank\" id=\"dt-btn-1\" rel=\"noopener\"><span>RESERVA Online<\/span><\/a><\/p>\n<p style=\"text-align: center;\">+33 2 35 96 26 38<\/p>\n<p>[\/vc_column_text][vc_empty_space][vc_column_text]<\/p>\n<p style=\"text-align: center;\">descargas<\/p>\n<p><a href=\"\/uploads\/es\/precios.pdf\" rel=\"attachment wp-att-1616\"><img loading=\"lazy\" decoding=\"async\" class=\"aligncenter size-full wp-image-1616\" src=\"\/wp-content\/uploads\/2015\/12\/precios.jpg\" alt=\"precios\" width=\"300\" height=\"54\" \/><\/a><\/p>\n<p><a href=\"\/wp-content\/uploads\/es\/plano.pdf\"><img loading=\"lazy\" decoding=\"async\" class=\"aligncenter wp-image-1613 size-full\" src=\"\/wp-content\/uploads\/2015\/12\/plano-del-camping.jpg\" alt=\"plano del camping\" width=\"300\" height=\"54\" \/><\/a>[\/vc_column_text][\/vc_column][\/vc_row][vc_row][vc_column][vc_empty_space][vc_column_text]<a href=\"https:\/\/www.essai.heurtevent.fr\/wp-content\/uploads\/2015\/11\/Camping-normandie.png\" data-dt-img-description=\"\"><img loading=\"lazy\" decoding=\"async\" class=\"aligncenter wp-image-563\" src=\"https:\/\/www.essai.heurtevent.fr\/wp-content\/uploads\/2015\/11\/Camping-normandie.png\" alt=\"Camping normandie\" width=\"101\" height=\"58\" \/><\/a>[\/vc_column_text][vc_column_text]<\/p>\n<h3 class=\"aze\">Precios<\/h3>\n<p>[\/vc_column_text][vc_empty_space][vc_column_text]<strong>Tasas<\/strong>:<\/p>\n<p>Reserva: \u20ac 24,00 para una semana de alquiler y m\u00e1s<br \/>\nReserva: \u20ac 13,00 para un alquiler de fin de semana o media semana<\/p>\n<ul>\n<li>Tasa tur\u00edstica+ 18 anos : \u20ac 1,00 \u20ac \/ persona<\/li>\n<li>Tasa tur\u00edstica \u2013 18 anos : 0,50 \u20ac \/ persona<\/li>\n<\/ul>\n<p>Dep\u00f3sito: Alquiler: 250 \u20ac + dep\u00f3sito limpieza: 80 \u20ac<\/p>\n<p>Visitantes :\u00a0 6,00 \u20ac<\/p>\n<h3><\/h3>\n<p>[\/vc_column_text][\/vc_column][\/vc_row][vc_row][vc_column][vc_empty_space][vc_column_text]<a href=\"https:\/\/www.essai.heurtevent.fr\/wp-content\/uploads\/2015\/11\/Camping-normandie.png\" data-dt-img-description=\"\"><img loading=\"lazy\" decoding=\"async\" class=\"aligncenter wp-image-563\" src=\"https:\/\/www.essai.heurtevent.fr\/wp-content\/uploads\/2015\/11\/Camping-normandie.png\" alt=\"Camping normandie\" width=\"101\" height=\"58\" \/><\/a>[\/vc_column_text][vc_column_text]<\/p>\n<h3 class=\"aze\">informaci\u00f3n pr\u00e1ctica<\/h3>\n<p>[\/vc_column_text][vc_empty_space][\/vc_column][\/vc_row][vc_row bg_type=\u00bbbg_color\u00bb bg_override=\u00bbfull\u00bb bg_color_value=\u00bb#c5e8f8&#8243;][vc_column offset=\u00bbvc_col-lg-6 vc_col-md-6 vc_col-xs-12&#8243; el_class=\u00bbrangeetop30&#8243;][vc_column_text]Detalle del bungalow ATLANTIDE<\/p>\n<p>30 m2, 4 personas + 1 ni\u00f1o con terraza cubierta<\/p>\n<ul>\n<li>2 dormitorios, sala de estar con mesa, 3 sillas y banco de la esquina<\/li>\n<li>Cuarto de ba\u00f1o con ducha y lavabo, WC separado<\/li>\n<li>Cocina con nevera con congelador superior,<br \/>\nfregadero y freezer<\/li>\n<li>calentador de agua.<\/li>\n<\/ul>\n<p>[\/vc_column_text][\/vc_column][vc_column offset=\u00bbvc_col-lg-6 vc_col-md-6 vc_col-xs-12&#8243; el_class=\u00bbrangeetop30&#8243;][vc_column_text]<\/p>\n<h3><\/h3>\n<p><span style=\"text-decoration: underline;\">Las tarifas incluyen:<\/span><\/p>\n<p>El alquiler del bungalow\u00a0equipado, el consumo de agua y electricidad<br \/>\nEL acceso a la piscina, juegos<br \/>\n<span style=\"text-decoration: underline;\">Las tarifas no incluyen:<\/span><\/p>\n<p>Las Tasas\u00a0locales<br \/>\nToallas y ropa de cama, posibilidad de alquilar.[\/vc_column_text][\/vc_column][\/vc_row][vc_row][vc_column][vc_empty_space][vc_column_text]<a class=\"dt-single-image\" href=\"https:\/\/www.essai.heurtevent.fr\/wp-content\/uploads\/2015\/11\/Camping-normandie.png\" data-dt-img-description=\"\"><img loading=\"lazy\" decoding=\"async\" class=\"wp-image-563 aligncenter\" src=\"https:\/\/www.essai.heurtevent.fr\/wp-content\/uploads\/2015\/11\/Camping-normandie.png\" alt=\"Camping normandie\" width=\"101\" height=\"58\" \/><\/a>[\/vc_column_text][\/vc_column][\/vc_row]<\/p>\n<\/div>","protected":false},"excerpt":{"rendered":"<p>[vc_row][vc_column][vc_empty_space][vc_column_text] Bungalow\u00a0Atlantis [\/vc_column_text][\/vc_column][\/vc_row][vc_row][vc_column offset=\u00bbvc_col-lg-8 vc_col-md-8 vc_col-xs-12&#8243;][vc_empty_space height=\u00bb82px\u00bb][vc_column_text]Su bungalow\u00a0para vacaciones en Normand\u00ede &#8211;\u00a0 4 personas + 1 ni\u00f1o. Su 2 dormitorios\u00a0 para 4 a 5 personas con terraza cubierta. Este bungalow\u00a0es mayor que lo MOREA, que tiene capacidad para 4 personas + ni\u00f1o extra. Est\u00e1 equipado con televisi\u00f3n (gratuito) y el acceso WIFI (en extra). Nuestros&hellip;<\/p>\n","protected":false},"author":1,"featured_media":0,"parent":1597,"menu_order":0,"comment_status":"closed","ping_status":"closed","template":"","meta":{"footnotes":""},"class_list":["post-1608","page","type-page","status-publish","hentry","description-off"],"yoast_head":"<!-- This site is optimized with the Yoast SEO plugin v25.6 - https:\/\/yoast.com\/wordpress\/plugins\/seo\/ -->\n<title>Bungalow en camping Normandia francia | Barre Y Va<\/title>\n<meta name=\"description\" content=\"Su 2 dormitorios para 4 a 5 personas con terraza cubierta. bungalow capacidad para 4 personas + ni\u00f1o extra en camping 4* Normandia francia\" \/>\n<meta name=\"robots\" content=\"index, follow, max-snippet:-1, max-image-preview:large, max-video-preview:-1\" \/>\n<link rel=\"canonical\" href=\"https:\/\/www.essai.heurtevent.fr\/es\/alojamientos\/chalet-atlantis\/\" \/>\n<meta property=\"og:locale\" content=\"es_ES\" \/>\n<meta property=\"og:type\" content=\"article\" \/>\n<meta property=\"og:title\" content=\"Bungalow en camping Normandia francia | Barre Y Va\" \/>\n<meta property=\"og:description\" content=\"Su 2 dormitorios para 4 a 5 personas con terraza cubierta. bungalow capacidad para 4 personas + ni\u00f1o extra en camping 4* Normandia francia\" \/>\n<meta property=\"og:url\" content=\"https:\/\/www.essai.heurtevent.fr\/es\/alojamientos\/chalet-atlantis\/\" \/>\n<meta property=\"og:site_name\" content=\"barreyva\" \/>\n<meta property=\"article:modified_time\" content=\"2023-02-27T10:10:47+00:00\" \/>\n<meta property=\"og:image\" content=\"https:\/\/www.essai.heurtevent.fr\/wp-content\/uploads\/2015\/11\/Camping-normandie.png\" \/>\n<meta name=\"twitter:card\" content=\"summary_large_image\" \/>\n<meta name=\"twitter:label1\" content=\"Tiempo de lectura\" \/>\n\t<meta name=\"twitter:data1\" content=\"3 minutos\" \/>\n<script type=\"application\/ld+json\" class=\"yoast-schema-graph\">{\"@context\":\"https:\/\/schema.org\",\"@graph\":[{\"@type\":\"WebPage\",\"@id\":\"https:\/\/www.essai.heurtevent.fr\/es\/alojamientos\/chalet-atlantis\/\",\"url\":\"https:\/\/www.essai.heurtevent.fr\/es\/alojamientos\/chalet-atlantis\/\",\"name\":\"Bungalow en camping Normandia francia | Barre Y Va\",\"isPartOf\":{\"@id\":\"https:\/\/www.essai.heurtevent.fr\/#website\"},\"primaryImageOfPage\":{\"@id\":\"https:\/\/www.essai.heurtevent.fr\/es\/alojamientos\/chalet-atlantis\/#primaryimage\"},\"image\":{\"@id\":\"https:\/\/www.essai.heurtevent.fr\/es\/alojamientos\/chalet-atlantis\/#primaryimage\"},\"thumbnailUrl\":\"https:\/\/www.essai.heurtevent.fr\/wp-content\/uploads\/2015\/11\/Camping-normandie.png\",\"datePublished\":\"2015-12-14T08:44:34+00:00\",\"dateModified\":\"2023-02-27T10:10:47+00:00\",\"description\":\"Su 2 dormitorios para 4 a 5 personas con terraza cubierta. bungalow capacidad para 4 personas + ni\u00f1o extra en camping 4* Normandia francia\",\"breadcrumb\":{\"@id\":\"https:\/\/www.essai.heurtevent.fr\/es\/alojamientos\/chalet-atlantis\/#breadcrumb\"},\"inLanguage\":\"es\",\"potentialAction\":[{\"@type\":\"ReadAction\",\"target\":[\"https:\/\/www.essai.heurtevent.fr\/es\/alojamientos\/chalet-atlantis\/\"]}]},{\"@type\":\"ImageObject\",\"inLanguage\":\"es\",\"@id\":\"https:\/\/www.essai.heurtevent.fr\/es\/alojamientos\/chalet-atlantis\/#primaryimage\",\"url\":\"https:\/\/www.essai.heurtevent.fr\/wp-content\/uploads\/2015\/11\/Camping-normandie.png\",\"contentUrl\":\"https:\/\/www.essai.heurtevent.fr\/wp-content\/uploads\/2015\/11\/Camping-normandie.png\"},{\"@type\":\"BreadcrumbList\",\"@id\":\"https:\/\/www.essai.heurtevent.fr\/es\/alojamientos\/chalet-atlantis\/#breadcrumb\",\"itemListElement\":[{\"@type\":\"ListItem\",\"position\":1,\"name\":\"Accueil\",\"item\":\"https:\/\/www.essai.heurtevent.fr\/es\/\"},{\"@type\":\"ListItem\",\"position\":2,\"name\":\"Alojamientos\",\"item\":\"https:\/\/www.essai.heurtevent.fr\/es\/alojamientos\/\"},{\"@type\":\"ListItem\",\"position\":3,\"name\":\"Chalet ATLANTIS\"}]},{\"@type\":\"WebSite\",\"@id\":\"https:\/\/www.essai.heurtevent.fr\/#website\",\"url\":\"https:\/\/www.essai.heurtevent.fr\/\",\"name\":\"barreyva\",\"description\":\"camping normandie\",\"potentialAction\":[{\"@type\":\"SearchAction\",\"target\":{\"@type\":\"EntryPoint\",\"urlTemplate\":\"https:\/\/www.essai.heurtevent.fr\/?s={search_term_string}\"},\"query-input\":{\"@type\":\"PropertyValueSpecification\",\"valueRequired\":true,\"valueName\":\"search_term_string\"}}],\"inLanguage\":\"es\"}]}<\/script>\n<!-- \/ Yoast SEO plugin. -->","yoast_head_json":{"title":"Bungalow en camping Normandia francia | Barre Y Va","description":"Su 2 dormitorios para 4 a 5 personas con terraza cubierta. bungalow capacidad para 4 personas + ni\u00f1o extra en camping 4* Normandia francia","robots":{"index":"index","follow":"follow","max-snippet":"max-snippet:-1","max-image-preview":"max-image-preview:large","max-video-preview":"max-video-preview:-1"},"canonical":"https:\/\/www.essai.heurtevent.fr\/es\/alojamientos\/chalet-atlantis\/","og_locale":"es_ES","og_type":"article","og_title":"Bungalow en camping Normandia francia | Barre Y Va","og_description":"Su 2 dormitorios para 4 a 5 personas con terraza cubierta. bungalow capacidad para 4 personas + ni\u00f1o extra en camping 4* Normandia francia","og_url":"https:\/\/www.essai.heurtevent.fr\/es\/alojamientos\/chalet-atlantis\/","og_site_name":"barreyva","article_modified_time":"2023-02-27T10:10:47+00:00","og_image":[{"url":"https:\/\/www.essai.heurtevent.fr\/wp-content\/uploads\/2015\/11\/Camping-normandie.png","type":"","width":"","height":""}],"twitter_card":"summary_large_image","twitter_misc":{"Tiempo de lectura":"3 minutos"},"schema":{"@context":"https:\/\/schema.org","@graph":[{"@type":"WebPage","@id":"https:\/\/www.essai.heurtevent.fr\/es\/alojamientos\/chalet-atlantis\/","url":"https:\/\/www.essai.heurtevent.fr\/es\/alojamientos\/chalet-atlantis\/","name":"Bungalow en camping Normandia francia | Barre Y Va","isPartOf":{"@id":"https:\/\/www.essai.heurtevent.fr\/#website"},"primaryImageOfPage":{"@id":"https:\/\/www.essai.heurtevent.fr\/es\/alojamientos\/chalet-atlantis\/#primaryimage"},"image":{"@id":"https:\/\/www.essai.heurtevent.fr\/es\/alojamientos\/chalet-atlantis\/#primaryimage"},"thumbnailUrl":"https:\/\/www.essai.heurtevent.fr\/wp-content\/uploads\/2015\/11\/Camping-normandie.png","datePublished":"2015-12-14T08:44:34+00:00","dateModified":"2023-02-27T10:10:47+00:00","description":"Su 2 dormitorios para 4 a 5 personas con terraza cubierta. bungalow capacidad para 4 personas + ni\u00f1o extra en camping 4* Normandia francia","breadcrumb":{"@id":"https:\/\/www.essai.heurtevent.fr\/es\/alojamientos\/chalet-atlantis\/#breadcrumb"},"inLanguage":"es","potentialAction":[{"@type":"ReadAction","target":["https:\/\/www.essai.heurtevent.fr\/es\/alojamientos\/chalet-atlantis\/"]}]},{"@type":"ImageObject","inLanguage":"es","@id":"https:\/\/www.essai.heurtevent.fr\/es\/alojamientos\/chalet-atlantis\/#primaryimage","url":"https:\/\/www.essai.heurtevent.fr\/wp-content\/uploads\/2015\/11\/Camping-normandie.png","contentUrl":"https:\/\/www.essai.heurtevent.fr\/wp-content\/uploads\/2015\/11\/Camping-normandie.png"},{"@type":"BreadcrumbList","@id":"https:\/\/www.essai.heurtevent.fr\/es\/alojamientos\/chalet-atlantis\/#breadcrumb","itemListElement":[{"@type":"ListItem","position":1,"name":"Accueil","item":"https:\/\/www.essai.heurtevent.fr\/es\/"},{"@type":"ListItem","position":2,"name":"Alojamientos","item":"https:\/\/www.essai.heurtevent.fr\/es\/alojamientos\/"},{"@type":"ListItem","position":3,"name":"Chalet ATLANTIS"}]},{"@type":"WebSite","@id":"https:\/\/www.essai.heurtevent.fr\/#website","url":"https:\/\/www.essai.heurtevent.fr\/","name":"barreyva","description":"camping normandie","potentialAction":[{"@type":"SearchAction","target":{"@type":"EntryPoint","urlTemplate":"https:\/\/www.essai.heurtevent.fr\/?s={search_term_string}"},"query-input":{"@type":"PropertyValueSpecification","valueRequired":true,"valueName":"search_term_string"}}],"inLanguage":"es"}]}},"_links":{"self":[{"href":"https:\/\/www.essai.heurtevent.fr\/es\/wp-json\/wp\/v2\/pages\/1608","targetHints":{"allow":["GET"]}}],"collection":[{"href":"https:\/\/www.essai.heurtevent.fr\/es\/wp-json\/wp\/v2\/pages"}],"about":[{"href":"https:\/\/www.essai.heurtevent.fr\/es\/wp-json\/wp\/v2\/types\/page"}],"author":[{"embeddable":true,"href":"https:\/\/www.essai.heurtevent.fr\/es\/wp-json\/wp\/v2\/users\/1"}],"replies":[{"embeddable":true,"href":"https:\/\/www.essai.heurtevent.fr\/es\/wp-json\/wp\/v2\/comments?post=1608"}],"version-history":[{"count":1,"href":"https:\/\/www.essai.heurtevent.fr\/es\/wp-json\/wp\/v2\/pages\/1608\/revisions"}],"predecessor-version":[{"id":3256,"href":"https:\/\/www.essai.heurtevent.fr\/es\/wp-json\/wp\/v2\/pages\/1608\/revisions\/3256"}],"up":[{"embeddable":true,"href":"https:\/\/www.essai.heurtevent.fr\/es\/wp-json\/wp\/v2\/pages\/1597"}],"wp:attachment":[{"href":"https:\/\/www.essai.heurtevent.fr\/es\/wp-json\/wp\/v2\/media?parent=1608"}],"curies":[{"name":"wp","href":"https:\/\/api.w.org\/{rel}","templated":true}]}}