{"id":1597,"date":"2016-08-31T09:45:26","date_gmt":"2016-08-31T08:45:26","guid":{"rendered":"https:\/\/www.essai.heurtevent.fr\/es\/?page_id=1597"},"modified":"2023-06-05T16:18:24","modified_gmt":"2023-06-05T15:18:24","slug":"alojamientos","status":"publish","type":"page","link":"https:\/\/www.essai.heurtevent.fr\/es\/alojamientos\/","title":{"rendered":"Alojamientos"},"content":{"rendered":"<div class=\"wpb-content-wrapper\"><p>[vc_row][vc_column][vc_column_text]<\/p>\n<h1 style=\"text-align: center;\">Alojamientos camping en\u00a0Normandie<\/h1>\n<h2 class=\"az\">Bungalow\u00a03 dormitorios<\/h2>\n<p>[\/vc_column_text][\/vc_column][\/vc_row][vc_row margin_top=\u00bb10&#8243; margin_bottom=\u00bb10&#8243;][vc_column offset=\u00bbvc_col-lg-6 vc_col-md-6 vc_col-xs-12&#8243; el_class=\u00bbficheheb\u00bb][vc_column_text]<\/p>\n<div class=\"bord\">\n<h2>BERMUDE<\/h2>\n<p><strong>33 m2 &#8211; 3 dormitorios\u00a0&#8211; 6 pers<br \/>\n<\/strong>con terraza<br \/>\n<img loading=\"lazy\" decoding=\"async\" class=\"wp-image-2970 size-full aligncenter\" src=\"https:\/\/www.essai.heurtevent.fr\/wp-content\/uploads\/2021\/07\/location-cote-albatre.jpg\" alt=\"location chalet cote albatre bermude\" width=\"300\" height=\"225\" \/><br \/>\n<img loading=\"lazy\" decoding=\"async\" class=\"pictoloc alignleft wp-image-921 size-full\" src=\"https:\/\/www.essai.heurtevent.fr\/wp-content\/uploads\/2015\/12\/picto-normandie.png\" alt=\"location normandie\" width=\"60\" height=\"58\" \/><\/p>\n<p>Un mont\u00f3n de espacio para una familia grande. La experiencia de vacaciones\u00a0zen.<\/p>\n<h3><span style=\"color: #ff6600;\">Desde 436 \u20ac por semana <span style=\"color: #000000;\"><a href=\"\/es\/alojamientos\/mobil-home-bermude\/\" class=\"btn-shortcode dt-btn-s dt-btn default-btn-color default-btn-hover-color default-btn-bg-color default-btn-bg-hover-color\" target=\"_blank\" id=\"dt-btn-1\" rel=\"noopener\"><span>Descubrir<\/span><\/a><\/span><\/span><\/h3>\n<\/div>\n<p>[\/vc_column_text][\/vc_column][vc_column offset=\u00bbvc_col-lg-6 vc_col-md-6 vc_col-xs-12&#8243; el_class=\u00bbficheheb\u00bb][vc_column_text]<\/p>\n<div class=\"bord\">\n<h2>ALIZE<\/h2>\n<p><strong>33 m2 &#8211; 3 dormitorios\u00a0&#8211; 4 personas + 3\u00a0ninos<\/strong><br \/>\nterraza cobierta integrada<br \/>\n<img loading=\"lazy\" decoding=\"async\" class=\"aligncenter size-medium wp-image-1671\" src=\"https:\/\/www.essai.heurtevent.fr\/wp-content\/uploads\/2015\/12\/ALIZE-300x225.jpg\" alt=\"ALIZE\" width=\"300\" height=\"225\" srcset=\"https:\/\/www.essai.heurtevent.fr\/wp-content\/uploads\/2015\/12\/ALIZE-300x225.jpg 300w, https:\/\/www.essai.heurtevent.fr\/wp-content\/uploads\/2015\/12\/ALIZE.jpg 800w\" sizes=\"auto, (max-width: 300px) 100vw, 300px\" \/><br \/>\n<img loading=\"lazy\" decoding=\"async\" class=\"pictoloc alignleft wp-image-921 size-full\" src=\"https:\/\/www.essai.heurtevent.fr\/wp-content\/uploads\/2015\/12\/picto-normandie.png\" alt=\"location normandie\" width=\"60\" height=\"58\" \/><\/p>\n<p>Esta gran bungalow\u00a0con su terraza integrada proporciona espacio y comodidad para toda la familia. Tener unas excelentes vacaciones en Normandie.<\/p>\n<h3><span style=\"color: #ff6600;\">Desde 443 \u20ac por semana<\/span><span style=\"color: #ff6600;\"> <span style=\"color: #000000;\"><a href=\"\/es\/alojamientos\/mobil-home-alize\/\" class=\"btn-shortcode dt-btn-s dt-btn default-btn-color default-btn-hover-color default-btn-bg-color default-btn-bg-hover-color\" target=\"_blank\" id=\"dt-btn-2\" rel=\"noopener\"><span><\/span><\/span><span style=\"color: #ff6600;\"><span style=\"color: #000000;\">Descubrir<\/span><\/span><span style=\"color: #ff6600;\"><span style=\"color: #000000;\"><\/span><\/a><\/span><\/span><\/h3>\n<\/div>\n<p>[\/vc_column_text][\/vc_column][\/vc_row][vc_row margin_top=\u00bb10&#8243; margin_bottom=\u00bb10&#8243;][vc_column offset=\u00bbvc_col-lg-6 vc_col-md-6 vc_col-xs-12&#8243; el_class=\u00bbficheheb\u00bb][vc_column_text]<\/p>\n<div class=\"bord\">\n<h2>MALDIVE<\/h2>\n<p><strong>31 m2 &#8211; 3 dormitorios &#8211; 6 pers<br \/>\n<\/strong>con terraza<br \/>\n<img loading=\"lazy\" decoding=\"async\" class=\"wp-image-3306 size-full aligncenter\" src=\"https:\/\/www.essai.heurtevent.fr\/wp-content\/uploads\/2023\/06\/mobil-home-camping-76.jpg\" alt=\"location de mobil home en camping dans le 76 pour 6 personnes\" width=\"300\" height=\"225\" \/><br \/>\n<img loading=\"lazy\" decoding=\"async\" class=\"pictoloc alignleft wp-image-921 size-full\" src=\"https:\/\/www.essai.heurtevent.fr\/wp-content\/uploads\/2015\/12\/picto-normandie.png\" alt=\"localizacion normandie\" width=\"60\" height=\"58\" \/><\/p>\n<p>Esta casa m\u00f3vil ofrece un alojamiento moderno, con una gran terraza cubierta con vistas al Sena.<\/p>\n<h3><span style=\"color: #ff6600;\">Desde 468 \u20ac por semana <span style=\"color: #000000;\"><a href=\"\/es\/alojamientos\/mobil-home-maldives\/\" class=\"btn-shortcode dt-btn-s dt-btn default-btn-color default-btn-hover-color default-btn-bg-color default-btn-bg-hover-color\" target=\"_blank\" id=\"dt-btn-3\" rel=\"noopener\"><span>Descubrir<\/span><\/a><\/span><\/span><\/h3>\n<\/div>\n<p>[\/vc_column_text][\/vc_column][\/vc_row][vc_row min_height=\u00bb60&#8243;][vc_column][vc_empty_space][vc_column_text]<\/p>\n<h2 class=\"az\">Bungalows\u00a02\u00a0dormitorios<\/h2>\n<p>[\/vc_column_text][\/vc_column][\/vc_row][vc_row margin_top=\u00bb10&#8243; margin_bottom=\u00bb10&#8243;][vc_column offset=\u00bbvc_col-lg-6 vc_col-md-6 vc_col-xs-12&#8243; el_class=\u00bbficheheb\u00bb][vc_column_text]<\/p>\n<div class=\"bord\">\n<h2>ATLANTIS<\/h2>\n<p><strong>30 m2 &#8211; 2 dormitorios\u00a0&#8211; 4 pers + 1\u00a0nino<\/strong><br \/>\nTerraza semi-cobierta<br \/>\n<img loading=\"lazy\" decoding=\"async\" class=\"aligncenter wp-image-2967 size-full\" src=\"https:\/\/www.essai.heurtevent.fr\/wp-content\/uploads\/2021\/07\/location-chalet-normandie-atlantis.jpg\" alt=\"location chalet en Normandie Atlantis\" width=\"300\" height=\"225\" \/><br \/>\n<img loading=\"lazy\" decoding=\"async\" class=\"pictoloc alignleft wp-image-921 size-full\" src=\"https:\/\/www.essai.heurtevent.fr\/wp-content\/uploads\/2015\/12\/picto-normandie.png\" alt=\"location normandie\" width=\"60\" height=\"58\" \/><\/p>\n<p>El confort y la serenidad caracterizan a este bungalow. La estructura de madera de la casa trae m\u00e1s comodidad interior para esas hermosas noches en su camping.<\/p>\n<h3><span style=\"color: #ff6600;\">Desde 407 \u20ac por semana <span style=\"color: #000000;\"><a href=\"https:\/\/www.essai.heurtevent.fr\/es\/alojamientos\/chalet-atlantis\/\" class=\"btn-shortcode dt-btn-s dt-btn default-btn-color default-btn-hover-color default-btn-bg-color default-btn-bg-hover-color\" target=\"_blank\" id=\"dt-btn-4\" rel=\"noopener\"><span>Descubrir<\/span><\/a><\/span><\/span><\/h3>\n<\/div>\n<p>[\/vc_column_text][\/vc_column][vc_column offset=\u00bbvc_col-lg-6 vc_col-md-6 vc_col-xs-12&#8243; el_class=\u00bbficheheb\u00bb][vc_column_text]<\/p>\n<div class=\"bord\">\n<h2>MOREA<\/h2>\n<p><strong>27 m2 &#8211; 2 dormitorios\u00a0&#8211; 4 pers. +\u00a01\u00a0nino<\/strong><br \/>\nTerraza cobierta<\/p>\n<p><img loading=\"lazy\" decoding=\"async\" class=\"aligncenter size-medium wp-image-1645\" src=\"https:\/\/www.essai.heurtevent.fr\/wp-content\/uploads\/2015\/12\/MOREA-300x225.jpg\" alt=\"MOREA\" width=\"300\" height=\"225\" srcset=\"https:\/\/www.essai.heurtevent.fr\/wp-content\/uploads\/2015\/12\/MOREA-300x225.jpg 300w, https:\/\/www.essai.heurtevent.fr\/wp-content\/uploads\/2015\/12\/MOREA.jpg 800w\" sizes=\"auto, (max-width: 300px) 100vw, 300px\" \/><br \/>\n<img loading=\"lazy\" decoding=\"async\" class=\"pictoloc wp-image-1980 size-full alignleft\" src=\"https:\/\/www.essai.heurtevent.fr\/wp-content\/uploads\/2015\/10\/camping-normandie-chien-admis.jpg\" alt=\"\" width=\"60\" height=\"60\" \/>El confort y la serenidad caracterizan a este bungalow. La estructura de madera de la casa trae m\u00e1s comodidad interior para esas hermosas noches en su camping.<\/p>\n<h3><span style=\"color: #ff6600;\">Desde de 386 \u20ac por semana<\/span><span style=\"color: #ff6600;\">\u00a0<span style=\"color: #000000;\"><a href=\"\/es\/alojamientos\/normandie-morea\/\" class=\"btn-shortcode dt-btn-s dt-btn default-btn-color default-btn-hover-color default-btn-bg-color default-btn-bg-hover-color\" target=\"_blank\" id=\"dt-btn-5\" rel=\"noopener\"><span>Descubrir<\/span><\/a><\/span><\/span><\/h3>\n<\/div>\n<p>[\/vc_column_text][\/vc_column][\/vc_row][vc_row min_height=\u00bb60&#8243;][vc_column][vc_empty_space][vc_column_text]<\/p>\n<h2 class=\"az\"><\/h2>\n<p>[\/vc_column_text][\/vc_column][\/vc_row][vc_row margin_top=\u00bb10&#8243; margin_bottom=\u00bb10&#8243;][vc_column offset=\u00bbvc_col-lg-6 vc_col-md-6 vc_col-xs-12&#8243; el_class=\u00bbficheheb\u00bb][vc_column_text]<\/p>\n<div class=\"bord\">\n<h2>IBIZA<\/h2>\n<p><strong>27 m2 &#8211; 2 dormitorios\u00a0&#8211; 4\/6 pers<\/strong><\/p>\n<p>Terraza cobierta<br \/>\n<img loading=\"lazy\" decoding=\"async\" class=\"wp-image-2973 size-full aligncenter\" src=\"https:\/\/www.essai.heurtevent.fr\/wp-content\/uploads\/2021\/07\/IBIZA-300x225-1.jpg\" alt=\"location chalet ibiza ponts de normandie\" width=\"300\" height=\"225\" \/><br \/>\n<img loading=\"lazy\" decoding=\"async\" class=\"pictoloc alignleft wp-image-921 size-full\" src=\"https:\/\/www.essai.heurtevent.fr\/wp-content\/uploads\/2015\/12\/picto-normandie.png\" alt=\"location normandie\" width=\"60\" height=\"58\" \/><\/p>\n<p>Una muy buena relaci\u00f3n calidad \/ precio de esta casa m\u00f3vil con 2 dormitorios y un sof\u00e1 en la sala de estar. Fin de semana o vacaciones, disfrutar de una calidad de alojamiento de 3 estrellas.<\/p>\n<h3><span style=\"color: #ff6600;\">Desde de 386 \u20ac por semana <span style=\"color: #000000;\"><a href=\"\/es\/alojamientos\/mobil-home-ibiza\/\" class=\"btn-shortcode dt-btn-s dt-btn default-btn-color default-btn-hover-color default-btn-bg-color default-btn-bg-hover-color\" target=\"_blank\" id=\"dt-btn-6\" rel=\"noopener\"><span>Descubrir<\/span><\/a><\/span><\/span><\/h3>\n<\/div>\n<p>[\/vc_column_text][\/vc_column][vc_column offset=\u00bbvc_col-lg-6 vc_col-md-6 vc_col-xs-12&#8243; el_class=\u00bbficheheb\u00bb][vc_column_text]<\/p>\n<div class=\"bord\">\n<h2>BIKINI<\/h2>\n<p><strong>23 m2 &#8211; 2 dormitorios\u00a0&#8211; 4 pers.<\/strong><\/p>\n<p>Terraza cobierta<\/p>\n<p><img loading=\"lazy\" decoding=\"async\" class=\"wp-image-2963 size-full aligncenter\" src=\"https:\/\/www.essai.heurtevent.fr\/wp-content\/uploads\/2021\/07\/location-mobil-home-normandie.jpg\" alt=\"location mobil-home Normandie bikini\" width=\"300\" height=\"225\" \/><br \/>\n<img loading=\"lazy\" decoding=\"async\" class=\"pictoloc alignleft wp-image-921 size-full\" src=\"https:\/\/www.essai.heurtevent.fr\/wp-content\/uploads\/2015\/12\/picto-normandie.png\" alt=\"location normandie\" width=\"60\" height=\"58\" \/> Un bungalow de la familia ECO. Usted tiene todas las comodidades necesarias. Reserva ahora !<\/p>\n<h3><span style=\"color: #ff6600;\">Desde de 372 \u20ac por semana <span style=\"color: #000000;\"><a href=\"\/es\/alojamientos\/mobil-home-eco-bikini\/\" class=\"btn-shortcode dt-btn-s dt-btn default-btn-color default-btn-hover-color default-btn-bg-color default-btn-bg-hover-color\" target=\"_blank\" id=\"dt-btn-7\" rel=\"noopener\"><span>Descubrir<\/span><\/a><\/span><\/span><\/h3>\n<\/div>\n<p>[\/vc_column_text][\/vc_column][\/vc_row][vc_row margin_top=\u00bb10&#8243; margin_bottom=\u00bb10&#8243;][vc_column offset=\u00bbvc_col-lg-6 vc_col-md-6 vc_col-xs-12&#8243; el_class=\u00bbficheheb\u00bb][vc_column_text]<\/p>\n<div class=\"bord\">\n<h2>SEYCHELLES<\/h2>\n<p><strong>29 m2 &#8211; 2 dormitorios &#8211; 4 plazas<\/strong><\/p>\n<p>Terraza cobierta<br \/>\n<img loading=\"lazy\" decoding=\"async\" class=\"wp-image-3299 size-full aligncenter\" src=\"https:\/\/www.essai.heurtevent.fr\/wp-content\/uploads\/2023\/06\/location-normandie-4-personnes.jpg\" alt=\"location en camping Normandie pour 4 personnes\" width=\"300\" height=\"225\" \/><br \/>\n<img loading=\"lazy\" decoding=\"async\" class=\"pictoloc alignleft wp-image-921 size-full\" src=\"https:\/\/www.essai.heurtevent.fr\/wp-content\/uploads\/2015\/12\/picto-normandie.png\" alt=\"location normandie\" width=\"60\" height=\"58\" \/><\/p>\n<p>el mobil-home Seychelles es la garant\u00eda de un alojamiento acogedor y funcional con una vista directa de 180\u00b0 sobre el rio. + moderno + espacioso + luminoso<\/p>\n<h3><span style=\"color: #ff6600;\">Desde 386 \u20ac por semana <span style=\"color: #000000;\"><a href=\"\/es\/alojamientos\/mobil-home-seychelles\/\" class=\"btn-shortcode dt-btn-s dt-btn default-btn-color default-btn-hover-color default-btn-bg-color default-btn-bg-hover-color\" target=\"_blank\" id=\"dt-btn-8\" rel=\"noopener\"><span>Descubrir<\/span><\/a><\/span><\/span><\/h3>\n<\/div>\n<p>[\/vc_column_text][\/vc_column][\/vc_row][vc_row][vc_column][vc_column_text]<\/p>\n<h2 class=\"az\">Bungalows\u00a01\u00a0dormitorios<\/h2>\n<p>[\/vc_column_text][\/vc_column][\/vc_row][vc_row][vc_column][vc_column_text]<\/p>\n<div class=\"bord\">\n<h2>DUO<\/h2>\n<p><strong>14\u00a0m2 &#8211;\u00a01 dormitorios &#8211;\u00a02 pers<\/strong><\/p>\n<p>Terraza Corbierta<br \/>\n<img loading=\"lazy\" decoding=\"async\" class=\"aligncenter size-medium wp-image-2105\" src=\"https:\/\/www.essai.heurtevent.fr\/wp-content\/uploads\/2017\/10\/mobil-home-normandie-2-personnes-300x225.jpg\" alt=\"location normandie pas cher pour 2 personnes\" width=\"300\" height=\"225\" srcset=\"https:\/\/www.essai.heurtevent.fr\/wp-content\/uploads\/2017\/10\/mobil-home-normandie-2-personnes-300x225.jpg 300w, https:\/\/www.essai.heurtevent.fr\/wp-content\/uploads\/2017\/10\/mobil-home-normandie-2-personnes.jpg 507w\" sizes=\"auto, (max-width: 300px) 100vw, 300px\" \/><br \/>\n<img loading=\"lazy\" decoding=\"async\" class=\"pictoloc alignleft wp-image-921 size-full\" src=\"https:\/\/www.essai.heurtevent.fr\/wp-content\/uploads\/2015\/12\/picto-normandie.png\" alt=\"location normandie\" width=\"60\" height=\"58\" \/> Una bonita mobil home de un cuarto individual acogedora para una pareja. Los fines de semana o d\u00edas festivos, mejor que una habitaci\u00f3n de hotel y m\u00e1s barato.<\/p>\n<h3><span style=\"color: #ff6600;\">Desde de 357<\/span><span style=\"color: #ff6600;\">\u00a0\u20ac <\/span><span style=\"color: #ff6600;\">por semana\u00a0<\/span><span style=\"color: #ff6600;\"><span style=\"color: #000000;\"><a href=\"https:\/\/www.essai.heurtevent.fr\/es\/accomodations\/mobil-home-duo\/\" class=\"btn-shortcode dt-btn-s dt-btn default-btn-color default-btn-hover-color default-btn-bg-color default-btn-bg-hover-color\" target=\"_blank\" id=\"dt-btn-9\" rel=\"noopener\"><span>Descubrir<\/span><\/a><\/span><\/span><\/h3>\n<\/div>\n<p>[\/vc_column_text][\/vc_column][\/vc_row]<\/p>\n<\/div>","protected":false},"excerpt":{"rendered":"<p>[vc_row][vc_column][vc_column_text] Alojamientos camping en\u00a0Normandie Bungalow\u00a03 dormitorios [\/vc_column_text][\/vc_column][\/vc_row][vc_row margin_top=\u00bb10&#8243; margin_bottom=\u00bb10&#8243;][vc_column offset=\u00bbvc_col-lg-6 vc_col-md-6 vc_col-xs-12&#8243; el_class=\u00bbficheheb\u00bb][vc_column_text] BERMUDE 33 m2 &#8211; 3 dormitorios\u00a0&#8211; 6 pers con terraza Un mont\u00f3n de espacio para una familia grande. La experiencia de vacaciones\u00a0zen. Desde 436 \u20ac por semana [\/vc_column_text][\/vc_column][vc_column offset=\u00bbvc_col-lg-6 vc_col-md-6 vc_col-xs-12&#8243; el_class=\u00bbficheheb\u00bb][vc_column_text] ALIZE 33 m2 &#8211; 3 dormitorios\u00a0&#8211; 4 personas + 3\u00a0ninos&hellip;<\/p>\n","protected":false},"author":1,"featured_media":0,"parent":0,"menu_order":0,"comment_status":"closed","ping_status":"closed","template":"","meta":{"footnotes":""},"class_list":["post-1597","page","type-page","status-publish","hentry","description-off"],"yoast_head":"<!-- This site is optimized with the Yoast SEO plugin v25.6 - https:\/\/yoast.com\/wordpress\/plugins\/seo\/ -->\n<title>Alojamientos camping Normandie | Barre y Va<\/title>\n<meta name=\"robots\" content=\"index, follow, max-snippet:-1, max-image-preview:large, max-video-preview:-1\" \/>\n<link rel=\"canonical\" href=\"https:\/\/www.essai.heurtevent.fr\/es\/alojamientos\/\" \/>\n<meta property=\"og:locale\" content=\"es_ES\" \/>\n<meta property=\"og:type\" content=\"article\" \/>\n<meta property=\"og:title\" content=\"Alojamientos camping Normandie | Barre y Va\" \/>\n<meta property=\"og:description\" content=\"[vc_row][vc_column][vc_column_text] Alojamientos camping en\u00a0Normandie Bungalow\u00a03 dormitorios [\/vc_column_text][\/vc_column][\/vc_row][vc_row margin_top=\u00bb10&#8243; margin_bottom=\u00bb10&#8243;][vc_column offset=\u00bbvc_col-lg-6 vc_col-md-6 vc_col-xs-12&#8243; el_class=\u00bbficheheb\u00bb][vc_column_text] BERMUDE 33 m2 &#8211; 3 dormitorios\u00a0&#8211; 6 pers con terraza Un mont\u00f3n de espacio para una familia grande. La experiencia de vacaciones\u00a0zen. Desde 436 \u20ac por semana [\/vc_column_text][\/vc_column][vc_column offset=\u00bbvc_col-lg-6 vc_col-md-6 vc_col-xs-12&#8243; el_class=\u00bbficheheb\u00bb][vc_column_text] ALIZE 33 m2 &#8211; 3 dormitorios\u00a0&#8211; 4 personas + 3\u00a0ninos&hellip;\" \/>\n<meta property=\"og:url\" content=\"https:\/\/www.essai.heurtevent.fr\/es\/alojamientos\/\" \/>\n<meta property=\"og:site_name\" content=\"barreyva\" \/>\n<meta property=\"article:modified_time\" content=\"2023-06-05T15:18:24+00:00\" \/>\n<meta property=\"og:image\" content=\"https:\/\/www.essai.heurtevent.fr\/wp-content\/uploads\/2021\/07\/location-cote-albatre.jpg\" \/>\n<meta name=\"twitter:card\" content=\"summary_large_image\" \/>\n<meta name=\"twitter:label1\" content=\"Tiempo de lectura\" \/>\n\t<meta name=\"twitter:data1\" content=\"6 minutos\" \/>\n<script type=\"application\/ld+json\" class=\"yoast-schema-graph\">{\"@context\":\"https:\/\/schema.org\",\"@graph\":[{\"@type\":\"WebPage\",\"@id\":\"https:\/\/www.essai.heurtevent.fr\/es\/alojamientos\/\",\"url\":\"https:\/\/www.essai.heurtevent.fr\/es\/alojamientos\/\",\"name\":\"Alojamientos camping Normandie | Barre y Va\",\"isPartOf\":{\"@id\":\"https:\/\/www.essai.heurtevent.fr\/#website\"},\"primaryImageOfPage\":{\"@id\":\"https:\/\/www.essai.heurtevent.fr\/es\/alojamientos\/#primaryimage\"},\"image\":{\"@id\":\"https:\/\/www.essai.heurtevent.fr\/es\/alojamientos\/#primaryimage\"},\"thumbnailUrl\":\"https:\/\/www.essai.heurtevent.fr\/wp-content\/uploads\/2021\/07\/location-cote-albatre.jpg\",\"datePublished\":\"2016-08-31T08:45:26+00:00\",\"dateModified\":\"2023-06-05T15:18:24+00:00\",\"breadcrumb\":{\"@id\":\"https:\/\/www.essai.heurtevent.fr\/es\/alojamientos\/#breadcrumb\"},\"inLanguage\":\"es\",\"potentialAction\":[{\"@type\":\"ReadAction\",\"target\":[\"https:\/\/www.essai.heurtevent.fr\/es\/alojamientos\/\"]}]},{\"@type\":\"ImageObject\",\"inLanguage\":\"es\",\"@id\":\"https:\/\/www.essai.heurtevent.fr\/es\/alojamientos\/#primaryimage\",\"url\":\"https:\/\/www.essai.heurtevent.fr\/wp-content\/uploads\/2021\/07\/location-cote-albatre.jpg\",\"contentUrl\":\"https:\/\/www.essai.heurtevent.fr\/wp-content\/uploads\/2021\/07\/location-cote-albatre.jpg\"},{\"@type\":\"BreadcrumbList\",\"@id\":\"https:\/\/www.essai.heurtevent.fr\/es\/alojamientos\/#breadcrumb\",\"itemListElement\":[{\"@type\":\"ListItem\",\"position\":1,\"name\":\"Accueil\",\"item\":\"https:\/\/www.essai.heurtevent.fr\/es\/\"},{\"@type\":\"ListItem\",\"position\":2,\"name\":\"Alojamientos\"}]},{\"@type\":\"WebSite\",\"@id\":\"https:\/\/www.essai.heurtevent.fr\/#website\",\"url\":\"https:\/\/www.essai.heurtevent.fr\/\",\"name\":\"barreyva\",\"description\":\"camping normandie\",\"potentialAction\":[{\"@type\":\"SearchAction\",\"target\":{\"@type\":\"EntryPoint\",\"urlTemplate\":\"https:\/\/www.essai.heurtevent.fr\/?s={search_term_string}\"},\"query-input\":{\"@type\":\"PropertyValueSpecification\",\"valueRequired\":true,\"valueName\":\"search_term_string\"}}],\"inLanguage\":\"es\"}]}<\/script>\n<!-- \/ Yoast SEO plugin. -->","yoast_head_json":{"title":"Alojamientos camping Normandie | Barre y Va","robots":{"index":"index","follow":"follow","max-snippet":"max-snippet:-1","max-image-preview":"max-image-preview:large","max-video-preview":"max-video-preview:-1"},"canonical":"https:\/\/www.essai.heurtevent.fr\/es\/alojamientos\/","og_locale":"es_ES","og_type":"article","og_title":"Alojamientos camping Normandie | Barre y Va","og_description":"[vc_row][vc_column][vc_column_text] Alojamientos camping en\u00a0Normandie Bungalow\u00a03 dormitorios [\/vc_column_text][\/vc_column][\/vc_row][vc_row margin_top=\u00bb10&#8243; margin_bottom=\u00bb10&#8243;][vc_column offset=\u00bbvc_col-lg-6 vc_col-md-6 vc_col-xs-12&#8243; el_class=\u00bbficheheb\u00bb][vc_column_text] BERMUDE 33 m2 &#8211; 3 dormitorios\u00a0&#8211; 6 pers con terraza Un mont\u00f3n de espacio para una familia grande. La experiencia de vacaciones\u00a0zen. Desde 436 \u20ac por semana [\/vc_column_text][\/vc_column][vc_column offset=\u00bbvc_col-lg-6 vc_col-md-6 vc_col-xs-12&#8243; el_class=\u00bbficheheb\u00bb][vc_column_text] ALIZE 33 m2 &#8211; 3 dormitorios\u00a0&#8211; 4 personas + 3\u00a0ninos&hellip;","og_url":"https:\/\/www.essai.heurtevent.fr\/es\/alojamientos\/","og_site_name":"barreyva","article_modified_time":"2023-06-05T15:18:24+00:00","og_image":[{"url":"https:\/\/www.essai.heurtevent.fr\/wp-content\/uploads\/2021\/07\/location-cote-albatre.jpg","type":"","width":"","height":""}],"twitter_card":"summary_large_image","twitter_misc":{"Tiempo de lectura":"6 minutos"},"schema":{"@context":"https:\/\/schema.org","@graph":[{"@type":"WebPage","@id":"https:\/\/www.essai.heurtevent.fr\/es\/alojamientos\/","url":"https:\/\/www.essai.heurtevent.fr\/es\/alojamientos\/","name":"Alojamientos camping Normandie | Barre y Va","isPartOf":{"@id":"https:\/\/www.essai.heurtevent.fr\/#website"},"primaryImageOfPage":{"@id":"https:\/\/www.essai.heurtevent.fr\/es\/alojamientos\/#primaryimage"},"image":{"@id":"https:\/\/www.essai.heurtevent.fr\/es\/alojamientos\/#primaryimage"},"thumbnailUrl":"https:\/\/www.essai.heurtevent.fr\/wp-content\/uploads\/2021\/07\/location-cote-albatre.jpg","datePublished":"2016-08-31T08:45:26+00:00","dateModified":"2023-06-05T15:18:24+00:00","breadcrumb":{"@id":"https:\/\/www.essai.heurtevent.fr\/es\/alojamientos\/#breadcrumb"},"inLanguage":"es","potentialAction":[{"@type":"ReadAction","target":["https:\/\/www.essai.heurtevent.fr\/es\/alojamientos\/"]}]},{"@type":"ImageObject","inLanguage":"es","@id":"https:\/\/www.essai.heurtevent.fr\/es\/alojamientos\/#primaryimage","url":"https:\/\/www.essai.heurtevent.fr\/wp-content\/uploads\/2021\/07\/location-cote-albatre.jpg","contentUrl":"https:\/\/www.essai.heurtevent.fr\/wp-content\/uploads\/2021\/07\/location-cote-albatre.jpg"},{"@type":"BreadcrumbList","@id":"https:\/\/www.essai.heurtevent.fr\/es\/alojamientos\/#breadcrumb","itemListElement":[{"@type":"ListItem","position":1,"name":"Accueil","item":"https:\/\/www.essai.heurtevent.fr\/es\/"},{"@type":"ListItem","position":2,"name":"Alojamientos"}]},{"@type":"WebSite","@id":"https:\/\/www.essai.heurtevent.fr\/#website","url":"https:\/\/www.essai.heurtevent.fr\/","name":"barreyva","description":"camping normandie","potentialAction":[{"@type":"SearchAction","target":{"@type":"EntryPoint","urlTemplate":"https:\/\/www.essai.heurtevent.fr\/?s={search_term_string}"},"query-input":{"@type":"PropertyValueSpecification","valueRequired":true,"valueName":"search_term_string"}}],"inLanguage":"es"}]}},"_links":{"self":[{"href":"https:\/\/www.essai.heurtevent.fr\/es\/wp-json\/wp\/v2\/pages\/1597","targetHints":{"allow":["GET"]}}],"collection":[{"href":"https:\/\/www.essai.heurtevent.fr\/es\/wp-json\/wp\/v2\/pages"}],"about":[{"href":"https:\/\/www.essai.heurtevent.fr\/es\/wp-json\/wp\/v2\/types\/page"}],"author":[{"embeddable":true,"href":"https:\/\/www.essai.heurtevent.fr\/es\/wp-json\/wp\/v2\/users\/1"}],"replies":[{"embeddable":true,"href":"https:\/\/www.essai.heurtevent.fr\/es\/wp-json\/wp\/v2\/comments?post=1597"}],"version-history":[{"count":1,"href":"https:\/\/www.essai.heurtevent.fr\/es\/wp-json\/wp\/v2\/pages\/1597\/revisions"}],"predecessor-version":[{"id":3327,"href":"https:\/\/www.essai.heurtevent.fr\/es\/wp-json\/wp\/v2\/pages\/1597\/revisions\/3327"}],"wp:attachment":[{"href":"https:\/\/www.essai.heurtevent.fr\/es\/wp-json\/wp\/v2\/media?parent=1597"}],"curies":[{"name":"wp","href":"https:\/\/api.w.org\/{rel}","templated":true}]}}