{"id":1588,"date":"2016-08-31T09:43:05","date_gmt":"2016-08-31T08:43:05","guid":{"rendered":"https:\/\/www.essai.heurtevent.fr\/es\/?page_id=1588"},"modified":"2024-05-06T09:29:37","modified_gmt":"2024-05-06T08:29:37","slug":"acampada","status":"publish","type":"page","link":"https:\/\/www.essai.heurtevent.fr\/es\/acampada\/","title":{"rendered":"Acampada"},"content":{"rendered":"<div class=\"wpb-content-wrapper\"><p>[vc_row][vc_column][vc_column_text]<\/p>\n<h1>Parcelas \u00a0Camping en Normandia Francia<\/h1>\n<p>[\/vc_column_text][\/vc_column][\/vc_row][vc_row][vc_column offset=\u00bbvc_col-lg-8 vc_col-md-8 vc_col-xs-12&#8243;][vc_empty_space][vc_empty_space height=\u00bb82px\u00bb][vc_column_text]<\/p>\n<p>Su parcela\u00a0en Normandie Villequier<\/p>\n<p>Nuestro sitio est\u00e1 situado\u00a0en el coraz\u00f3n de Normand\u00eda.<\/p>\n<p>Ya sea que viaje o para pasar un d\u00eda de vacaciones, ofrecemos hermosas parcelas para tiendas, caravanas.<\/p>\n<p>El camping dispone de nueve parcelas\u00a0espec\u00edficas para autocaravanas con vistas al Sena.<\/p>\n<p>El camping es el punto de partida de muchos lugares de inter\u00e9s. Visita el Puente de Normand\u00eda o tomar la ruta de la fruta !<\/p>\n<p>Su camping dispone de 80 parcelas de 120 m\u00b2.<\/p>\n<p>Todos los lugares est\u00e1n conectados a la electricidad 10 amperios.<\/p>\n<p>Wi-Fi est\u00e1 disponible en el camping (con cargo adicional). Por el alquiler de su parcela\u00a0se obtiene todo el equipo y servicios.<\/p>\n<p>&nbsp;<\/p>\n<h3><span style=\"font-size: 14px; font-weight: normal;\">[\/vc_column_text][\/vc_column][vc_column offset=\u00bbvc_col-lg-4 vc_col-md-4 vc_col-xs-12&#8243;][vc_empty_space][vc_column_text]<\/span><\/h3>\n<p>Su parcela de camping\u00a0para tiendas , caravanas, autocaravanas lo largo del rio.<\/p>\n<p>Parcela confort\u00a0con la electricidad en su camping 3 estrellas.[\/vc_column_text][vc_column_text el_class=\u00bbblocheb\u00bb]<\/p>\n<h3 style=\"text-align: center;\">Desde<\/h3>\n<p>&nbsp;<\/p>\n<p style=\"text-align: center;\"><span style=\"color: #ff9900; font-size: 60px;\">18,30 \u20ac<\/span><\/p>\n<p style=\"text-align: center;\"><span style=\"color: #ff9900;\">_________________________________<\/span><\/p>\n<p style=\"text-align: center;\">noche para 2 personas<\/p>\n<p style=\"text-align: center;\"><a href=\"https:\/\/bookingpremium.secureholiday.net\/es\/2735\/search\/?&amp;productType=pitch\" class=\"btn-shortcode dt-btn-l dt-btn default-btn-color default-btn-hover-color default-btn-bg-color default-btn-bg-hover-color\" target=\"_blank\" id=\"dt-btn-1\" rel=\"noopener\"><span>RESERVA ONLINE<\/span><\/a><\/p>\n<p>[\/vc_column_text][vc_empty_space height=\u00bb82px\u00bb][vc_column_text]<\/p>\n<p style=\"text-align: center;\"><strong>Descargas<\/strong><\/p>\n<p><a href=\"https:\/\/www.essai.heurtevent.fr\/wp-content\/uploads\/es\/plano.pdf\" target=\"_blank\" rel=\"noopener noreferrer\" data-dt-img-description=\"\"><img loading=\"lazy\" decoding=\"async\" class=\"aligncenter wp-image-1589 size-full\" src=\"https:\/\/www.essai.heurtevent.fr\/wp-content\/uploads\/2016\/08\/plano-del-camping.jpg\" alt=\"plano del camping\" width=\"300\" height=\"54\" \/><\/a><\/p>\n<p><a href=\"https:\/\/www.essai.heurtevent.fr\/wp-content\/uploads\/es\/precios.pdf\" target=\"_blank\" rel=\"noopener noreferrer\" data-dt-img-description=\"\"><img loading=\"lazy\" decoding=\"async\" class=\"aligncenter wp-image-1591 size-full\" src=\"https:\/\/www.essai.heurtevent.fr\/wp-content\/uploads\/2016\/08\/precios.jpg\" alt=\"precios\" width=\"300\" height=\"54\" \/><\/a><\/p>\n<p>&nbsp;<\/p>\n<p>&nbsp;<\/p>\n<div class=\"imageCentre\"><a href=\"https:\/\/www.essai.heurtevent.fr\/wp-content\/uploads\/2015\/10\/cle\u0301-verte-normandie.jpg\" data-dt-img-description=\"\"><img loading=\"lazy\" decoding=\"async\" class=\"alignnone wp-image-939 size-full\" src=\"https:\/\/www.essai.heurtevent.fr\/wp-content\/uploads\/2015\/10\/cle\u0301-verte-normandie.jpg\" alt=\"\" width=\"94\" height=\"94\" \/><\/a><a class=\"dt-single-image\" href=\"https:\/\/www.essai.heurtevent.fr\/wp-content\/uploads\/2015\/11\/vacaf_medium.gif\" data-dt-img-description=\"\"><img loading=\"lazy\" decoding=\"async\" class=\"alignnone wp-image-893\" src=\"https:\/\/www.essai.heurtevent.fr\/wp-content\/uploads\/2015\/11\/vacaf_medium.gif\" alt=\"vacaf_medium\" width=\"149\" height=\"99\" \/><\/a><\/div>\n<div class=\"imageCentre\"><a class=\"dt-single-image\" href=\"https:\/\/www.essai.heurtevent.fr\/wp-content\/uploads\/2015\/11\/camping-pmr-normandie.jpg\" rel=\"attachment wp-att-1558\" data-dt-img-description=\"\"><img loading=\"lazy\" decoding=\"async\" class=\"size-full wp-image-1558 aligncenter\" src=\"https:\/\/www.essai.heurtevent.fr\/wp-content\/uploads\/2015\/11\/camping-pmr-normandie.jpg\" alt=\"camping normandie pmr\" width=\"94\" height=\"97\" \/><\/a><\/div>\n<p>[\/vc_column_text][\/vc_column][\/vc_row][vc_row][vc_column][vc_empty_space height=\u00bb52px\u00bb][vc_column_text]<a class=\"dt-single-image\" href=\"https:\/\/www.essai.heurtevent.fr\/wp-content\/uploads\/2015\/11\/Camping-normandie.png\" data-dt-img-description=\"\"><img loading=\"lazy\" decoding=\"async\" class=\"wp-image-563 aligncenter\" src=\"https:\/\/www.essai.heurtevent.fr\/wp-content\/uploads\/2015\/11\/Camping-normandie.png\" alt=\"Camping normandie\" width=\"115\" height=\"66\" \/><\/a>[\/vc_column_text][vc_column_text]<\/p>\n<h3 class=\"aze\">Precios<\/h3>\n<p>[\/vc_column_text][vc_empty_space][\/vc_column][\/vc_row][vc_row][vc_column][vc_raw_html]JTNDY3R2LXByb2R1Y3QlMjBkYXRhLXByb2R1Y3QtaWQlM0QlMjc1OTc4MSUyNyUyMCUzRSUzQyUyRmN0di1wcm9kdWN0JTNF[\/vc_raw_html][vc_raw_html]JTNDY3R2LXByb2R1Y3Qtc2VhcmNoJTIwZGF0YS1wcm9kdWN0LWlkJTNEJTI3NTk3ODElMjclMjAlM0UlM0MlMkZjdHYtcHJvZHVjdC1zZWFyY2glM0U=[\/vc_raw_html][vc_raw_html]JTNDY3R2LXByb2R1Y3QlMjBkYXRhLXByb2R1Y3QtaWQlM0QlMjcxMDMxODElMjclMjAlM0UlM0MlMkZjdHYtcHJvZHVjdCUzRQ==[\/vc_raw_html][vc_raw_html]JTNDY3R2LXByb2R1Y3Qtc2VhcmNoJTIwZGF0YS1wcm9kdWN0LWlkJTNEJTI3MTAzMTgxJTI3JTIwJTNFJTNDJTJGY3R2LXByb2R1Y3Qtc2VhcmNoJTNF[\/vc_raw_html][vc_raw_html]JTNDY3R2LXByb2R1Y3QlMjBkYXRhLXByb2R1Y3QtaWQlM0QlMjc1OTc4MyUyNyUyMCUzRSUzQyUyRmN0di1wcm9kdWN0JTNF[\/vc_raw_html][vc_raw_html]JTNDY3R2LXByb2R1Y3Qtc2VhcmNoJTIwZGF0YS1wcm9kdWN0LWlkJTNEJTI3NTk3ODMlMjclMjAlM0UlM0MlMkZjdHYtcHJvZHVjdC1zZWFyY2glM0U=[\/vc_raw_html][\/vc_column][\/vc_row][vc_row][vc_column][vc_empty_space height=\u00bb52px\u00bb][vc_column_text]<a class=\"dt-single-image\" href=\"https:\/\/www.essai.heurtevent.fr\/wp-content\/uploads\/2015\/11\/Camping-normandie.png\" data-dt-img-description=\"\"><img loading=\"lazy\" decoding=\"async\" class=\"wp-image-563 aligncenter\" src=\"https:\/\/www.essai.heurtevent.fr\/wp-content\/uploads\/2015\/11\/Camping-normandie.png\" alt=\"Camping normandie\" width=\"115\" height=\"66\" \/><\/a>[\/vc_column_text][vc_column_text css=\u00bb\u00bb]<strong>Las instalaciones de camping<\/strong><\/p>\n<p>Instalaciones sanitarias recientes, limpio y funcional con lavadora y secadora.<\/p>\n<p>&nbsp;<\/p>\n<h2>Autocaravanas.<\/h2>\n<p><a class=\"dt-single-image\" href=\"https:\/\/www.essai.heurtevent.fr\/wp-content\/uploads\/2015\/12\/borne-camping-car.jpg\" rel=\"attachment wp-att-1304\" data-dt-img-description=\"\"><img loading=\"lazy\" decoding=\"async\" class=\"size-medium wp-image-1304 alignleft\" src=\"https:\/\/www.essai.heurtevent.fr\/wp-content\/uploads\/2015\/12\/borne-camping-car-300x225.jpg\" alt=\"camping car normandie\" width=\"300\" height=\"225\" srcset=\"https:\/\/www.essai.heurtevent.fr\/wp-content\/uploads\/2015\/12\/borne-camping-car-300x225.jpg 300w, https:\/\/www.essai.heurtevent.fr\/wp-content\/uploads\/2015\/12\/borne-camping-car.jpg 600w\" sizes=\"auto, (max-width: 300px) 100vw, 300px\" \/><\/a>Para nuestros amigos con \u00a0autocaravanas, el camping dispone de un terminal para el suministro de agua y vaciado de los \u00a0casetes. Durante su recorrido en autocaravana en Normandie hacer una pausa serena al\u00a0Barre Y Va.<\/p>\n<p>&nbsp;<\/p>\n<p>&nbsp;<\/p>\n<p>&nbsp;<\/p>\n<p>&nbsp;<\/p>\n<p>&nbsp;<\/p>\n<p>&nbsp;<\/p>\n<p><a class=\"dt-single-image\" href=\"https:\/\/www.essai.heurtevent.fr\/wp-content\/uploads\/2015\/11\/camping-pmr-normandie-1.jpg\" rel=\"attachment wp-att-1562\" data-dt-img-description=\"\"><img loading=\"lazy\" decoding=\"async\" class=\"size-full wp-image-1562 alignright\" src=\"https:\/\/www.essai.heurtevent.fr\/wp-content\/uploads\/2015\/11\/camping-pmr-normandie-1.jpg\" alt=\"camping pmr normandie\" width=\"219\" height=\"225\" \/><\/a>Las instalaciones del camping y en particular el acceso al bloque sanitario\u00a0es el est\u00e1ndar de \u00abacceso para inv\u00e1lidos\u00bb<\/p>\n<p>&nbsp;<\/p>\n<p>&nbsp;<\/p>\n<p>&nbsp;<\/p>\n<p>&nbsp;<\/p>\n<h3 class=\"aze\">Informaci\u00f3n pr\u00e1ctica<\/h3>\n<p>[\/vc_column_text][vc_empty_space][\/vc_column][\/vc_row][vc_row][vc_column][vc_column_text]<\/p>\n<h3><\/h3>\n<p>Las tarifas incluyen:<\/p>\n<ul>\n<li>el alquiler de una parcela, el agua, la electricidad<\/li>\n<li>El acceso a los juegos de la piscina.<\/li>\n<\/ul>\n<p>Las tarifas no incluyen:<\/p>\n<ul>\n<li>Gastos de reserva: \u20ac 9,50 por<\/li>\n<li>Tasa tur\u00edstica+ 18 anos :\u00a0\u20ac 0,90 \u20ac \/ persona<\/li>\n<li>Tasa tur\u00edstica &#8211; 18 anos :\u00a00,50 \u20ac \/ persona<\/li>\n<\/ul>\n<p>&nbsp;<\/p>\n<p>Durante la\u00a0estaci\u00f3n: Llegada de 12:00 ma\u00f1ana &#8211; Salida m\u00e1xima: \u00a012:00 ma\u00f1ana.[\/vc_column_text][vc_column_text][\/vc_column_text][\/vc_column][\/vc_row][vc_row][\/vc_row][vc_column][\/vc_column][vc_empty_space][vc_column_text]<a class=\"dt-single-image\" href=\"https:\/\/www.essai.heurtevent.fr\/wp-content\/uploads\/2015\/11\/Camping-normandie.png\" data-dt-img-description=\"\"><img loading=\"lazy\" decoding=\"async\" class=\"wp-image-563 aligncenter\" src=\"https:\/\/www.essai.heurtevent.fr\/wp-content\/uploads\/2015\/11\/Camping-normandie.png\" alt=\"Camping normandie\" width=\"101\" height=\"58\" \/><\/a>[\/vc_column_text]<\/p>\n<\/div>","protected":false},"excerpt":{"rendered":"<p>[vc_row][vc_column][vc_column_text] Parcelas \u00a0Camping en Normandia Francia [\/vc_column_text][\/vc_column][\/vc_row][vc_row][vc_column offset=\u00bbvc_col-lg-8 vc_col-md-8 vc_col-xs-12&#8243;][vc_empty_space][vc_empty_space height=\u00bb82px\u00bb][vc_column_text] Su parcela\u00a0en Normandie Villequier Nuestro sitio est\u00e1 situado\u00a0en el coraz\u00f3n de Normand\u00eda. Ya sea que viaje o para pasar un d\u00eda de vacaciones, ofrecemos hermosas parcelas para tiendas, caravanas. El camping dispone de nueve parcelas\u00a0espec\u00edficas para autocaravanas con vistas al Sena. El camping es&hellip;<\/p>\n","protected":false},"author":1,"featured_media":0,"parent":0,"menu_order":0,"comment_status":"closed","ping_status":"closed","template":"","meta":{"footnotes":""},"class_list":["post-1588","page","type-page","status-publish","hentry","description-off"],"yoast_head":"<!-- This site is optimized with the Yoast SEO plugin v25.6 - https:\/\/yoast.com\/wordpress\/plugins\/seo\/ -->\n<title>Acampada Parcela Francia Normandie | Camping Barre Y Va<\/title>\n<meta name=\"description\" content=\"Su parcela en Normandie Villequier en camping 4* acerca rouen y puentes of Normandie. precios baratos par familia, piscina cobierta.\" \/>\n<meta name=\"robots\" content=\"index, follow, max-snippet:-1, max-image-preview:large, max-video-preview:-1\" \/>\n<link rel=\"canonical\" href=\"https:\/\/www.essai.heurtevent.fr\/es\/acampada\/\" \/>\n<meta property=\"og:locale\" content=\"es_ES\" \/>\n<meta property=\"og:type\" content=\"article\" \/>\n<meta property=\"og:title\" content=\"Acampada Parcela Francia Normandie | Camping Barre Y Va\" \/>\n<meta property=\"og:description\" content=\"Su parcela en Normandie Villequier en camping 4* acerca rouen y puentes of Normandie. precios baratos par familia, piscina cobierta.\" \/>\n<meta property=\"og:url\" content=\"https:\/\/www.essai.heurtevent.fr\/es\/acampada\/\" \/>\n<meta property=\"og:site_name\" content=\"barreyva\" \/>\n<meta property=\"article:modified_time\" content=\"2024-05-06T08:29:37+00:00\" \/>\n<meta property=\"og:image\" content=\"https:\/\/www.essai.heurtevent.fr\/wp-content\/uploads\/2016\/08\/plano-del-camping.jpg\" \/>\n<meta name=\"twitter:card\" content=\"summary_large_image\" \/>\n<meta name=\"twitter:label1\" content=\"Tiempo de lectura\" \/>\n\t<meta name=\"twitter:data1\" content=\"4 minutos\" \/>\n<script type=\"application\/ld+json\" class=\"yoast-schema-graph\">{\"@context\":\"https:\/\/schema.org\",\"@graph\":[{\"@type\":\"WebPage\",\"@id\":\"https:\/\/www.essai.heurtevent.fr\/es\/acampada\/\",\"url\":\"https:\/\/www.essai.heurtevent.fr\/es\/acampada\/\",\"name\":\"Acampada Parcela Francia Normandie | Camping Barre Y Va\",\"isPartOf\":{\"@id\":\"https:\/\/www.essai.heurtevent.fr\/#website\"},\"primaryImageOfPage\":{\"@id\":\"https:\/\/www.essai.heurtevent.fr\/es\/acampada\/#primaryimage\"},\"image\":{\"@id\":\"https:\/\/www.essai.heurtevent.fr\/es\/acampada\/#primaryimage\"},\"thumbnailUrl\":\"https:\/\/www.essai.heurtevent.fr\/wp-content\/uploads\/2016\/08\/plano-del-camping.jpg\",\"datePublished\":\"2016-08-31T08:43:05+00:00\",\"dateModified\":\"2024-05-06T08:29:37+00:00\",\"description\":\"Su parcela en Normandie Villequier en camping 4* acerca rouen y puentes of Normandie. precios baratos par familia, piscina cobierta.\",\"breadcrumb\":{\"@id\":\"https:\/\/www.essai.heurtevent.fr\/es\/acampada\/#breadcrumb\"},\"inLanguage\":\"es\",\"potentialAction\":[{\"@type\":\"ReadAction\",\"target\":[\"https:\/\/www.essai.heurtevent.fr\/es\/acampada\/\"]}]},{\"@type\":\"ImageObject\",\"inLanguage\":\"es\",\"@id\":\"https:\/\/www.essai.heurtevent.fr\/es\/acampada\/#primaryimage\",\"url\":\"https:\/\/www.essai.heurtevent.fr\/wp-content\/uploads\/2016\/08\/plano-del-camping.jpg\",\"contentUrl\":\"https:\/\/www.essai.heurtevent.fr\/wp-content\/uploads\/2016\/08\/plano-del-camping.jpg\"},{\"@type\":\"BreadcrumbList\",\"@id\":\"https:\/\/www.essai.heurtevent.fr\/es\/acampada\/#breadcrumb\",\"itemListElement\":[{\"@type\":\"ListItem\",\"position\":1,\"name\":\"Accueil\",\"item\":\"https:\/\/www.essai.heurtevent.fr\/es\/\"},{\"@type\":\"ListItem\",\"position\":2,\"name\":\"Acampada\"}]},{\"@type\":\"WebSite\",\"@id\":\"https:\/\/www.essai.heurtevent.fr\/#website\",\"url\":\"https:\/\/www.essai.heurtevent.fr\/\",\"name\":\"barreyva\",\"description\":\"camping normandie\",\"potentialAction\":[{\"@type\":\"SearchAction\",\"target\":{\"@type\":\"EntryPoint\",\"urlTemplate\":\"https:\/\/www.essai.heurtevent.fr\/?s={search_term_string}\"},\"query-input\":{\"@type\":\"PropertyValueSpecification\",\"valueRequired\":true,\"valueName\":\"search_term_string\"}}],\"inLanguage\":\"es\"}]}<\/script>\n<!-- \/ Yoast SEO plugin. -->","yoast_head_json":{"title":"Acampada Parcela Francia Normandie | Camping Barre Y Va","description":"Su parcela en Normandie Villequier en camping 4* acerca rouen y puentes of Normandie. precios baratos par familia, piscina cobierta.","robots":{"index":"index","follow":"follow","max-snippet":"max-snippet:-1","max-image-preview":"max-image-preview:large","max-video-preview":"max-video-preview:-1"},"canonical":"https:\/\/www.essai.heurtevent.fr\/es\/acampada\/","og_locale":"es_ES","og_type":"article","og_title":"Acampada Parcela Francia Normandie | Camping Barre Y Va","og_description":"Su parcela en Normandie Villequier en camping 4* acerca rouen y puentes of Normandie. precios baratos par familia, piscina cobierta.","og_url":"https:\/\/www.essai.heurtevent.fr\/es\/acampada\/","og_site_name":"barreyva","article_modified_time":"2024-05-06T08:29:37+00:00","og_image":[{"url":"https:\/\/www.essai.heurtevent.fr\/wp-content\/uploads\/2016\/08\/plano-del-camping.jpg","type":"","width":"","height":""}],"twitter_card":"summary_large_image","twitter_misc":{"Tiempo de lectura":"4 minutos"},"schema":{"@context":"https:\/\/schema.org","@graph":[{"@type":"WebPage","@id":"https:\/\/www.essai.heurtevent.fr\/es\/acampada\/","url":"https:\/\/www.essai.heurtevent.fr\/es\/acampada\/","name":"Acampada Parcela Francia Normandie | Camping Barre Y Va","isPartOf":{"@id":"https:\/\/www.essai.heurtevent.fr\/#website"},"primaryImageOfPage":{"@id":"https:\/\/www.essai.heurtevent.fr\/es\/acampada\/#primaryimage"},"image":{"@id":"https:\/\/www.essai.heurtevent.fr\/es\/acampada\/#primaryimage"},"thumbnailUrl":"https:\/\/www.essai.heurtevent.fr\/wp-content\/uploads\/2016\/08\/plano-del-camping.jpg","datePublished":"2016-08-31T08:43:05+00:00","dateModified":"2024-05-06T08:29:37+00:00","description":"Su parcela en Normandie Villequier en camping 4* acerca rouen y puentes of Normandie. precios baratos par familia, piscina cobierta.","breadcrumb":{"@id":"https:\/\/www.essai.heurtevent.fr\/es\/acampada\/#breadcrumb"},"inLanguage":"es","potentialAction":[{"@type":"ReadAction","target":["https:\/\/www.essai.heurtevent.fr\/es\/acampada\/"]}]},{"@type":"ImageObject","inLanguage":"es","@id":"https:\/\/www.essai.heurtevent.fr\/es\/acampada\/#primaryimage","url":"https:\/\/www.essai.heurtevent.fr\/wp-content\/uploads\/2016\/08\/plano-del-camping.jpg","contentUrl":"https:\/\/www.essai.heurtevent.fr\/wp-content\/uploads\/2016\/08\/plano-del-camping.jpg"},{"@type":"BreadcrumbList","@id":"https:\/\/www.essai.heurtevent.fr\/es\/acampada\/#breadcrumb","itemListElement":[{"@type":"ListItem","position":1,"name":"Accueil","item":"https:\/\/www.essai.heurtevent.fr\/es\/"},{"@type":"ListItem","position":2,"name":"Acampada"}]},{"@type":"WebSite","@id":"https:\/\/www.essai.heurtevent.fr\/#website","url":"https:\/\/www.essai.heurtevent.fr\/","name":"barreyva","description":"camping normandie","potentialAction":[{"@type":"SearchAction","target":{"@type":"EntryPoint","urlTemplate":"https:\/\/www.essai.heurtevent.fr\/?s={search_term_string}"},"query-input":{"@type":"PropertyValueSpecification","valueRequired":true,"valueName":"search_term_string"}}],"inLanguage":"es"}]}},"_links":{"self":[{"href":"https:\/\/www.essai.heurtevent.fr\/es\/wp-json\/wp\/v2\/pages\/1588","targetHints":{"allow":["GET"]}}],"collection":[{"href":"https:\/\/www.essai.heurtevent.fr\/es\/wp-json\/wp\/v2\/pages"}],"about":[{"href":"https:\/\/www.essai.heurtevent.fr\/es\/wp-json\/wp\/v2\/types\/page"}],"author":[{"embeddable":true,"href":"https:\/\/www.essai.heurtevent.fr\/es\/wp-json\/wp\/v2\/users\/1"}],"replies":[{"embeddable":true,"href":"https:\/\/www.essai.heurtevent.fr\/es\/wp-json\/wp\/v2\/comments?post=1588"}],"version-history":[{"count":3,"href":"https:\/\/www.essai.heurtevent.fr\/es\/wp-json\/wp\/v2\/pages\/1588\/revisions"}],"predecessor-version":[{"id":3507,"href":"https:\/\/www.essai.heurtevent.fr\/es\/wp-json\/wp\/v2\/pages\/1588\/revisions\/3507"}],"wp:attachment":[{"href":"https:\/\/www.essai.heurtevent.fr\/es\/wp-json\/wp\/v2\/media?parent=1588"}],"curies":[{"name":"wp","href":"https:\/\/api.w.org\/{rel}","templated":true}]}}