{"id":1573,"date":"2016-08-31T09:30:06","date_gmt":"2016-08-31T08:30:06","guid":{"rendered":"https:\/\/www.essai.heurtevent.fr\/es\/?page_id=1573"},"modified":"2024-01-04T16:26:38","modified_gmt":"2024-01-04T15:26:38","slug":"inicio","status":"publish","type":"page","link":"https:\/\/www.essai.heurtevent.fr\/es\/","title":{"rendered":"Inicio"},"content":{"rendered":"<div class=\"wpb-content-wrapper\"><p>[vc_row][vc_column][vc_raw_html]JTNDY3R2LXNlYXJjaGJhciUyMCUzRSUzQyUyRmN0di1zZWFyY2hiYXIlM0U=[\/vc_raw_html][\/vc_column][\/vc_row][vc_row][vc_column width=\u00bb2\/3&#8243; css=\u00bb.vc_custom_1450538632464{padding-right: 10px !important;padding-left: 10px !important;}\u00bb][vc_column_text]<\/p>\n<h1 style=\"text-align: center;\">Camping Francia en\u00a0Normandie<\/h1>\n<h2>Su camping\u00a0de\u00a04 estrellas en Normandie<\/h2>\n<p>Barre Y Va es un camping de\u00a04 estrellas en el rio Seine, entre Villequier y Caudebec en Caux, en Normand\u00ede.<\/p>\n<p>Su camping le dan la bienvenida en Villequier, para las vacaciones \u00a0aut\u00e9nticos y ricos en emociones!<\/p>\n<h3>Acampar en el coraz\u00f3n de los bucles parque regional del Seine<\/h3>\n<p>Siga la\u00a0rota de\u00a0Abad\u00edas, la carretera de la fruta, descubrir la riqueza natural de nuestra regi\u00f3n, el patrimonio cultural y gastron\u00f3mico.<\/p>\n<p>Relajarse en la Seine a 1 km del centro de una ciudad muy bonita. Disfrutar de la excelente ubicaci\u00f3n del camping, tranquila, en el borde del bosque con senderos para bicicletas y rutas de senderismo. En las inmediaciones, practicar tenis y pirag\u00fcismo. Nuestro camping ofrece instalaciones de calidad para garantizar que toda la familia de una estancia agradable.<\/p>\n<p>De el camping\u00a0se ven los enormes barcos que descienden desde el puerto de Le Havre en el Sena.<\/p>\n<h3>Camping\u00a0cerca del puente de Normand\u00ede<\/h3>\n<p>Alta Normand\u00eda y las majestuosas bucles del Seine con puentes y pasos superiores son verdaderos desaf\u00edos tecnol\u00f3gicos:<\/p>\n<ul>\n<li>El puente de Tancarville,<\/li>\n<li>El puente Brotonne<\/li>\n<li>Puente de Normand\u00ede,<\/li>\n<li>Viaducto Austreberthe &#8230;<\/li>\n<\/ul>\n<h3>Camping cerca de la costa de Normand\u00ede<\/h3>\n<p>Acampar Barre Y Va es el lugar ideal para descubrir la costa de alabastro en menos de una hora de ciudades como Rouen, Honfleur, Deauville, Le Havre, Etretat, F\u00e9camp, Dieppe, Le Tr\u00e9port, y muchos otros. Entre la historia y la naturaleza, descubrir las delicias de Normand\u00eda a los colores impresionistas.<\/p>\n<p>Su chalet de alquiler o casa m\u00f3vil en Normand\u00eda<br \/>\nrecepci\u00f3n horas de 9 h00 &#8211;\u00a012h15 y 3 h 30 &#8211;\u00a07h00<\/p>\n<h2><\/h2>\n<p>[\/vc_column_text][\/vc_column][vc_column width=\u00bb1\/3&#8243;][vc_empty_space][vc_column_text]<\/p>\n<p style=\"text-align: center;\"><a href=\"https:\/\/bookingpremium.secureholiday.net\/es\/2735\/search\/\" class=\"btn-shortcode dt-btn-l dt-btn default-btn-color default-btn-hover-color default-btn-bg-color default-btn-bg-hover-color\" target=\"_blank\" id=\"dt-btn-1\" rel=\"noopener\"><span>RESERVA ONLINE<\/span><\/a><\/p>\n<p>[\/vc_column_text][vc_empty_space][vc_single_image image=\u00bb2573&#8243; img_size=\u00bbfull\u00bb alignment=\u00bbcenter\u00bb onclick=\u00bbcustom_link\u00bb link=\u00bbhttps:\/\/www.campings-clean.care\/fr\/\u00bb][vc_empty_space height=\u00bb22px\u00bb][vc_column_text]<\/p>\n<div class=\"centrage\" style=\"text-align: center;\"><strong>Video<\/strong><\/div>\n<div class=\"centrage\"><a href=\"https:\/\/www.essai.heurtevent.fr\/videos-normandie\/\" target=\"_blank\" rel=\"noopener noreferrer\" data-dt-img-description=\"\"><img loading=\"lazy\" decoding=\"async\" class=\"ombre aligncenter wp-image-1461 size-full\" src=\"https:\/\/www.essai.heurtevent.fr\/wp-content\/uploads\/2015\/10\/video-normandie.jpg\" alt=\"camping Normandie 3 \u00e9toiles\" width=\"296\" height=\"156\" \/><\/a><\/div>\n<p>[\/vc_column_text][vc_empty_space][vc_column_text]<\/p>\n<p style=\"text-align: center;\"><strong>T\u00e9l\u00e9chargements<\/strong><\/p>\n<p><a href=\"https:\/\/www.essai.heurtevent.fr\/wp-content\/uploads\/es\/precios.pdf\" target=\"_blank\" rel=\"noopener noreferrer\" data-dt-img-description=\"\"><img loading=\"lazy\" decoding=\"async\" class=\"aligncenter wp-image-1590 size-full\" src=\"https:\/\/www.essai.heurtevent.fr\/wp-content\/uploads\/2016\/08\/precios.jpg\" alt=\"precios\" width=\"300\" height=\"54\" \/><\/a><\/p>\n<p><a href=\"https:\/\/www.essai.heurtevent.fr\/wp-content\/uploads\/es\/plano.pdf\" target=\"_blank\" rel=\"noopener noreferrer\" data-dt-img-description=\"\"><img loading=\"lazy\" decoding=\"async\" class=\"aligncenter wp-image-1587 size-full\" src=\"https:\/\/www.essai.heurtevent.fr\/wp-content\/uploads\/2016\/08\/plano-del-camping.jpg\" alt=\"plano del camping\" width=\"300\" height=\"54\" \/><\/a><\/p>\n<p>&nbsp;<\/p>\n<p>&nbsp;<\/p>\n<div class=\"imageCentre\"><img loading=\"lazy\" decoding=\"async\" class=\"alignnone wp-image-939 size-full\" src=\"https:\/\/www.essai.heurtevent.fr\/wp-content\/uploads\/2015\/10\/cle\u0301-verte-normandie.jpg\" alt=\"\" width=\"94\" height=\"94\" \/><a href=\"http:\/\/www.teamholidaypartners.com\/france\/normandie\/villequier\/camping-barre-y-va\/\" target=\"_blank\" rel=\"noopener noreferrer\" data-dt-img-description=\"\"><img loading=\"lazy\" decoding=\"async\" class=\"aligncenter wp-image-1870 size-full\" src=\"https:\/\/www.essai.heurtevent.fr\/wp-content\/uploads\/2015\/10\/team-holiday-partners-1.png\" alt=\"Welcome camping Normandie\" width=\"94\" height=\"116\" \/><\/a><\/div>\n<p>&nbsp;<\/p>\n<div class=\"imageCentre\"><\/div>\n<p>[\/vc_column_text][\/vc_column][\/vc_row][vc_row][vc_column][vc_empty_space height=\u00bb22px\u00bb][vc_column_text]<img loading=\"lazy\" decoding=\"async\" class=\"aligncenter wp-image-563 \" src=\"https:\/\/www.essai.heurtevent.fr\/wp-content\/uploads\/2015\/11\/Camping-normandie.png\" alt=\"Camping normandie\" width=\"115\" height=\"66\" \/>[\/vc_column_text][vc_column_text]<\/p>\n<h3 class=\"aze\">Su\u00a0camping en Normandie<\/h3>\n<p>[\/vc_column_text][\/vc_column][\/vc_row][vc_row full_width=\u00bbtrue\u00bb margin_top=\u00bb30&#8243; bg_type=\u00bbimage\u00bb parallax_style=\u00bbvcpb-default\u00bb bg_image_new=\u00bb55|http:\/\/refonte2.baladesetpatrimoine.com\/wp-content\/uploads\/2015\/10\/Pays-de-Retz-FIEVRE.jpg\u00bb bg_image_repeat=\u00bbno-repeat\u00bb bg_override=\u00bbfull\u00bb min_height=\u00bb600&#8243; el_class=\u00bbfond\u00bb][vc_column offset=\u00bbvc_col-lg-6 vc_col-md-6 vc_col-xs-12&#8243; css=\u00bb.vc_custom_1442847941144{border-radius: 10px !important;}\u00bb][vc_column_text]<\/p>\n<div class=\"fondblanc\">\n<h3>Las ventajas del camping<\/h3>\n<p><strong>Descubre:<\/strong><\/p>\n<ul>\n<li>El rio Seine\u00a0en barco<\/li>\n<li>Museo de V\u00edctor Hugo,<\/li>\n<li>la Abad\u00eda de San Wandrille.<\/li>\n<li>El Mus\u00e9oseine (historial de navegaci\u00f3n)<\/li>\n<\/ul>\n<p>El tiempo de un fin de semana o m\u00e1s, venga a relajarse en Normand\u00eda!<\/p>\n<p>&nbsp;<\/p>\n<\/div>\n<p>[\/vc_column_text][\/vc_column][\/vc_row][vc_row][vc_column][vc_empty_space height=\u00bb22px\u00bb][vc_column_text]<\/p>\n<p style=\"text-align: center;\"><a class=\"dt-single-image\" href=\"https:\/\/www.essai.heurtevent.fr\/wp-content\/uploads\/2015\/11\/Camping-normandie.png\" data-dt-img-description=\"\"><img loading=\"lazy\" decoding=\"async\" class=\" wp-image-563 aligncenter\" src=\"https:\/\/www.essai.heurtevent.fr\/wp-content\/uploads\/2015\/11\/Camping-normandie.png\" alt=\"Camping normandie\" width=\"115\" height=\"66\" \/><\/a><\/p>\n<p>[\/vc_column_text][vc_column_text]<\/p>\n<h3 class=\"aze\">Disfrute de sus vacaciones en Normandie<\/h3>\n<p>[\/vc_column_text][\/vc_column][\/vc_row][vc_row margin_top=\u00bb30&#8243;][vc_column][vc_column_text]<\/p>\n<h2>Camping en el coraz\u00f3n de la hist\u00f3rica Normandie<\/h2>\n<div id=\"attachment_705\" style=\"width: 281px\" class=\"wp-caption alignright\"><a class=\"dt-single-image\" href=\"https:\/\/www.essai.heurtevent.fr\/wp-content\/uploads\/2015\/12\/GROS-HORLOGE-ROUEN.jpg\" data-dt-img-description=\"\"><img loading=\"lazy\" decoding=\"async\" aria-describedby=\"caption-attachment-705\" class=\"ombre wp-image-705\" src=\"https:\/\/www.essai.heurtevent.fr\/wp-content\/uploads\/2015\/12\/GROS-HORLOGE-ROUEN.jpg\" alt=\"GROS HORLOGE ROUEN\" width=\"271\" height=\"407\" srcset=\"https:\/\/www.essai.heurtevent.fr\/wp-content\/uploads\/2015\/12\/GROS-HORLOGE-ROUEN.jpg 533w, https:\/\/www.essai.heurtevent.fr\/wp-content\/uploads\/2015\/12\/GROS-HORLOGE-ROUEN-200x300.jpg 200w\" sizes=\"auto, (max-width: 271px) 100vw, 271px\" \/><\/a><p id=\"caption-attachment-705\" class=\"wp-caption-text\">Rouen Horloge<\/p><\/div>\n<p>Altamente zona hist\u00f3rica, Alta Normandie era una ocupaci\u00f3n importante de territorio durante miles a\u00f1os. En el cruce de las provincias, entre el norte de Europa y el centro, cerca de la cuenca de Par\u00eds, frente al mar, esta regi\u00f3n fue la cuna de la construcci\u00f3n de ciudades galorromanas que se convertir\u00e1n en los principales ejes de comunicaci\u00f3n.<\/p>\n<p>El valle del Seine es el primero en cristianizar, la bienvenida a un n\u00famero significativo de edificios religiosos.<br \/>\nEl tapiz de Bayeux, La B\u00fasqueda es el testimonio de arma Guillaume Le Conqu\u00e9rant.<br \/>\nLas catedrales de Rouen y Evreux cruce de caminos mar\u00edtimos, Normandie ve sus ciudades prosperan como Havre o Rouen \u00a0mediante el comercio con Inglaterra. La tierra es rica y numerosos castillos dan testimonio de este prestigioso pasado.<br \/>\nVisita Etretat, Cabours, Deauville, Honfleur, Giverny &#8230; cuna de los pintores impresionistas.<\/p>\n<p>&nbsp;<\/p>\n<p><a class=\"dt-single-image\" href=\"https:\/\/www.essai.heurtevent.fr\/wp-content\/uploads\/2015\/12\/Honfleur.jpg\" data-dt-img-description=\"\"><img loading=\"lazy\" decoding=\"async\" class=\" wp-image-842 alignleft\" src=\"https:\/\/www.essai.heurtevent.fr\/wp-content\/uploads\/2015\/12\/Honfleur.jpg\" alt=\"Honfleur\" width=\"359\" height=\"256\" srcset=\"https:\/\/www.essai.heurtevent.fr\/wp-content\/uploads\/2015\/12\/Honfleur.jpg 800w, https:\/\/www.essai.heurtevent.fr\/wp-content\/uploads\/2015\/12\/Honfleur-300x214.jpg 300w\" sizes=\"auto, (max-width: 359px) 100vw, 359px\" \/><\/a>La Costa de Alabastro tambi\u00e9n hay muchos kil\u00f3metros de guijarros de la playa de arena.<\/p>\n<div id=\"attachment_694\" style=\"width: 185px\" class=\"wp-caption alignright\"><a class=\"dt-single-image\" href=\"https:\/\/www.essai.heurtevent.fr\/wp-content\/uploads\/2015\/12\/AIGUILLE-ETRETAT.jpg\" data-dt-img-description=\"Falaises Etretat \"><img loading=\"lazy\" decoding=\"async\" aria-describedby=\"caption-attachment-694\" class=\"ombre wp-image-694\" src=\"https:\/\/www.essai.heurtevent.fr\/wp-content\/uploads\/2015\/12\/AIGUILLE-ETRETAT-200x300.jpg\" alt=\"camping falaises etretat\" width=\"175\" height=\"263\" srcset=\"https:\/\/www.essai.heurtevent.fr\/wp-content\/uploads\/2015\/12\/AIGUILLE-ETRETAT-200x300.jpg 200w, https:\/\/www.essai.heurtevent.fr\/wp-content\/uploads\/2015\/12\/AIGUILLE-ETRETAT.jpg 533w\" sizes=\"auto, (max-width: 175px) 100vw, 175px\" \/><\/a><p id=\"caption-attachment-694\" class=\"wp-caption-text\">Falaises Etretat<\/p><\/div>\n<p>Visitar los acantilados en Etretat menos de una hora del camping<br \/>\nLos puertos de Rouen y Le Havre ofrece a los visitantes una densidad sorprendente de actividad manteniendo la autenticidad de las ciudades llenas de historia: antigua Rouen, con sus calles con casas de entramado de madera, iglesias \u00a0contempor\u00e1nea que Le Havre no ha escapado a la destrucci\u00f3n durante la Segunda guerra Mundial y que fue capaz de reconstruir el arquitecto Auguste Perret, cuyo trabajo es patrimonio de la UNESCO.<br \/>\nNormand\u00ede le da la bienvenida en su autenticidad \u00a0en el que cada paso que conduce a la gran historia de Francia.<\/p>\n<p>Reserve ahora su Alojamiento\u00a0en su camping en Normandie: Barre Y Va[\/vc_column_text][\/vc_column][\/vc_row][vc_row][vc_column][vc_empty_space][vc_column_text]<a class=\"dt-single-image\" href=\"https:\/\/www.essai.heurtevent.fr\/wp-content\/uploads\/2015\/11\/Camping-normandie.png\" data-dt-img-description=\"\"><img loading=\"lazy\" decoding=\"async\" class=\"wp-image-563 aligncenter\" src=\"https:\/\/www.essai.heurtevent.fr\/wp-content\/uploads\/2015\/11\/Camping-normandie.png\" alt=\"Camping normandie\" width=\"101\" height=\"58\" \/><\/a>[\/vc_column_text][vc_column_text]<\/p>\n<h3 class=\"aze\">Alojamientos y acampada<\/h3>\n<p>[\/vc_column_text][vc_empty_space][\/vc_column][\/vc_row][vc_row][vc_column width=\u00bb1\/6&#8243; offset=\u00bbvc_col-lg-2 vc_col-md-2 vc_col-xs-12&#8243;][vc_column_text]<\/p>\n<p style=\"text-align: center;\"><strong>Mobil \u00a0home ALIZE 4 pers.<\/strong><\/p>\n<p><a href=\"\/locations\/mobil-home-normandie-alize\/\"><img loading=\"lazy\" decoding=\"async\" class=\"ombre aligncenter wp-image-532\" src=\"https:\/\/www.essai.heurtevent.fr\/wp-content\/uploads\/2015\/12\/ALIZE-300x225.jpg\" alt=\"ALIZE\" width=\"179\" height=\"134\" srcset=\"https:\/\/www.essai.heurtevent.fr\/wp-content\/uploads\/2015\/12\/ALIZE-300x225.jpg 300w, https:\/\/www.essai.heurtevent.fr\/wp-content\/uploads\/2015\/12\/ALIZE.jpg 800w\" sizes=\"auto, (max-width: 179px) 100vw, 179px\" \/><\/a>[\/vc_column_text][\/vc_column][vc_column width=\u00bb1\/6&#8243; offset=\u00bbvc_col-lg-2 vc_col-md-2 vc_col-xs-12&#8243;][vc_column_text]<\/p>\n<p style=\"text-align: center;\"><strong>Chalet\u00a0ATLANTIS \u00a04\/5 pers.<\/strong><\/p>\n<p style=\"text-align: center;\"><a href=\"\/locations\/chalet-atlantis\/\" target=\"_blank\" rel=\"noopener noreferrer\" data-dt-img-description=\"\"><img loading=\"lazy\" decoding=\"async\" class=\"ombre aligncenter wp-image-2966\" src=\"https:\/\/www.essai.heurtevent.fr\/wp-content\/uploads\/2021\/07\/location-chalet-normandie-atlantis.jpg\" alt=\"location chalet en Normandie Atlantis\" width=\"178\" height=\"134\" \/><\/a><\/p>\n<p>[\/vc_column_text][\/vc_column][vc_column width=\u00bb1\/6&#8243; offset=\u00bbvc_col-lg-2 vc_col-md-2 vc_col-xs-12&#8243;][vc_column_text]<\/p>\n<p style=\"text-align: center;\"><strong>Mobil home IBIZA 4 pers<\/strong><\/p>\n<p style=\"text-align: center;\"><a href=\"https:\/\/www.essai.heurtevent.fr\/locations\/normandie-ibiza\" target=\"_blank\" rel=\"noopener noreferrer\" data-dt-img-description=\"\"><img loading=\"lazy\" decoding=\"async\" class=\"ombre wp-image-3415 size-full aligncenter\" src=\"https:\/\/www.essai.heurtevent.fr\/wp-content\/uploads\/2023\/12\/ibizamobil-home.jpg\" alt=\"\" width=\"166\" height=\"125\" \/><\/a><\/p>\n<p>[\/vc_column_text][\/vc_column][vc_column width=\u00bb1\/6&#8243; offset=\u00bbvc_col-lg-2 vc_col-md-2 vc_col-xs-12&#8243;][vc_column_text]<\/p>\n<p style=\"text-align: center;\"><strong>Chalet\u00a0MOREA \u00a0 \u00a0 4\/5\u00a0pers<\/strong><\/p>\n<p style=\"text-align: center;\"><a href=\"https:\/\/www.essai.heurtevent.fr\/locations\/normandie-morea\" target=\"_blank\" rel=\"noopener noreferrer\" data-dt-img-description=\"\"><img loading=\"lazy\" decoding=\"async\" class=\"ombre wp-image-2851 aligncenter\" src=\"https:\/\/www.essai.heurtevent.fr\/wp-content\/uploads\/2021\/06\/1-1024x768.jpg\" alt=\"chalet normandie pour 4 personnes\" width=\"178\" height=\"134\" srcset=\"https:\/\/www.essai.heurtevent.fr\/wp-content\/uploads\/2021\/06\/1-1024x768.jpg 1024w, https:\/\/www.essai.heurtevent.fr\/wp-content\/uploads\/2021\/06\/1-300x225.jpg 300w, https:\/\/www.essai.heurtevent.fr\/wp-content\/uploads\/2021\/06\/1-768x576.jpg 768w, https:\/\/www.essai.heurtevent.fr\/wp-content\/uploads\/2021\/06\/1-1536x1152.jpg 1536w, https:\/\/www.essai.heurtevent.fr\/wp-content\/uploads\/2021\/06\/1-2048x1536.jpg 2048w\" sizes=\"auto, (max-width: 178px) 100vw, 178px\" \/><\/a><\/p>\n<p>[\/vc_column_text][\/vc_column][vc_column width=\u00bb1\/6&#8243; offset=\u00bbvc_col-lg-2 vc_col-md-2 vc_col-xs-12&#8243;][vc_column_text]<\/p>\n<p style=\"text-align: center;\"><strong>Mobil home BIKINI 4 pers.<\/strong><a href=\"https:\/\/www.essai.heurtevent.fr\/locations\/mobil-home-normandie-pas-cher\" target=\"_blank\" rel=\"noopener noreferrer\" data-dt-img-description=\"\"><img loading=\"lazy\" decoding=\"async\" class=\"ombre aligncenter wp-image-2961\" src=\"https:\/\/www.essai.heurtevent.fr\/wp-content\/uploads\/2021\/07\/location-mobil-home-normandie.jpg\" alt=\"location mobil-home Normandie bikini\" width=\"178\" height=\"134\" \/><\/a><\/p>\n<p>[\/vc_column_text][\/vc_column][vc_column width=\u00bb1\/6&#8243; offset=\u00bbvc_col-lg-2 vc_col-md-2 vc_col-xs-12&#8243;][vc_column_text]<\/p>\n<p style=\"text-align: center;\"><strong>Acampada Normandie<\/strong><\/p>\n<p style=\"text-align: center;\"><a href=\"\/camping-en-normandie\/\" target=\"_blank\" rel=\"noopener noreferrer\" data-dt-img-description=\"\"><img loading=\"lazy\" decoding=\"async\" class=\"ombre aligncenter wp-image-576\" src=\"https:\/\/www.essai.heurtevent.fr\/wp-content\/uploads\/2015\/11\/PHOTO-4-300x225.jpg\" alt=\"camping normandie\" width=\"180\" height=\"135\" srcset=\"https:\/\/www.essai.heurtevent.fr\/wp-content\/uploads\/2015\/11\/PHOTO-4-300x225.jpg 300w, https:\/\/www.essai.heurtevent.fr\/wp-content\/uploads\/2015\/11\/PHOTO-4.jpg 800w\" sizes=\"auto, (max-width: 180px) 100vw, 180px\" \/><\/a><\/p>\n<p>[\/vc_column_text][\/vc_column][\/vc_row]<\/p>\n<\/div>","protected":false},"excerpt":{"rendered":"<p>[vc_row][vc_column][vc_raw_html]JTNDY3R2LXNlYXJjaGJhciUyMCUzRSUzQyUyRmN0di1zZWFyY2hiYXIlM0U=[\/vc_raw_html][\/vc_column][\/vc_row][vc_row][vc_column width=\u00bb2\/3&#8243; css=\u00bb.vc_custom_1450538632464{padding-right: 10px !important;padding-left: 10px !important;}\u00bb][vc_column_text] Camping Francia en\u00a0Normandie Su camping\u00a0de\u00a04 estrellas en Normandie Barre Y Va es un camping de\u00a04 estrellas en el rio Seine, entre Villequier y Caudebec en Caux, en Normand\u00ede. Su camping le dan la bienvenida en Villequier, para las vacaciones \u00a0aut\u00e9nticos y ricos en emociones! Acampar en el coraz\u00f3n&hellip;<\/p>\n","protected":false},"author":1,"featured_media":0,"parent":0,"menu_order":0,"comment_status":"closed","ping_status":"closed","template":"","meta":{"footnotes":""},"class_list":["post-1573","page","type-page","status-publish","hentry","description-off"],"yoast_head":"<!-- This site is optimized with the Yoast SEO plugin v25.6 - https:\/\/yoast.com\/wordpress\/plugins\/seo\/ -->\n<title>Inicio - barreyva<\/title>\n<meta name=\"robots\" content=\"index, follow, max-snippet:-1, max-image-preview:large, max-video-preview:-1\" \/>\n<link rel=\"canonical\" href=\"https:\/\/www.essai.heurtevent.fr\/es\/\" \/>\n<meta property=\"og:locale\" content=\"es_ES\" \/>\n<meta property=\"og:type\" content=\"article\" \/>\n<meta property=\"og:title\" content=\"Inicio - barreyva\" \/>\n<meta property=\"og:description\" content=\"[vc_row][vc_column][vc_raw_html]JTNDY3R2LXNlYXJjaGJhciUyMCUzRSUzQyUyRmN0di1zZWFyY2hiYXIlM0U=[\/vc_raw_html][\/vc_column][\/vc_row][vc_row][vc_column width=\u00bb2\/3&#8243; css=\u00bb.vc_custom_1450538632464{padding-right: 10px !important;padding-left: 10px !important;}\u00bb][vc_column_text] Camping Francia en\u00a0Normandie Su camping\u00a0de\u00a04 estrellas en Normandie Barre Y Va es un camping de\u00a04 estrellas en el rio Seine, entre Villequier y Caudebec en Caux, en Normand\u00ede. Su camping le dan la bienvenida en Villequier, para las vacaciones \u00a0aut\u00e9nticos y ricos en emociones! Acampar en el coraz\u00f3n&hellip;\" \/>\n<meta property=\"og:url\" content=\"https:\/\/www.essai.heurtevent.fr\/es\/\" \/>\n<meta property=\"og:site_name\" content=\"barreyva\" \/>\n<meta property=\"article:modified_time\" content=\"2024-01-04T15:26:38+00:00\" \/>\n<meta property=\"og:image\" content=\"https:\/\/www.essai.heurtevent.fr\/wp-content\/uploads\/2015\/10\/video-normandie.jpg\" \/>\n<meta name=\"twitter:card\" content=\"summary_large_image\" \/>\n<meta name=\"twitter:label1\" content=\"Tiempo de lectura\" \/>\n\t<meta name=\"twitter:data1\" content=\"8 minutos\" \/>\n<script type=\"application\/ld+json\" class=\"yoast-schema-graph\">{\"@context\":\"https:\/\/schema.org\",\"@graph\":[{\"@type\":\"WebPage\",\"@id\":\"https:\/\/www.essai.heurtevent.fr\/es\/\",\"url\":\"https:\/\/www.essai.heurtevent.fr\/es\/\",\"name\":\"Inicio - barreyva\",\"isPartOf\":{\"@id\":\"https:\/\/www.essai.heurtevent.fr\/#website\"},\"primaryImageOfPage\":{\"@id\":\"https:\/\/www.essai.heurtevent.fr\/es\/#primaryimage\"},\"image\":{\"@id\":\"https:\/\/www.essai.heurtevent.fr\/es\/#primaryimage\"},\"thumbnailUrl\":\"https:\/\/www.essai.heurtevent.fr\/wp-content\/uploads\/2015\/10\/video-normandie.jpg\",\"datePublished\":\"2016-08-31T08:30:06+00:00\",\"dateModified\":\"2024-01-04T15:26:38+00:00\",\"breadcrumb\":{\"@id\":\"https:\/\/www.essai.heurtevent.fr\/es\/#breadcrumb\"},\"inLanguage\":\"es\",\"potentialAction\":[{\"@type\":\"ReadAction\",\"target\":[\"https:\/\/www.essai.heurtevent.fr\/es\/\"]}]},{\"@type\":\"ImageObject\",\"inLanguage\":\"es\",\"@id\":\"https:\/\/www.essai.heurtevent.fr\/es\/#primaryimage\",\"url\":\"https:\/\/www.essai.heurtevent.fr\/wp-content\/uploads\/2015\/10\/video-normandie.jpg\",\"contentUrl\":\"https:\/\/www.essai.heurtevent.fr\/wp-content\/uploads\/2015\/10\/video-normandie.jpg\"},{\"@type\":\"BreadcrumbList\",\"@id\":\"https:\/\/www.essai.heurtevent.fr\/es\/#breadcrumb\",\"itemListElement\":[{\"@type\":\"ListItem\",\"position\":1,\"name\":\"Accueil\",\"item\":\"https:\/\/www.essai.heurtevent.fr\/es\/\"},{\"@type\":\"ListItem\",\"position\":2,\"name\":\"Inicio\"}]},{\"@type\":\"WebSite\",\"@id\":\"https:\/\/www.essai.heurtevent.fr\/#website\",\"url\":\"https:\/\/www.essai.heurtevent.fr\/\",\"name\":\"barreyva\",\"description\":\"camping normandie\",\"potentialAction\":[{\"@type\":\"SearchAction\",\"target\":{\"@type\":\"EntryPoint\",\"urlTemplate\":\"https:\/\/www.essai.heurtevent.fr\/?s={search_term_string}\"},\"query-input\":{\"@type\":\"PropertyValueSpecification\",\"valueRequired\":true,\"valueName\":\"search_term_string\"}}],\"inLanguage\":\"es\"}]}<\/script>\n<!-- \/ Yoast SEO plugin. -->","yoast_head_json":{"title":"Inicio - barreyva","robots":{"index":"index","follow":"follow","max-snippet":"max-snippet:-1","max-image-preview":"max-image-preview:large","max-video-preview":"max-video-preview:-1"},"canonical":"https:\/\/www.essai.heurtevent.fr\/es\/","og_locale":"es_ES","og_type":"article","og_title":"Inicio - barreyva","og_description":"[vc_row][vc_column][vc_raw_html]JTNDY3R2LXNlYXJjaGJhciUyMCUzRSUzQyUyRmN0di1zZWFyY2hiYXIlM0U=[\/vc_raw_html][\/vc_column][\/vc_row][vc_row][vc_column width=\u00bb2\/3&#8243; css=\u00bb.vc_custom_1450538632464{padding-right: 10px !important;padding-left: 10px !important;}\u00bb][vc_column_text] Camping Francia en\u00a0Normandie Su camping\u00a0de\u00a04 estrellas en Normandie Barre Y Va es un camping de\u00a04 estrellas en el rio Seine, entre Villequier y Caudebec en Caux, en Normand\u00ede. Su camping le dan la bienvenida en Villequier, para las vacaciones \u00a0aut\u00e9nticos y ricos en emociones! Acampar en el coraz\u00f3n&hellip;","og_url":"https:\/\/www.essai.heurtevent.fr\/es\/","og_site_name":"barreyva","article_modified_time":"2024-01-04T15:26:38+00:00","og_image":[{"url":"https:\/\/www.essai.heurtevent.fr\/wp-content\/uploads\/2015\/10\/video-normandie.jpg","type":"","width":"","height":""}],"twitter_card":"summary_large_image","twitter_misc":{"Tiempo de lectura":"8 minutos"},"schema":{"@context":"https:\/\/schema.org","@graph":[{"@type":"WebPage","@id":"https:\/\/www.essai.heurtevent.fr\/es\/","url":"https:\/\/www.essai.heurtevent.fr\/es\/","name":"Inicio - barreyva","isPartOf":{"@id":"https:\/\/www.essai.heurtevent.fr\/#website"},"primaryImageOfPage":{"@id":"https:\/\/www.essai.heurtevent.fr\/es\/#primaryimage"},"image":{"@id":"https:\/\/www.essai.heurtevent.fr\/es\/#primaryimage"},"thumbnailUrl":"https:\/\/www.essai.heurtevent.fr\/wp-content\/uploads\/2015\/10\/video-normandie.jpg","datePublished":"2016-08-31T08:30:06+00:00","dateModified":"2024-01-04T15:26:38+00:00","breadcrumb":{"@id":"https:\/\/www.essai.heurtevent.fr\/es\/#breadcrumb"},"inLanguage":"es","potentialAction":[{"@type":"ReadAction","target":["https:\/\/www.essai.heurtevent.fr\/es\/"]}]},{"@type":"ImageObject","inLanguage":"es","@id":"https:\/\/www.essai.heurtevent.fr\/es\/#primaryimage","url":"https:\/\/www.essai.heurtevent.fr\/wp-content\/uploads\/2015\/10\/video-normandie.jpg","contentUrl":"https:\/\/www.essai.heurtevent.fr\/wp-content\/uploads\/2015\/10\/video-normandie.jpg"},{"@type":"BreadcrumbList","@id":"https:\/\/www.essai.heurtevent.fr\/es\/#breadcrumb","itemListElement":[{"@type":"ListItem","position":1,"name":"Accueil","item":"https:\/\/www.essai.heurtevent.fr\/es\/"},{"@type":"ListItem","position":2,"name":"Inicio"}]},{"@type":"WebSite","@id":"https:\/\/www.essai.heurtevent.fr\/#website","url":"https:\/\/www.essai.heurtevent.fr\/","name":"barreyva","description":"camping normandie","potentialAction":[{"@type":"SearchAction","target":{"@type":"EntryPoint","urlTemplate":"https:\/\/www.essai.heurtevent.fr\/?s={search_term_string}"},"query-input":{"@type":"PropertyValueSpecification","valueRequired":true,"valueName":"search_term_string"}}],"inLanguage":"es"}]}},"_links":{"self":[{"href":"https:\/\/www.essai.heurtevent.fr\/es\/wp-json\/wp\/v2\/pages\/1573","targetHints":{"allow":["GET"]}}],"collection":[{"href":"https:\/\/www.essai.heurtevent.fr\/es\/wp-json\/wp\/v2\/pages"}],"about":[{"href":"https:\/\/www.essai.heurtevent.fr\/es\/wp-json\/wp\/v2\/types\/page"}],"author":[{"embeddable":true,"href":"https:\/\/www.essai.heurtevent.fr\/es\/wp-json\/wp\/v2\/users\/1"}],"replies":[{"embeddable":true,"href":"https:\/\/www.essai.heurtevent.fr\/es\/wp-json\/wp\/v2\/comments?post=1573"}],"version-history":[{"count":1,"href":"https:\/\/www.essai.heurtevent.fr\/es\/wp-json\/wp\/v2\/pages\/1573\/revisions"}],"predecessor-version":[{"id":3481,"href":"https:\/\/www.essai.heurtevent.fr\/es\/wp-json\/wp\/v2\/pages\/1573\/revisions\/3481"}],"wp:attachment":[{"href":"https:\/\/www.essai.heurtevent.fr\/es\/wp-json\/wp\/v2\/media?parent=1573"}],"curies":[{"name":"wp","href":"https:\/\/api.w.org\/{rel}","templated":true}]}}