{"id":2140,"date":"2017-10-13T07:42:26","date_gmt":"2017-10-13T06:42:26","guid":{"rendered":"https:\/\/www.essai.heurtevent.fr\/accomodations\/mobil-home-duo\/"},"modified":"2024-01-04T16:24:39","modified_gmt":"2024-01-04T15:24:39","slug":"mobil-home-duo","status":"publish","type":"page","link":"https:\/\/www.essai.heurtevent.fr\/en\/accomodations\/mobil-home-duo\/","title":{"rendered":"Mobil home DUO"},"content":{"rendered":"<div class=\"wpb-content-wrapper\"><p>[vc_row][vc_column][vc_empty_space][vc_column_text]<\/p>\n<h1>Mobil home\u00a0DUO 2 people<\/h1>\n<p>[\/vc_column_text][\/vc_column][\/vc_row][vc_row][vc_column offset=&#8221;vc_col-lg-8 vc_col-md-8 vc_col-xs-12&#8243;][vc_column_text]<\/p>\n<p><strong>Your\u00a0 mobil home in Normandy\u00a02 people.<\/strong><\/p>\n<p>Your mobile home of 1 rooms for 2 people with terrace.<\/p>\n<p>Ideal for one for a couple of passing or for a week of holidays.<\/p>\n<p>Better than a hotel room and cheaper with kitchenette.<\/p>\n<p>mobil home with television (included) and Wi-Fi<\/p>\n<p>Smile, you are in Normandy for a holiday rich in emotions!<\/p>\n<p>[\/vc_column_text][vc_empty_space height=&#8221;82px&#8221;][vc_column_text]<\/p>\n<p><img loading=\"lazy\" decoding=\"async\" class=\"aligncenter wp-image-1703\" src=\"https:\/\/www.essai.heurtevent.fr\/wp-content\/uploads\/2015\/11\/Camping-normandie.png\" alt=\"Camping normandie\" width=\"97\" height=\"56\" \/><\/p>\n<p>[\/vc_column_text][vc_empty_space height=&#8221;82px&#8221;][vc_raw_html]JTNDY3R2LXByb2R1Y3QlMjBkYXRhLXByb2R1Y3QtaWQlM0QlMjc4MTM3MCUyNyUyMGRhdGEtZnVsbCUzRCUyN3RydWUlMjclMjAlM0UlM0MlMkZjdHYtcHJvZHVjdCUzRQ==[\/vc_raw_html][\/vc_column][vc_column offset=&#8221;vc_col-lg-4 vc_col-md-4 vc_col-xs-12&#8243;][vc_empty_space][vc_column_text]<\/p>\n<h2>Mobil home\u00a0DUO 1\u00a0Bedroom &#8211;\u00a014 m2<\/h2>\n<p>A nice mobil home for a couple for short or long stay[\/vc_column_text][vc_column_text el_class=&#8221;blocheb&#8221;]<\/p>\n<h3 style=\"text-align: center;\">FROM<\/h3>\n<p>&nbsp;<\/p>\n<p style=\"text-align: center;\"><span style=\"color: #ff9900; font-size: 60px;\">375 \u20ac<\/span><\/p>\n<p style=\"text-align: center;\"><span style=\"color: #ff9900;\">_________________________________<\/span><\/p>\n<p style=\"text-align: center;\"><span style=\"color: #999999;\">Per week<\/span><\/p>\n<p style=\"text-align: center;\"><a href=\"https:\/\/bookingpremium.secureholiday.net\/en\/2735\/search\/product\/81370\" class=\"btn-shortcode dt-btn-l dt-btn default-btn-color default-btn-hover-color default-btn-bg-color default-btn-bg-hover-color\" target=\"_blank\" id=\"dt-btn-1\" rel=\"noopener\"><span>BOOKING<\/span><\/a><\/p>\n<p style=\"text-align: center;\">02 35 96 26 38<\/p>\n<p>[\/vc_column_text][vc_empty_space][vc_column_text]<\/p>\n<p style=\"text-align: center;\"><strong>Downloads<a href=\"\/wp-content\/uploads\/normandie-accomodation-rates.pdf\" rel=\"attachment wp-att-968\"><img loading=\"lazy\" decoding=\"async\" class=\"aligncenter size-medium wp-image-968\" src=\"https:\/\/www.essai.heurtevent.fr\/wp-content\/uploads\/2015\/10\/all-rates-300x54.png\" alt=\"campsite normandie france rates\" width=\"300\" height=\"54\" \/><\/a><\/strong><\/p>\n<p style=\"text-align: center;\"><a href=\"\/wp-content\/uploads\/normandy-campsite-map.pdf\" rel=\"attachment wp-att-1582\"><img loading=\"lazy\" decoding=\"async\" class=\"size-medium wp-image-1582 aligncenter\" src=\"https:\/\/www.essai.heurtevent.fr\/wp-content\/uploads\/2015\/10\/campsite-map-300x54.png\" alt=\"campsite map\" width=\"300\" height=\"54\" \/><\/a><\/p>\n<p><img loading=\"lazy\" decoding=\"async\" class=\"aligncenter size-medium wp-image-1581\" src=\"https:\/\/www.essai.heurtevent.fr\/wp-content\/uploads\/2015\/10\/booking-contract-300x54.png\" alt=\"booking contract\" width=\"300\" height=\"54\" \/>[\/vc_column_text][\/vc_column][\/vc_row][vc_row][vc_column][vc_empty_space][vc_column_text]<\/p>\n<p><img loading=\"lazy\" decoding=\"async\" class=\"aligncenter wp-image-1703\" src=\"https:\/\/www.essai.heurtevent.fr\/wp-content\/uploads\/2015\/11\/Camping-normandie.png\" alt=\"Camping normandie\" width=\"97\" height=\"56\" \/><\/p>\n<p>[\/vc_column_text][vc_column_text]<strong>Additional costs:<\/strong><\/p>\n<p>Reservation fee: \u20ac 24.00 for one week rentals and more<br \/>\nReservation fee: \u20ac 13.00 for a weekend or mid-week rental<\/p>\n<p><strong>Tourist tax + 18 years<\/strong><br \/>\nTourist tax \u20ac 0.50 + Ecotax household waste: \u20ac 0.50 = \u20ac 1,00 \/ person<\/p>\n<p><strong>Tourist tax &#8211; 18 years<\/strong><br \/>\nTourist tax \u20ac 0 + Ecotax household waste: \u20ac 0.50 = \u20ac 0.50 \/ person<\/p>\n<p>Cautions: Rental: \u20ac 250 + deposit cleaning: 80 \u20ac<\/p>\n<p>All visitors entering the site must pay an entrance fee of \u20ac 6.00[\/vc_column_text][\/vc_column][\/vc_row][vc_row][vc_column][vc_empty_space][vc_column_text]<a href=\"https:\/\/www.essai.heurtevent.fr\/wp-content\/uploads\/2015\/11\/Camping-normandie.png\" data-dt-img-description=\"\"><img loading=\"lazy\" decoding=\"async\" class=\"aligncenter wp-image-563\" src=\"https:\/\/www.essai.heurtevent.fr\/wp-content\/uploads\/2015\/11\/Camping-normandie.png\" alt=\"Camping normandie\" width=\"101\" height=\"58\" \/><\/a>[\/vc_column_text][vc_column_text]<\/p>\n<h3 class=\"aze\">Informations<\/h3>\n<p>[\/vc_column_text][vc_empty_space][\/vc_column][\/vc_row][vc_row bg_type=&#8221;bg_color&#8221; bg_override=&#8221;full&#8221; bg_color_value=&#8221;#c5e8f8&#8243;][vc_column offset=&#8221;vc_col-lg-6 vc_col-md-6 vc_col-xs-12&#8243; el_class=&#8221;rangeetop30&#8243;][vc_column_text]<\/p>\n<h2>Mobil home\u00a0DUO &#8211; D\u00e9tail\u00a0of Rental<\/h2>\n<p>14 m2, 2 people with terrace<\/p>\n<p>Equipped with Television (free) and WiFi (paying), you have all the comfort necessary for a beautiful holiday in Normandy.<\/p>\n<ul>\n<li>1 bedroom, bed 140\/190<\/li>\n<li>Shower room with shower, washbasin, wc<\/li>\n<li>Kitchen with table, 1 chair and bench, refrigerator, hood,<br \/>\nhob, sink, counter tops, furniture<\/li>\n<li>storage, water heater.<\/li>\n<\/ul>\n<p>[\/vc_column_text][\/vc_column][vc_column offset=&#8221;vc_col-lg-6 vc_col-md-6 vc_col-xs-12&#8243; el_class=&#8221;rangeetop30&#8243;][vc_column_text]<\/p>\n<h3>Additional information chalet rental<\/h3>\n<p><strong>Rates include:<\/strong><\/p>\n<p>renting a mobile home equipped, water and electricity<br \/>\naccess to the swimming pool, games<br \/>\n<strong>Rates do not include:<\/strong><\/p>\n<p>tourist tax and environmental taxes<br \/>\nsheets and linens, possibility to rent sheets<\/p>\n<p>[\/vc_column_text][\/vc_column][\/vc_row][vc_row][vc_column][vc_empty_space][vc_column_text]<a class=\"dt-single-image\" href=\"https:\/\/www.essai.heurtevent.fr\/wp-content\/uploads\/2015\/11\/Camping-normandie.png\" data-dt-img-description=\"\"><img loading=\"lazy\" decoding=\"async\" class=\"wp-image-563 aligncenter\" src=\"https:\/\/www.essai.heurtevent.fr\/wp-content\/uploads\/2015\/11\/Camping-normandie.png\" alt=\"Camping normandie\" width=\"101\" height=\"58\" \/><\/a>[\/vc_column_text][vc_column_text]<\/p>\n<h3 class=\"aze\">Other rentals<\/h3>\n<p>[\/vc_column_text][vc_empty_space][\/vc_column][\/vc_row][vc_row][vc_column width=&#8221;1\/6&#8243; offset=&#8221;vc_col-lg-2 vc_col-md-2 vc_col-xs-12&#8243;][vc_column_text]<\/p>\n<p style=\"text-align: center;\"><strong>Mobil \u00a0home ALIZE 4 pers.<\/strong><\/p>\n<p><a href=\"\/locations\/mobil-home-normandie-alize\/\"><img loading=\"lazy\" decoding=\"async\" class=\"ombre aligncenter wp-image-532\" src=\"https:\/\/www.essai.heurtevent.fr\/wp-content\/uploads\/2015\/12\/ALIZE-300x225.jpg\" alt=\"ALIZE\" width=\"179\" height=\"134\" srcset=\"https:\/\/www.essai.heurtevent.fr\/wp-content\/uploads\/2015\/12\/ALIZE-300x225.jpg 300w, https:\/\/www.essai.heurtevent.fr\/wp-content\/uploads\/2015\/12\/ALIZE.jpg 800w\" sizes=\"auto, (max-width: 179px) 100vw, 179px\" \/><\/a>[\/vc_column_text][\/vc_column][vc_column width=&#8221;1\/6&#8243; offset=&#8221;vc_col-lg-2 vc_col-md-2 vc_col-xs-12&#8243;][vc_column_text]<\/p>\n<p style=\"text-align: center;\"><strong>Chalet\u00a0ATLANTIS \u00a04\/5 pers.<\/strong><\/p>\n<p style=\"text-align: center;\"><a href=\"\/locations\/chalet-atlantis\/\" target=\"_blank\" rel=\"noopener noreferrer\" data-dt-img-description=\"\"><img loading=\"lazy\" decoding=\"async\" class=\"ombre aligncenter wp-image-2966\" src=\"https:\/\/www.essai.heurtevent.fr\/wp-content\/uploads\/2021\/07\/location-chalet-normandie-atlantis.jpg\" alt=\"location chalet en Normandie Atlantis\" width=\"178\" height=\"134\" \/><\/a><\/p>\n<p>[\/vc_column_text][\/vc_column][vc_column width=&#8221;1\/6&#8243; offset=&#8221;vc_col-lg-2 vc_col-md-2 vc_col-xs-12&#8243;][vc_column_text]<\/p>\n<p style=\"text-align: center;\"><strong>Mobil home IBIZA 4 pers<\/strong><\/p>\n<p style=\"text-align: center;\"><a href=\"https:\/\/www.essai.heurtevent.fr\/locations\/normandie-ibiza\" target=\"_blank\" rel=\"noopener noreferrer\" data-dt-img-description=\"\"><img loading=\"lazy\" decoding=\"async\" class=\"ombre wp-image-3415 size-full aligncenter\" src=\"https:\/\/www.essai.heurtevent.fr\/wp-content\/uploads\/2023\/12\/ibizamobil-home.jpg\" alt=\"\" width=\"166\" height=\"125\" \/><\/a><\/p>\n<p>[\/vc_column_text][\/vc_column][vc_column width=&#8221;1\/6&#8243; offset=&#8221;vc_col-lg-2 vc_col-md-2 vc_col-xs-12&#8243;][vc_column_text]<\/p>\n<p style=\"text-align: center;\"><strong>Chalet\u00a0MOREA \u00a0 \u00a0 4\/5\u00a0pers<\/strong><\/p>\n<p style=\"text-align: center;\"><a href=\"https:\/\/www.essai.heurtevent.fr\/locations\/normandie-morea\" target=\"_blank\" rel=\"noopener noreferrer\" data-dt-img-description=\"\"><img loading=\"lazy\" decoding=\"async\" class=\"ombre wp-image-2851 aligncenter\" src=\"https:\/\/www.essai.heurtevent.fr\/wp-content\/uploads\/2021\/06\/1-1024x768.jpg\" alt=\"chalet normandie pour 4 personnes\" width=\"178\" height=\"134\" srcset=\"https:\/\/www.essai.heurtevent.fr\/wp-content\/uploads\/2021\/06\/1-1024x768.jpg 1024w, https:\/\/www.essai.heurtevent.fr\/wp-content\/uploads\/2021\/06\/1-300x225.jpg 300w, https:\/\/www.essai.heurtevent.fr\/wp-content\/uploads\/2021\/06\/1-768x576.jpg 768w, https:\/\/www.essai.heurtevent.fr\/wp-content\/uploads\/2021\/06\/1-1536x1152.jpg 1536w, https:\/\/www.essai.heurtevent.fr\/wp-content\/uploads\/2021\/06\/1-2048x1536.jpg 2048w\" sizes=\"auto, (max-width: 178px) 100vw, 178px\" \/><\/a><\/p>\n<p>[\/vc_column_text][\/vc_column][vc_column width=&#8221;1\/6&#8243; offset=&#8221;vc_col-lg-2 vc_col-md-2 vc_col-xs-12&#8243;][vc_column_text]<\/p>\n<p style=\"text-align: center;\"><strong>Mobil home BIKINI 4 pers.<\/strong><a href=\"https:\/\/www.essai.heurtevent.fr\/locations\/mobil-home-normandie-pas-cher\" target=\"_blank\" rel=\"noopener noreferrer\" data-dt-img-description=\"\"><img loading=\"lazy\" decoding=\"async\" class=\"ombre aligncenter wp-image-2961\" src=\"https:\/\/www.essai.heurtevent.fr\/wp-content\/uploads\/2021\/07\/location-mobil-home-normandie.jpg\" alt=\"location mobil-home Normandie bikini\" width=\"178\" height=\"134\" \/><\/a><\/p>\n<p>[\/vc_column_text][\/vc_column][vc_column width=&#8221;1\/6&#8243; offset=&#8221;vc_col-lg-2 vc_col-md-2 vc_col-xs-12&#8243;][vc_column_text]<\/p>\n<p style=\"text-align: center;\"><strong>Pitch in Normandie<\/strong><\/p>\n<p style=\"text-align: center;\"><a href=\"\/camping-en-normandie\/\" target=\"_blank\" rel=\"noopener noreferrer\" data-dt-img-description=\"\"><img loading=\"lazy\" decoding=\"async\" class=\"ombre aligncenter wp-image-576\" src=\"https:\/\/www.essai.heurtevent.fr\/wp-content\/uploads\/2015\/11\/PHOTO-4-300x225.jpg\" alt=\"camping normandie\" width=\"180\" height=\"135\" srcset=\"https:\/\/www.essai.heurtevent.fr\/wp-content\/uploads\/2015\/11\/PHOTO-4-300x225.jpg 300w, https:\/\/www.essai.heurtevent.fr\/wp-content\/uploads\/2015\/11\/PHOTO-4.jpg 800w\" sizes=\"auto, (max-width: 180px) 100vw, 180px\" \/><\/a><\/p>\n<p>[\/vc_column_text][\/vc_column][\/vc_row][vc_row][vc_column][vc_empty_space][\/vc_column][\/vc_row]<\/p>\n<\/div>","protected":false},"excerpt":{"rendered":"<p>[vc_row][vc_column][vc_empty_space][vc_column_text] Mobil home\u00a0DUO 2 people [\/vc_column_text][\/vc_column][\/vc_row][vc_row][vc_column offset=&#8221;vc_col-lg-8 vc_col-md-8 vc_col-xs-12&#8243;][vc_column_text] Your\u00a0 mobil home in Normandy\u00a02 people. Your mobile home of 1 rooms for 2 people with terrace. Ideal for one for a couple of passing or for a week of holidays. Better than a hotel room and cheaper with kitchenette. mobil home with television (included) and&hellip;<\/p>\n","protected":false},"author":1,"featured_media":0,"parent":1124,"menu_order":0,"comment_status":"closed","ping_status":"closed","template":"","meta":{"footnotes":""},"class_list":["post-2140","page","type-page","status-publish","hentry","description-off"],"yoast_head":"<!-- This site is optimized with the Yoast SEO plugin v25.6 - https:\/\/yoast.com\/wordpress\/plugins\/seo\/ -->\n<title>Location normandie 2 personnes bord de seine proche le havre<\/title>\n<meta name=\"description\" content=\"Votre mobil home 2 personnes dans un beau camping 4 \u00e9toiles, le Barre Y va en haute Normandie \u00e0 moins d&#039;une heure du Havre. R\u00e9servez pour le WE !\" \/>\n<meta name=\"robots\" content=\"index, follow, max-snippet:-1, max-image-preview:large, max-video-preview:-1\" \/>\n<link rel=\"canonical\" href=\"https:\/\/www.essai.heurtevent.fr\/en\/accomodations\/mobil-home-duo\/\" \/>\n<meta property=\"og:locale\" content=\"en_US\" \/>\n<meta property=\"og:type\" content=\"article\" \/>\n<meta property=\"og:title\" content=\"Location normandie 2 personnes bord de seine proche le havre\" \/>\n<meta property=\"og:description\" content=\"Votre mobil home 2 personnes dans un beau camping 4 \u00e9toiles, le Barre Y va en haute Normandie \u00e0 moins d&#039;une heure du Havre. R\u00e9servez pour le WE !\" \/>\n<meta property=\"og:url\" content=\"https:\/\/www.essai.heurtevent.fr\/en\/accomodations\/mobil-home-duo\/\" \/>\n<meta property=\"og:site_name\" content=\"barreyva\" \/>\n<meta property=\"article:modified_time\" content=\"2024-01-04T15:24:39+00:00\" \/>\n<meta property=\"og:image\" content=\"https:\/\/www.essai.heurtevent.fr\/wp-content\/uploads\/2015\/11\/Camping-normandie.png\" \/>\n<meta name=\"twitter:card\" content=\"summary_large_image\" \/>\n<meta name=\"twitter:label1\" content=\"Est. reading time\" \/>\n\t<meta name=\"twitter:data1\" content=\"5 minutes\" \/>\n<script type=\"application\/ld+json\" class=\"yoast-schema-graph\">{\"@context\":\"https:\/\/schema.org\",\"@graph\":[{\"@type\":\"WebPage\",\"@id\":\"https:\/\/www.essai.heurtevent.fr\/en\/accomodations\/mobil-home-duo\/\",\"url\":\"https:\/\/www.essai.heurtevent.fr\/en\/accomodations\/mobil-home-duo\/\",\"name\":\"Location normandie 2 personnes bord de seine proche le havre\",\"isPartOf\":{\"@id\":\"https:\/\/www.essai.heurtevent.fr\/#website\"},\"primaryImageOfPage\":{\"@id\":\"https:\/\/www.essai.heurtevent.fr\/en\/accomodations\/mobil-home-duo\/#primaryimage\"},\"image\":{\"@id\":\"https:\/\/www.essai.heurtevent.fr\/en\/accomodations\/mobil-home-duo\/#primaryimage\"},\"thumbnailUrl\":\"https:\/\/www.essai.heurtevent.fr\/wp-content\/uploads\/2015\/11\/Camping-normandie.png\",\"datePublished\":\"2017-10-13T06:42:26+00:00\",\"dateModified\":\"2024-01-04T15:24:39+00:00\",\"description\":\"Votre mobil home 2 personnes dans un beau camping 4 \u00e9toiles, le Barre Y va en haute Normandie \u00e0 moins d'une heure du Havre. R\u00e9servez pour le WE !\",\"breadcrumb\":{\"@id\":\"https:\/\/www.essai.heurtevent.fr\/en\/accomodations\/mobil-home-duo\/#breadcrumb\"},\"inLanguage\":\"en-US\",\"potentialAction\":[{\"@type\":\"ReadAction\",\"target\":[\"https:\/\/www.essai.heurtevent.fr\/en\/accomodations\/mobil-home-duo\/\"]}]},{\"@type\":\"ImageObject\",\"inLanguage\":\"en-US\",\"@id\":\"https:\/\/www.essai.heurtevent.fr\/en\/accomodations\/mobil-home-duo\/#primaryimage\",\"url\":\"https:\/\/www.essai.heurtevent.fr\/wp-content\/uploads\/2015\/11\/Camping-normandie.png\",\"contentUrl\":\"https:\/\/www.essai.heurtevent.fr\/wp-content\/uploads\/2015\/11\/Camping-normandie.png\"},{\"@type\":\"BreadcrumbList\",\"@id\":\"https:\/\/www.essai.heurtevent.fr\/en\/accomodations\/mobil-home-duo\/#breadcrumb\",\"itemListElement\":[{\"@type\":\"ListItem\",\"position\":1,\"name\":\"Accueil\",\"item\":\"https:\/\/www.essai.heurtevent.fr\/en\/\"},{\"@type\":\"ListItem\",\"position\":2,\"name\":\"Accomodations\",\"item\":\"https:\/\/www.essai.heurtevent.fr\/en\/accomodations\/\"},{\"@type\":\"ListItem\",\"position\":3,\"name\":\"Mobil home DUO\"}]},{\"@type\":\"WebSite\",\"@id\":\"https:\/\/www.essai.heurtevent.fr\/#website\",\"url\":\"https:\/\/www.essai.heurtevent.fr\/\",\"name\":\"barreyva\",\"description\":\"camping normandie\",\"potentialAction\":[{\"@type\":\"SearchAction\",\"target\":{\"@type\":\"EntryPoint\",\"urlTemplate\":\"https:\/\/www.essai.heurtevent.fr\/?s={search_term_string}\"},\"query-input\":{\"@type\":\"PropertyValueSpecification\",\"valueRequired\":true,\"valueName\":\"search_term_string\"}}],\"inLanguage\":\"en-US\"}]}<\/script>\n<!-- \/ Yoast SEO plugin. -->","yoast_head_json":{"title":"Location normandie 2 personnes bord de seine proche le havre","description":"Votre mobil home 2 personnes dans un beau camping 4 \u00e9toiles, le Barre Y va en haute Normandie \u00e0 moins d'une heure du Havre. R\u00e9servez pour le WE !","robots":{"index":"index","follow":"follow","max-snippet":"max-snippet:-1","max-image-preview":"max-image-preview:large","max-video-preview":"max-video-preview:-1"},"canonical":"https:\/\/www.essai.heurtevent.fr\/en\/accomodations\/mobil-home-duo\/","og_locale":"en_US","og_type":"article","og_title":"Location normandie 2 personnes bord de seine proche le havre","og_description":"Votre mobil home 2 personnes dans un beau camping 4 \u00e9toiles, le Barre Y va en haute Normandie \u00e0 moins d'une heure du Havre. R\u00e9servez pour le WE !","og_url":"https:\/\/www.essai.heurtevent.fr\/en\/accomodations\/mobil-home-duo\/","og_site_name":"barreyva","article_modified_time":"2024-01-04T15:24:39+00:00","og_image":[{"url":"https:\/\/www.essai.heurtevent.fr\/wp-content\/uploads\/2015\/11\/Camping-normandie.png","type":"","width":"","height":""}],"twitter_card":"summary_large_image","twitter_misc":{"Est. reading time":"5 minutes"},"schema":{"@context":"https:\/\/schema.org","@graph":[{"@type":"WebPage","@id":"https:\/\/www.essai.heurtevent.fr\/en\/accomodations\/mobil-home-duo\/","url":"https:\/\/www.essai.heurtevent.fr\/en\/accomodations\/mobil-home-duo\/","name":"Location normandie 2 personnes bord de seine proche le havre","isPartOf":{"@id":"https:\/\/www.essai.heurtevent.fr\/#website"},"primaryImageOfPage":{"@id":"https:\/\/www.essai.heurtevent.fr\/en\/accomodations\/mobil-home-duo\/#primaryimage"},"image":{"@id":"https:\/\/www.essai.heurtevent.fr\/en\/accomodations\/mobil-home-duo\/#primaryimage"},"thumbnailUrl":"https:\/\/www.essai.heurtevent.fr\/wp-content\/uploads\/2015\/11\/Camping-normandie.png","datePublished":"2017-10-13T06:42:26+00:00","dateModified":"2024-01-04T15:24:39+00:00","description":"Votre mobil home 2 personnes dans un beau camping 4 \u00e9toiles, le Barre Y va en haute Normandie \u00e0 moins d'une heure du Havre. R\u00e9servez pour le WE !","breadcrumb":{"@id":"https:\/\/www.essai.heurtevent.fr\/en\/accomodations\/mobil-home-duo\/#breadcrumb"},"inLanguage":"en-US","potentialAction":[{"@type":"ReadAction","target":["https:\/\/www.essai.heurtevent.fr\/en\/accomodations\/mobil-home-duo\/"]}]},{"@type":"ImageObject","inLanguage":"en-US","@id":"https:\/\/www.essai.heurtevent.fr\/en\/accomodations\/mobil-home-duo\/#primaryimage","url":"https:\/\/www.essai.heurtevent.fr\/wp-content\/uploads\/2015\/11\/Camping-normandie.png","contentUrl":"https:\/\/www.essai.heurtevent.fr\/wp-content\/uploads\/2015\/11\/Camping-normandie.png"},{"@type":"BreadcrumbList","@id":"https:\/\/www.essai.heurtevent.fr\/en\/accomodations\/mobil-home-duo\/#breadcrumb","itemListElement":[{"@type":"ListItem","position":1,"name":"Accueil","item":"https:\/\/www.essai.heurtevent.fr\/en\/"},{"@type":"ListItem","position":2,"name":"Accomodations","item":"https:\/\/www.essai.heurtevent.fr\/en\/accomodations\/"},{"@type":"ListItem","position":3,"name":"Mobil home DUO"}]},{"@type":"WebSite","@id":"https:\/\/www.essai.heurtevent.fr\/#website","url":"https:\/\/www.essai.heurtevent.fr\/","name":"barreyva","description":"camping normandie","potentialAction":[{"@type":"SearchAction","target":{"@type":"EntryPoint","urlTemplate":"https:\/\/www.essai.heurtevent.fr\/?s={search_term_string}"},"query-input":{"@type":"PropertyValueSpecification","valueRequired":true,"valueName":"search_term_string"}}],"inLanguage":"en-US"}]}},"_links":{"self":[{"href":"https:\/\/www.essai.heurtevent.fr\/en\/wp-json\/wp\/v2\/pages\/2140","targetHints":{"allow":["GET"]}}],"collection":[{"href":"https:\/\/www.essai.heurtevent.fr\/en\/wp-json\/wp\/v2\/pages"}],"about":[{"href":"https:\/\/www.essai.heurtevent.fr\/en\/wp-json\/wp\/v2\/types\/page"}],"author":[{"embeddable":true,"href":"https:\/\/www.essai.heurtevent.fr\/en\/wp-json\/wp\/v2\/users\/1"}],"replies":[{"embeddable":true,"href":"https:\/\/www.essai.heurtevent.fr\/en\/wp-json\/wp\/v2\/comments?post=2140"}],"version-history":[{"count":3,"href":"https:\/\/www.essai.heurtevent.fr\/en\/wp-json\/wp\/v2\/pages\/2140\/revisions"}],"predecessor-version":[{"id":3478,"href":"https:\/\/www.essai.heurtevent.fr\/en\/wp-json\/wp\/v2\/pages\/2140\/revisions\/3478"}],"up":[{"embeddable":true,"href":"https:\/\/www.essai.heurtevent.fr\/en\/wp-json\/wp\/v2\/pages\/1124"}],"wp:attachment":[{"href":"https:\/\/www.essai.heurtevent.fr\/en\/wp-json\/wp\/v2\/media?parent=2140"}],"curies":[{"name":"wp","href":"https:\/\/api.w.org\/{rel}","templated":true}]}}